{"id":10177,"date":"2014-06-12T08:12:52","date_gmt":"2014-06-12T08:12:52","guid":{"rendered":"http:\/\/kilians.wpengine.com\/?page_id=10177"},"modified":"2014-06-12T08:12:52","modified_gmt":"2014-06-12T08:12:52","slug":"agm-2014-meetingzusammenfassung","status":"publish","type":"page","link":"https:\/\/www.kilians.com\/de\/agm-2014-meetingzusammenfassung\/","title":{"rendered":"AGM 2014 &#8211; Meetingzusammenfassung"},"content":{"rendered":"<p>Am Mittwoch, den 14. Mai fand das j\u00e4hrliche Meeting des Deutschen Schulvereins Ltd. in St. Kilian\u2019s statt.<\/p>\n<p>Aislinn O\u2019Farrell,\u00a0Susan Byrne,\u00a0Tanja Junghenn und\u00a0David Walley traten aus dem Vorstand aus. Wir danken ihnen f\u00fcr ihren gro\u00dfen Einsatz, der zum Erfolg der Schule beitrug. Als neue Mitglieder des Vorstandes begr\u00fc\u00dfen wir Orina Belton,\u00a0Friederike von B\u00fcnau,\u00a0Dorothee Schmid,\u00a0Conn Clissmann und\u00a0Jorn Dobberstein.\u00a0<\/p>\n<p>Hier k\u00f6nnen Sie dir Rede der Schulleiterin Ms Alice Lynch ansehen:\u00a0<\/p>\n<p>[bitsontherun wJ8dlaq3]<\/p>\n","protected":false},"excerpt":{"rendered":"<p>Am Mittwoch, den 14. Mai fand das j\u00e4hrliche Meeting des Deutschen Schulvereins Ltd. in St. Kilian\u2019s statt. Aislinn O\u2019Farrell,\u00a0Susan Byrne,\u00a0Tanja Junghenn und\u00a0David Walley traten aus&#8230; <a class=\"find-out-more-link\" href=\"https:\/\/www.kilians.com\/de\/agm-2014-meetingzusammenfassung\/\">Weiterlesen<\/a> <\/p>\n","protected":false},"author":1,"featured_media":0,"parent":0,"menu_order":67,"comment_status":"closed","ping_status":"closed","template":"","meta":{"footnotes":""},"class_list":{"0":"post-10177","1":"page","2":"type-page","3":"status-publish","5":"entry"},"yoast_head":"<!-- This site is optimized with the Yoast SEO plugin v17.2.1 - https:\/\/yoast.com\/wordpress\/plugins\/seo\/ -->\n<meta name=\"robots\" content=\"index, follow, max-snippet:-1, max-image-preview:large, max-video-preview:-1\" \/>\n<link rel=\"canonical\" href=\"https:\/\/www.kilians.com\/de\/agm-2014-meetingzusammenfassung\/\" \/>\n<meta property=\"og:locale\" content=\"de_DE\" \/>\n<meta property=\"og:type\" content=\"article\" \/>\n<meta property=\"og:title\" content=\"AGM 2014 - Meetingzusammenfassung - St. Kilian&#039;s German School, Dublin\" \/>\n<meta property=\"og:description\" content=\"Am Mittwoch, den 14. Mai fand das j\u00e4hrliche Meeting des Deutschen Schulvereins Ltd. in St. Kilian\u2019s statt. Aislinn O\u2019Farrell,\u00a0Susan Byrne,\u00a0Tanja Junghenn und\u00a0David Walley traten aus... Weiterlesen\" \/>\n<meta property=\"og:url\" content=\"https:\/\/www.kilians.com\/de\/agm-2014-meetingzusammenfassung\/\" \/>\n<meta property=\"og:site_name\" content=\"St. Kilian&#039;s German School, Dublin\" \/>\n<meta name=\"twitter:card\" content=\"summary\" \/>\n<script type=\"application\/ld+json\" class=\"yoast-schema-graph\">{\"@context\":\"https:\/\/schema.org\",\"@graph\":[{\"@type\":\"Organization\",\"@id\":\"https:\/\/www.kilians.com\/#organization\",\"name\":\"St. Kilian's\",\"url\":\"https:\/\/www.kilians.com\/\",\"sameAs\":[],\"logo\":{\"@type\":\"ImageObject\",\"@id\":\"https:\/\/www.kilians.com\/#logo\",\"inLanguage\":\"de-DE\",\"url\":\"https:\/\/www.kilians.com\/wp-content\/uploads\/2017\/02\/StKilians_MasterLogo_Colour-1.png\",\"contentUrl\":\"https:\/\/www.kilians.com\/wp-content\/uploads\/2017\/02\/StKilians_MasterLogo_Colour-1.png\",\"width\":768,\"height\":1240,\"caption\":\"St. Kilian's\"},\"image\":{\"@id\":\"https:\/\/www.kilians.com\/#logo\"}},{\"@type\":\"WebSite\",\"@id\":\"https:\/\/www.kilians.com\/#website\",\"url\":\"https:\/\/www.kilians.com\/\",\"name\":\"St. Kilian&#039;s German School, Dublin\",\"description\":\"\",\"publisher\":{\"@id\":\"https:\/\/www.kilians.com\/#organization\"},\"potentialAction\":[{\"@type\":\"SearchAction\",\"target\":{\"@type\":\"EntryPoint\",\"urlTemplate\":\"https:\/\/www.kilians.com\/?s={search_term_string}\"},\"query-input\":\"required name=search_term_string\"}],\"inLanguage\":\"de-DE\"},{\"@type\":\"WebPage\",\"@id\":\"https:\/\/www.kilians.com\/de\/agm-2014-meetingzusammenfassung\/#webpage\",\"url\":\"https:\/\/www.kilians.com\/de\/agm-2014-meetingzusammenfassung\/\",\"name\":\"AGM 2014 - Meetingzusammenfassung - St. Kilian&#039;s German School, Dublin\",\"isPartOf\":{\"@id\":\"https:\/\/www.kilians.com\/#website\"},\"datePublished\":\"2014-06-12T08:12:52+00:00\",\"dateModified\":\"2014-06-12T08:12:52+00:00\",\"breadcrumb\":{\"@id\":\"https:\/\/www.kilians.com\/de\/agm-2014-meetingzusammenfassung\/#breadcrumb\"},\"inLanguage\":\"de-DE\",\"potentialAction\":[{\"@type\":\"ReadAction\",\"target\":[\"https:\/\/www.kilians.com\/de\/agm-2014-meetingzusammenfassung\/\"]}]},{\"@type\":\"BreadcrumbList\",\"@id\":\"https:\/\/www.kilians.com\/de\/agm-2014-meetingzusammenfassung\/#breadcrumb\",\"itemListElement\":[{\"@type\":\"ListItem\",\"position\":1,\"name\":\"Home\",\"item\":\"https:\/\/www.kilians.com\/de\/\"},{\"@type\":\"ListItem\",\"position\":2,\"name\":\"AGM 2014 &#8211; Meetingzusammenfassung\"}]}]}<\/script>\n<!-- \/ Yoast SEO plugin. -->","yoast_head_json":{"robots":{"index":"index","follow":"follow","max-snippet":"max-snippet:-1","max-image-preview":"max-image-preview:large","max-video-preview":"max-video-preview:-1"},"canonical":"https:\/\/www.kilians.com\/de\/agm-2014-meetingzusammenfassung\/","og_locale":"de_DE","og_type":"article","og_title":"AGM 2014 - Meetingzusammenfassung - St. Kilian&#039;s German School, Dublin","og_description":"Am Mittwoch, den 14. Mai fand das j\u00e4hrliche Meeting des Deutschen Schulvereins Ltd. in St. Kilian\u2019s statt. Aislinn O\u2019Farrell,\u00a0Susan Byrne,\u00a0Tanja Junghenn und\u00a0David Walley traten aus... Weiterlesen","og_url":"https:\/\/www.kilians.com\/de\/agm-2014-meetingzusammenfassung\/","og_site_name":"St. Kilian&#039;s German School, Dublin","twitter_card":"summary","schema":{"@context":"https:\/\/schema.org","@graph":[{"@type":"Organization","@id":"https:\/\/www.kilians.com\/#organization","name":"St. Kilian's","url":"https:\/\/www.kilians.com\/","sameAs":[],"logo":{"@type":"ImageObject","@id":"https:\/\/www.kilians.com\/#logo","inLanguage":"de-DE","url":"https:\/\/www.kilians.com\/wp-content\/uploads\/2017\/02\/StKilians_MasterLogo_Colour-1.png","contentUrl":"https:\/\/www.kilians.com\/wp-content\/uploads\/2017\/02\/StKilians_MasterLogo_Colour-1.png","width":768,"height":1240,"caption":"St. Kilian's"},"image":{"@id":"https:\/\/www.kilians.com\/#logo"}},{"@type":"WebSite","@id":"https:\/\/www.kilians.com\/#website","url":"https:\/\/www.kilians.com\/","name":"St. Kilian&#039;s German School, Dublin","description":"","publisher":{"@id":"https:\/\/www.kilians.com\/#organization"},"potentialAction":[{"@type":"SearchAction","target":{"@type":"EntryPoint","urlTemplate":"https:\/\/www.kilians.com\/?s={search_term_string}"},"query-input":"required name=search_term_string"}],"inLanguage":"de-DE"},{"@type":"WebPage","@id":"https:\/\/www.kilians.com\/de\/agm-2014-meetingzusammenfassung\/#webpage","url":"https:\/\/www.kilians.com\/de\/agm-2014-meetingzusammenfassung\/","name":"AGM 2014 - Meetingzusammenfassung - St. Kilian&#039;s German School, Dublin","isPartOf":{"@id":"https:\/\/www.kilians.com\/#website"},"datePublished":"2014-06-12T08:12:52+00:00","dateModified":"2014-06-12T08:12:52+00:00","breadcrumb":{"@id":"https:\/\/www.kilians.com\/de\/agm-2014-meetingzusammenfassung\/#breadcrumb"},"inLanguage":"de-DE","potentialAction":[{"@type":"ReadAction","target":["https:\/\/www.kilians.com\/de\/agm-2014-meetingzusammenfassung\/"]}]},{"@type":"BreadcrumbList","@id":"https:\/\/www.kilians.com\/de\/agm-2014-meetingzusammenfassung\/#breadcrumb","itemListElement":[{"@type":"ListItem","position":1,"name":"Home","item":"https:\/\/www.kilians.com\/de\/"},{"@type":"ListItem","position":2,"name":"AGM 2014 &#8211; Meetingzusammenfassung"}]}]}},"_links":{"self":[{"href":"https:\/\/www.kilians.com\/de\/wp-json\/wp\/v2\/pages\/10177\/"}],"collection":[{"href":"https:\/\/www.kilians.com\/de\/wp-json\/wp\/v2\/pages\/"}],"about":[{"href":"https:\/\/www.kilians.com\/de\/wp-json\/wp\/v2\/types\/page\/"}],"author":[{"embeddable":true,"href":"https:\/\/www.kilians.com\/de\/wp-json\/wp\/v2\/users\/1\/"}],"replies":[{"embeddable":true,"href":"https:\/\/www.kilians.com\/de\/wp-json\/wp\/v2\/comments\/?post=10177"}],"version-history":[{"count":0,"href":"https:\/\/www.kilians.com\/de\/wp-json\/wp\/v2\/pages\/10177\/revisions\/"}],"wp:attachment":[{"href":"https:\/\/www.kilians.com\/de\/wp-json\/wp\/v2\/media\/?parent=10177"}],"curies":[{"name":"wp","href":"https:\/\/api.w.org\/{rel}","templated":true}]}}