{"id":12365,"date":"2015-01-15T13:41:07","date_gmt":"2015-01-15T13:41:07","guid":{"rendered":"http:\/\/kilians.wpengine.com\/?page_id=12365"},"modified":"2015-01-15T13:58:10","modified_gmt":"2015-01-15T13:58:10","slug":"jugend-musiziert-20142015","status":"publish","type":"page","link":"https:\/\/www.kilians.com\/de\/jugend-musiziert-20142015\/","title":{"rendered":"Jugend musiziert 2014\/2015"},"content":{"rendered":"<p><a href=\"http:\/\/kilians.wpengine.com\/wp-content\/uploads\/2015\/01\/Kimu_Jumu-Poster-2015.jpg\"><img loading=\"lazy\" decoding=\"async\" class=\"  wp-image-12269 alignright\" src=\"http:\/\/kilians.wpengine.com\/wp-content\/uploads\/2015\/01\/Kimu_Jumu-Poster-2015.jpg\" alt=\"Kimu_Jumu Poster 2015\" width=\"258\" height=\"361\" \/><\/a>Jedes Jahr nimmt St Kilian\u2019s an diesem musikalischen Ereignis teil. Es handelt sich dabei um einen Wettbewerb, der von dem Deutschen Musikrat in M\u00fcnchen organisiert wird. Sch\u00fcler k\u00f6nnen dabei \u00fcber mehrere Runden hinweg in einer Reihe von Kategorien \u2013 von Klassik zu Pop \u2013 ihre F\u00e4higkeiten unter Beweis stellen und sich mit den Sch\u00fclern anderer Musikschulen in Deutschland messen. In den letzten Jahren haben unsere Sch\u00fcler von Kilian\u00b4s und vom Eurocampus in diesem Wettbewerb herausragende Ergebnisse erzielt. Die Veranstaltung in Dublin wird von Frau Barbara Davitt und Herrn Daithi O\u2019Driscoll organisiert, die sich auch um unsere Sch\u00fcler in den weiteren Runden, die im Ausland stattfinden, k\u00fcmmern.<\/p>\n<p>Die Teilnehmer an diesem Wettbewerb kommen aus 17 Deutschen Schulen in Nord- und Osteuropa, aus Paris, London, Helsinki, Oslo, Stockholm, Kopenhagen, Tallinn, Prag, Budapest, Moskau und Sofia \u2013 und nat\u00fcrlich aus Dublin. Interessenten sollten sich mit Frau Davitt in Kontakt setzen.<\/p>\n<p>In diesem Jahr haben wir zus\u00e4tzlich eine neue Kategorie, n\u00e4mlich die Kategorie &#8220;<em>Vocal Ensemble (Pop)<\/em>&#8220;. Bitte sehen Sie hier die Teilnahmebedingungen [download id=&#8221;357&#8221;]<br \/>\nDiese Kategorie wurde zum ersten Mal in der Nord-Ost-Europa Region, zu der auch die St. Kilian&#8217;s Schule geh\u00f6rt, eingef\u00fchrt.<br \/>\nIn diesem Jahr k\u00f6nnen nur die S\u00e4nger an der zweiten Runde in Paris teilnehmen, die mit anderen S\u00e4nger zusammen im Ensemble singen werden.<\/p>\n<p>&nbsp;<\/p>\n<p><strong>Jugend musiziert<\/strong><\/p>\n<p>[download id=&#8221;365&#8243;] [download id=&#8221;356&#8243;]<\/p>\n<p><strong>Anmeldeschluss ist der 28. November 2014.<br \/>\n<\/strong><\/p>\n<p>&nbsp;<\/p>\n<p><strong>Kinder <\/strong><strong>musizieren<\/strong><\/p>\n<p>\u201cKinder musizieren\u201d ist ein Wettbewerb f\u00fcr alle Sch\u00fcler in unserer Schule, die zu jung sind, um die Anforderungen f\u00fcr die Teilnahme am Hauptwettbewerb zu erf\u00fcllen.<\/p>\n<p>Hier k\u00f6nnen alle Informationen und die Anmeldeformulare heruntergeladen werden.<\/p>\n<p>[download id=&#8221;365&#8243;] [download id=&#8221;116&#8243;]<\/p>\n<p><strong>Anmeldeschluss ist der 28. November 2014.<\/strong><\/p>\n<p>&nbsp;<\/p>\n<h3 style=\"text-align: left;\"><a href=\"http:\/\/kilians.wpengine.com\/wp-content\/uploads\/2013\/09\/jumu.png\"><img loading=\"lazy\" decoding=\"async\" class=\"  wp-image-8876 alignnone\" src=\"http:\/\/kilians.wpengine.com\/wp-content\/uploads\/2013\/09\/jumu.png\" alt=\"Jugend Musiziert\" width=\"58\" height=\"58\" srcset=\"https:\/\/www.kilians.com\/wp-content\/uploads\/2013\/09\/jumu.png 170w, https:\/\/www.kilians.com\/wp-content\/uploads\/2013\/09\/jumu-150x150.png 150w\" sizes=\"auto, (max-width: 58px) 100vw, 58px\" \/><\/a><\/h3>\n<p>Nachfolgend finden Sie wichtige Daten und Informationen zum diesj\u00e4hrigen Wettbewerb.<\/p>\n<table style=\"height: 234px;\" width=\"895\">\n<tbody>\n<tr>\n<td><strong>Event<\/strong><\/td>\n<td><strong>Date\/Time<\/strong><\/td>\n<td><strong>Venue<\/strong><\/td>\n<\/tr>\n<tr>\n<td>Kinder musizieren<\/td>\n<td>22. Januar 2015, 15 Uhr<\/td>\n<td>Musikraum<\/td>\n<\/tr>\n<tr>\n<td>Jugend musiziert\/Klassik<\/td>\n<td>23. Januar 2015, 10 Uhr<\/td>\n<td>Musikraum<\/td>\n<\/tr>\n<tr>\n<td>Mittagessen f\u00fcr all Jumu Teilnehmer<\/td>\n<td>23. January 2015, 13 Uhr<\/td>\n<td>Kantine<\/td>\n<\/tr>\n<tr>\n<td>Jugend musiziert\/Popular Musik<\/td>\n<td>23. January 2015, 14 Uhr<\/td>\n<td>Eingangshalle<\/td>\n<\/tr>\n<tr>\n<td>Konzert (Preistr\u00e4ger des letzten Jahres,<br \/>\ndie diesj\u00e4hrigen Gewinner und Gastauftritte)<\/td>\n<td>23. Januar 2015, 19:30 Uhr<\/td>\n<td>Eingangshalle &#8211; Empfang<br \/>\norganisiert von der Deutschen Botschaft<\/td>\n<\/tr>\n<\/tbody>\n<\/table>\n<h3 style=\"text-align: left;\"><\/h3>\n<h3 style=\"text-align: left;\">Jeder ist herzlich eingeladen!\u00a0<strong>\u00a0<\/strong><\/h3>\n<p>Die genauen Wettbewerbszeiten der Teilnehmer werden am Infoboard in der Assembly am Donnerstag, den 22. Januar ab Mittag\u00a0 11 Uhr ausgeh\u00e4ngt.<br \/>\nDer Soundcheck f\u00fcr alle Popmusiker findet am Freitagvormittag in der Assembly statt \u2013 first come first served. Die genaue Uhrzeit wird zeitnah bekanntgegeben.<\/p>\n","protected":false},"excerpt":{"rendered":"<p>Jedes Jahr nimmt St Kilian\u2019s an diesem musikalischen Ereignis teil. Es handelt sich dabei um einen Wettbewerb, der von dem Deutschen Musikrat in M\u00fcnchen organisiert&#8230; <a class=\"find-out-more-link\" href=\"https:\/\/www.kilians.com\/de\/jugend-musiziert-20142015\/\">Weiterlesen<\/a> <\/p>\n","protected":false},"author":1,"featured_media":0,"parent":0,"menu_order":0,"comment_status":"closed","ping_status":"closed","template":"","meta":{"footnotes":""},"class_list":{"0":"post-12365","1":"page","2":"type-page","3":"status-publish","5":"entry"},"yoast_head":"<!-- This site is optimized with the Yoast SEO plugin v17.2.1 - https:\/\/yoast.com\/wordpress\/plugins\/seo\/ -->\n<meta name=\"robots\" content=\"index, follow, max-snippet:-1, max-image-preview:large, max-video-preview:-1\" \/>\n<link rel=\"canonical\" href=\"https:\/\/www.kilians.com\/de\/jugend-musiziert-20142015\/\" \/>\n<meta property=\"og:locale\" content=\"de_DE\" \/>\n<meta property=\"og:type\" content=\"article\" \/>\n<meta property=\"og:title\" content=\"Jugend musiziert 2014\/2015 - St. Kilian&#039;s German School, Dublin\" \/>\n<meta property=\"og:description\" content=\"Jedes Jahr nimmt St Kilian\u2019s an diesem musikalischen Ereignis teil. Es handelt sich dabei um einen Wettbewerb, der von dem Deutschen Musikrat in M\u00fcnchen organisiert... Weiterlesen\" \/>\n<meta property=\"og:url\" content=\"https:\/\/www.kilians.com\/de\/jugend-musiziert-20142015\/\" \/>\n<meta property=\"og:site_name\" content=\"St. Kilian&#039;s German School, Dublin\" \/>\n<meta property=\"article:modified_time\" content=\"2015-01-15T13:58:10+00:00\" \/>\n<meta property=\"og:image\" content=\"http:\/\/kilians.wpengine.com\/wp-content\/uploads\/2015\/01\/Kimu_Jumu-Poster-2015.jpg\" \/>\n<meta name=\"twitter:card\" content=\"summary\" \/>\n<meta name=\"twitter:label1\" content=\"Gesch\u00e4tzte Lesezeit\" \/>\n\t<meta name=\"twitter:data1\" content=\"2 minutes\" \/>\n<script type=\"application\/ld+json\" class=\"yoast-schema-graph\">{\"@context\":\"https:\/\/schema.org\",\"@graph\":[{\"@type\":\"Organization\",\"@id\":\"https:\/\/www.kilians.com\/#organization\",\"name\":\"St. Kilian's\",\"url\":\"https:\/\/www.kilians.com\/\",\"sameAs\":[],\"logo\":{\"@type\":\"ImageObject\",\"@id\":\"https:\/\/www.kilians.com\/#logo\",\"inLanguage\":\"de-DE\",\"url\":\"https:\/\/www.kilians.com\/wp-content\/uploads\/2017\/02\/StKilians_MasterLogo_Colour-1.png\",\"contentUrl\":\"https:\/\/www.kilians.com\/wp-content\/uploads\/2017\/02\/StKilians_MasterLogo_Colour-1.png\",\"width\":768,\"height\":1240,\"caption\":\"St. Kilian's\"},\"image\":{\"@id\":\"https:\/\/www.kilians.com\/#logo\"}},{\"@type\":\"WebSite\",\"@id\":\"https:\/\/www.kilians.com\/#website\",\"url\":\"https:\/\/www.kilians.com\/\",\"name\":\"St. Kilian&#039;s German School, Dublin\",\"description\":\"\",\"publisher\":{\"@id\":\"https:\/\/www.kilians.com\/#organization\"},\"potentialAction\":[{\"@type\":\"SearchAction\",\"target\":{\"@type\":\"EntryPoint\",\"urlTemplate\":\"https:\/\/www.kilians.com\/?s={search_term_string}\"},\"query-input\":\"required name=search_term_string\"}],\"inLanguage\":\"de-DE\"},{\"@type\":\"ImageObject\",\"@id\":\"https:\/\/www.kilians.com\/de\/jugend-musiziert-20142015\/#primaryimage\",\"inLanguage\":\"de-DE\",\"url\":\"http:\/\/kilians.wpengine.com\/wp-content\/uploads\/2015\/01\/Kimu_Jumu-Poster-2015.jpg\",\"contentUrl\":\"http:\/\/kilians.wpengine.com\/wp-content\/uploads\/2015\/01\/Kimu_Jumu-Poster-2015.jpg\"},{\"@type\":\"WebPage\",\"@id\":\"https:\/\/www.kilians.com\/de\/jugend-musiziert-20142015\/#webpage\",\"url\":\"https:\/\/www.kilians.com\/de\/jugend-musiziert-20142015\/\",\"name\":\"Jugend musiziert 2014\/2015 - St. Kilian&#039;s German School, Dublin\",\"isPartOf\":{\"@id\":\"https:\/\/www.kilians.com\/#website\"},\"primaryImageOfPage\":{\"@id\":\"https:\/\/www.kilians.com\/de\/jugend-musiziert-20142015\/#primaryimage\"},\"datePublished\":\"2015-01-15T13:41:07+00:00\",\"dateModified\":\"2015-01-15T13:58:10+00:00\",\"breadcrumb\":{\"@id\":\"https:\/\/www.kilians.com\/de\/jugend-musiziert-20142015\/#breadcrumb\"},\"inLanguage\":\"de-DE\",\"potentialAction\":[{\"@type\":\"ReadAction\",\"target\":[\"https:\/\/www.kilians.com\/de\/jugend-musiziert-20142015\/\"]}]},{\"@type\":\"BreadcrumbList\",\"@id\":\"https:\/\/www.kilians.com\/de\/jugend-musiziert-20142015\/#breadcrumb\",\"itemListElement\":[{\"@type\":\"ListItem\",\"position\":1,\"name\":\"Home\",\"item\":\"https:\/\/www.kilians.com\/de\/\"},{\"@type\":\"ListItem\",\"position\":2,\"name\":\"Jugend musiziert 2014\/2015\"}]}]}<\/script>\n<!-- \/ Yoast SEO plugin. -->","yoast_head_json":{"robots":{"index":"index","follow":"follow","max-snippet":"max-snippet:-1","max-image-preview":"max-image-preview:large","max-video-preview":"max-video-preview:-1"},"canonical":"https:\/\/www.kilians.com\/de\/jugend-musiziert-20142015\/","og_locale":"de_DE","og_type":"article","og_title":"Jugend musiziert 2014\/2015 - St. Kilian&#039;s German School, Dublin","og_description":"Jedes Jahr nimmt St Kilian\u2019s an diesem musikalischen Ereignis teil. Es handelt sich dabei um einen Wettbewerb, der von dem Deutschen Musikrat in M\u00fcnchen organisiert... Weiterlesen","og_url":"https:\/\/www.kilians.com\/de\/jugend-musiziert-20142015\/","og_site_name":"St. Kilian&#039;s German School, Dublin","article_modified_time":"2015-01-15T13:58:10+00:00","og_image":[{"url":"http:\/\/kilians.wpengine.com\/wp-content\/uploads\/2015\/01\/Kimu_Jumu-Poster-2015.jpg"}],"twitter_card":"summary","twitter_misc":{"Gesch\u00e4tzte Lesezeit":"2 minutes"},"schema":{"@context":"https:\/\/schema.org","@graph":[{"@type":"Organization","@id":"https:\/\/www.kilians.com\/#organization","name":"St. Kilian's","url":"https:\/\/www.kilians.com\/","sameAs":[],"logo":{"@type":"ImageObject","@id":"https:\/\/www.kilians.com\/#logo","inLanguage":"de-DE","url":"https:\/\/www.kilians.com\/wp-content\/uploads\/2017\/02\/StKilians_MasterLogo_Colour-1.png","contentUrl":"https:\/\/www.kilians.com\/wp-content\/uploads\/2017\/02\/StKilians_MasterLogo_Colour-1.png","width":768,"height":1240,"caption":"St. Kilian's"},"image":{"@id":"https:\/\/www.kilians.com\/#logo"}},{"@type":"WebSite","@id":"https:\/\/www.kilians.com\/#website","url":"https:\/\/www.kilians.com\/","name":"St. Kilian&#039;s German School, Dublin","description":"","publisher":{"@id":"https:\/\/www.kilians.com\/#organization"},"potentialAction":[{"@type":"SearchAction","target":{"@type":"EntryPoint","urlTemplate":"https:\/\/www.kilians.com\/?s={search_term_string}"},"query-input":"required name=search_term_string"}],"inLanguage":"de-DE"},{"@type":"ImageObject","@id":"https:\/\/www.kilians.com\/de\/jugend-musiziert-20142015\/#primaryimage","inLanguage":"de-DE","url":"http:\/\/kilians.wpengine.com\/wp-content\/uploads\/2015\/01\/Kimu_Jumu-Poster-2015.jpg","contentUrl":"http:\/\/kilians.wpengine.com\/wp-content\/uploads\/2015\/01\/Kimu_Jumu-Poster-2015.jpg"},{"@type":"WebPage","@id":"https:\/\/www.kilians.com\/de\/jugend-musiziert-20142015\/#webpage","url":"https:\/\/www.kilians.com\/de\/jugend-musiziert-20142015\/","name":"Jugend musiziert 2014\/2015 - St. Kilian&#039;s German School, Dublin","isPartOf":{"@id":"https:\/\/www.kilians.com\/#website"},"primaryImageOfPage":{"@id":"https:\/\/www.kilians.com\/de\/jugend-musiziert-20142015\/#primaryimage"},"datePublished":"2015-01-15T13:41:07+00:00","dateModified":"2015-01-15T13:58:10+00:00","breadcrumb":{"@id":"https:\/\/www.kilians.com\/de\/jugend-musiziert-20142015\/#breadcrumb"},"inLanguage":"de-DE","potentialAction":[{"@type":"ReadAction","target":["https:\/\/www.kilians.com\/de\/jugend-musiziert-20142015\/"]}]},{"@type":"BreadcrumbList","@id":"https:\/\/www.kilians.com\/de\/jugend-musiziert-20142015\/#breadcrumb","itemListElement":[{"@type":"ListItem","position":1,"name":"Home","item":"https:\/\/www.kilians.com\/de\/"},{"@type":"ListItem","position":2,"name":"Jugend musiziert 2014\/2015"}]}]}},"_links":{"self":[{"href":"https:\/\/www.kilians.com\/de\/wp-json\/wp\/v2\/pages\/12365\/"}],"collection":[{"href":"https:\/\/www.kilians.com\/de\/wp-json\/wp\/v2\/pages\/"}],"about":[{"href":"https:\/\/www.kilians.com\/de\/wp-json\/wp\/v2\/types\/page\/"}],"author":[{"embeddable":true,"href":"https:\/\/www.kilians.com\/de\/wp-json\/wp\/v2\/users\/1\/"}],"replies":[{"embeddable":true,"href":"https:\/\/www.kilians.com\/de\/wp-json\/wp\/v2\/comments\/?post=12365"}],"version-history":[{"count":0,"href":"https:\/\/www.kilians.com\/de\/wp-json\/wp\/v2\/pages\/12365\/revisions\/"}],"wp:attachment":[{"href":"https:\/\/www.kilians.com\/de\/wp-json\/wp\/v2\/media\/?parent=12365"}],"curies":[{"name":"wp","href":"https:\/\/api.w.org\/{rel}","templated":true}]}}