{"id":19539,"date":"2016-10-17T22:54:25","date_gmt":"2016-10-17T22:54:25","guid":{"rendered":"http:\/\/kilians.wpengine.com\/de\/admissions\/"},"modified":"2026-03-27T09:57:11","modified_gmt":"2026-03-27T09:57:11","slug":"anmeldung","status":"publish","type":"page","link":"https:\/\/www.kilians.com\/de\/anmeldung\/","title":{"rendered":"Anmeldung"},"content":{"rendered":"\n<h3 class=\"wp-block-heading\">Fragen?<\/h3>\n\n\n\n<p><\/p>\n\n\n\n<p>F\u00fcr Fragen bez\u00fcglich der Aufnahme Ihres Kindes in unseren Kindergarten, Grund- oder Sekundarschule wenden Sie sich bitte an die f\u00fcr die Anmeldung zust\u00e4ndige Schulsekret\u00e4rinnen, Frau O&#8217;Connell und Frau Moore: <a href=\"mailto:secretary@kilians.com\" data-type=\"mailto\" data-id=\"mailto:secretary@kilians.com\">per E-Mail<\/a>&nbsp;oder telefonisch unter +353 (0)1 2883323. Die Aufnahme bei St. Kilian\u2019s erfolgt im Einklang mit dem&nbsp;<a href=\"http:\/\/kilians.wpengine.com\/de\/besuchen-sie-unsere-schule\/ethos-schulleitbild\/\">Ethos<\/a>&nbsp;der Schule und den Vorschriften des irischen Bildungsministeriums in Bezug auf Alter und schulische Vorbildung.<\/p>\n\n\n\n<p>Sch\u00fcler:innen, die in den Kindergarten aufgenommen werden, m\u00fcssen sp\u00e4testens am 31. Mai des Einschulungsjahres ihr 4. Lebensjahr erreicht haben. Die Aufnahme in die Grundschule ist ohne deutsche Vorkenntnisse m\u00f6glich.<\/p>\n\n\n\n<p>Die Aufnahme in die 7. Klasse ist dann ohne Deutschkenntnisse m\u00f6glich, wenn Pl\u00e4tze verf\u00fcgbar sind. Zur Aufnahme in die 8.-11. Klasse m\u00fcssen jedoch Deutschkenntnisse vorhanden sein, die dem Niveau in diesen Klassen entsprechen. Weitere Informationen zu unseren Aufnahmebedingungen finden Sie in unserer <a href=\"http:\/\/www.kilians.com\/wp-content\/uploads\/2025\/11\/2025_11_06_Admission-Policy-Secondary-School-2025.pdf\">Admissions Policy<\/a>.<\/p>\n\n\n\n<p>Wir veranstalten jedes Jahr im Oktober einen Tag der Offenen T\u00fcr, an dem Sie sich die Schule ansehen und die Lehrer:innen und Sch\u00fcler:innen kennenlernen k\u00f6nnen. Das Datum entnehmen Sie bitte dem&nbsp;<a href=\"http:\/\/kilians.wpengine.com\/de\/calendar\/\">Schulkalender.<\/a> <\/p>\n","protected":false},"excerpt":{"rendered":"<p>Fragen? F\u00fcr Fragen bez\u00fcglich der Aufnahme Ihres Kindes in unseren Kindergarten, Grund- oder Sekundarschule wenden Sie sich bitte an die f\u00fcr die Anmeldung zust\u00e4ndige Schulsekret\u00e4rinnen,&#8230; <a class=\"find-out-more-link\" href=\"https:\/\/www.kilians.com\/de\/anmeldung\/\">Weiterlesen<\/a> <\/p>\n","protected":false},"author":1,"featured_media":0,"parent":0,"menu_order":0,"comment_status":"closed","ping_status":"closed","template":"","meta":{"footnotes":""},"class_list":{"0":"post-19539","1":"page","2":"type-page","3":"status-publish","5":"entry","6":"has-post-thumbnail"},"yoast_head":"<!-- This site is optimized with the Yoast SEO plugin v17.2.1 - https:\/\/yoast.com\/wordpress\/plugins\/seo\/ -->\n<meta name=\"robots\" content=\"index, follow, max-snippet:-1, max-image-preview:large, max-video-preview:-1\" \/>\n<link rel=\"canonical\" href=\"https:\/\/www.kilians.com\/de\/anmeldung\/\" \/>\n<meta property=\"og:locale\" content=\"de_DE\" \/>\n<meta property=\"og:type\" content=\"article\" \/>\n<meta property=\"og:title\" content=\"Anmeldung - St. Kilian&#039;s German School, Dublin\" \/>\n<meta property=\"og:description\" content=\"Fragen? F\u00fcr Fragen bez\u00fcglich der Aufnahme Ihres Kindes in unseren Kindergarten, Grund- oder Sekundarschule wenden Sie sich bitte an die f\u00fcr die Anmeldung zust\u00e4ndige Schulsekret\u00e4rinnen,... Weiterlesen\" \/>\n<meta property=\"og:url\" content=\"https:\/\/www.kilians.com\/de\/anmeldung\/\" \/>\n<meta property=\"og:site_name\" content=\"St. Kilian&#039;s German School, Dublin\" \/>\n<meta property=\"article:modified_time\" content=\"2026-03-27T09:57:11+00:00\" \/>\n<meta name=\"twitter:card\" content=\"summary\" \/>\n<meta name=\"twitter:label1\" content=\"Gesch\u00e4tzte Lesezeit\" \/>\n\t<meta name=\"twitter:data1\" content=\"1 minute\" \/>\n<script type=\"application\/ld+json\" class=\"yoast-schema-graph\">{\"@context\":\"https:\/\/schema.org\",\"@graph\":[{\"@type\":\"Organization\",\"@id\":\"https:\/\/www.kilians.com\/#organization\",\"name\":\"St. Kilian's\",\"url\":\"https:\/\/www.kilians.com\/\",\"sameAs\":[],\"logo\":{\"@type\":\"ImageObject\",\"@id\":\"https:\/\/www.kilians.com\/#logo\",\"inLanguage\":\"de-DE\",\"url\":\"https:\/\/www.kilians.com\/wp-content\/uploads\/2017\/02\/StKilians_MasterLogo_Colour-1.png\",\"contentUrl\":\"https:\/\/www.kilians.com\/wp-content\/uploads\/2017\/02\/StKilians_MasterLogo_Colour-1.png\",\"width\":768,\"height\":1240,\"caption\":\"St. Kilian's\"},\"image\":{\"@id\":\"https:\/\/www.kilians.com\/#logo\"}},{\"@type\":\"WebSite\",\"@id\":\"https:\/\/www.kilians.com\/#website\",\"url\":\"https:\/\/www.kilians.com\/\",\"name\":\"St. Kilian&#039;s German School, Dublin\",\"description\":\"\",\"publisher\":{\"@id\":\"https:\/\/www.kilians.com\/#organization\"},\"potentialAction\":[{\"@type\":\"SearchAction\",\"target\":{\"@type\":\"EntryPoint\",\"urlTemplate\":\"https:\/\/www.kilians.com\/?s={search_term_string}\"},\"query-input\":\"required name=search_term_string\"}],\"inLanguage\":\"de-DE\"},{\"@type\":\"WebPage\",\"@id\":\"https:\/\/www.kilians.com\/de\/anmeldung\/#webpage\",\"url\":\"https:\/\/www.kilians.com\/de\/anmeldung\/\",\"name\":\"Anmeldung - St. Kilian&#039;s German School, Dublin\",\"isPartOf\":{\"@id\":\"https:\/\/www.kilians.com\/#website\"},\"datePublished\":\"2016-10-17T22:54:25+00:00\",\"dateModified\":\"2026-03-27T09:57:11+00:00\",\"breadcrumb\":{\"@id\":\"https:\/\/www.kilians.com\/de\/anmeldung\/#breadcrumb\"},\"inLanguage\":\"de-DE\",\"potentialAction\":[{\"@type\":\"ReadAction\",\"target\":[\"https:\/\/www.kilians.com\/de\/anmeldung\/\"]}]},{\"@type\":\"BreadcrumbList\",\"@id\":\"https:\/\/www.kilians.com\/de\/anmeldung\/#breadcrumb\",\"itemListElement\":[{\"@type\":\"ListItem\",\"position\":1,\"name\":\"Home\",\"item\":\"https:\/\/www.kilians.com\/de\/\"},{\"@type\":\"ListItem\",\"position\":2,\"name\":\"Anmeldung\"}]}]}<\/script>\n<!-- \/ Yoast SEO plugin. -->","yoast_head_json":{"robots":{"index":"index","follow":"follow","max-snippet":"max-snippet:-1","max-image-preview":"max-image-preview:large","max-video-preview":"max-video-preview:-1"},"canonical":"https:\/\/www.kilians.com\/de\/anmeldung\/","og_locale":"de_DE","og_type":"article","og_title":"Anmeldung - St. Kilian&#039;s German School, Dublin","og_description":"Fragen? F\u00fcr Fragen bez\u00fcglich der Aufnahme Ihres Kindes in unseren Kindergarten, Grund- oder Sekundarschule wenden Sie sich bitte an die f\u00fcr die Anmeldung zust\u00e4ndige Schulsekret\u00e4rinnen,... Weiterlesen","og_url":"https:\/\/www.kilians.com\/de\/anmeldung\/","og_site_name":"St. Kilian&#039;s German School, Dublin","article_modified_time":"2026-03-27T09:57:11+00:00","twitter_card":"summary","twitter_misc":{"Gesch\u00e4tzte Lesezeit":"1 minute"},"schema":{"@context":"https:\/\/schema.org","@graph":[{"@type":"Organization","@id":"https:\/\/www.kilians.com\/#organization","name":"St. Kilian's","url":"https:\/\/www.kilians.com\/","sameAs":[],"logo":{"@type":"ImageObject","@id":"https:\/\/www.kilians.com\/#logo","inLanguage":"de-DE","url":"https:\/\/www.kilians.com\/wp-content\/uploads\/2017\/02\/StKilians_MasterLogo_Colour-1.png","contentUrl":"https:\/\/www.kilians.com\/wp-content\/uploads\/2017\/02\/StKilians_MasterLogo_Colour-1.png","width":768,"height":1240,"caption":"St. Kilian's"},"image":{"@id":"https:\/\/www.kilians.com\/#logo"}},{"@type":"WebSite","@id":"https:\/\/www.kilians.com\/#website","url":"https:\/\/www.kilians.com\/","name":"St. Kilian&#039;s German School, Dublin","description":"","publisher":{"@id":"https:\/\/www.kilians.com\/#organization"},"potentialAction":[{"@type":"SearchAction","target":{"@type":"EntryPoint","urlTemplate":"https:\/\/www.kilians.com\/?s={search_term_string}"},"query-input":"required name=search_term_string"}],"inLanguage":"de-DE"},{"@type":"WebPage","@id":"https:\/\/www.kilians.com\/de\/anmeldung\/#webpage","url":"https:\/\/www.kilians.com\/de\/anmeldung\/","name":"Anmeldung - St. Kilian&#039;s German School, Dublin","isPartOf":{"@id":"https:\/\/www.kilians.com\/#website"},"datePublished":"2016-10-17T22:54:25+00:00","dateModified":"2026-03-27T09:57:11+00:00","breadcrumb":{"@id":"https:\/\/www.kilians.com\/de\/anmeldung\/#breadcrumb"},"inLanguage":"de-DE","potentialAction":[{"@type":"ReadAction","target":["https:\/\/www.kilians.com\/de\/anmeldung\/"]}]},{"@type":"BreadcrumbList","@id":"https:\/\/www.kilians.com\/de\/anmeldung\/#breadcrumb","itemListElement":[{"@type":"ListItem","position":1,"name":"Home","item":"https:\/\/www.kilians.com\/de\/"},{"@type":"ListItem","position":2,"name":"Anmeldung"}]}]}},"_links":{"self":[{"href":"https:\/\/www.kilians.com\/de\/wp-json\/wp\/v2\/pages\/19539\/"}],"collection":[{"href":"https:\/\/www.kilians.com\/de\/wp-json\/wp\/v2\/pages\/"}],"about":[{"href":"https:\/\/www.kilians.com\/de\/wp-json\/wp\/v2\/types\/page\/"}],"author":[{"embeddable":true,"href":"https:\/\/www.kilians.com\/de\/wp-json\/wp\/v2\/users\/1\/"}],"replies":[{"embeddable":true,"href":"https:\/\/www.kilians.com\/de\/wp-json\/wp\/v2\/comments\/?post=19539"}],"version-history":[{"count":0,"href":"https:\/\/www.kilians.com\/de\/wp-json\/wp\/v2\/pages\/19539\/revisions\/"}],"wp:attachment":[{"href":"https:\/\/www.kilians.com\/de\/wp-json\/wp\/v2\/media\/?parent=19539"}],"curies":[{"name":"wp","href":"https:\/\/api.w.org\/{rel}","templated":true}]}}