{"id":2250,"date":"2012-07-02T16:23:06","date_gmt":"2012-07-02T16:23:06","guid":{"rendered":"http:\/\/kilians.wpengine.com\/?page_id=2250"},"modified":"2013-01-15T10:36:45","modified_gmt":"2013-01-15T10:36:45","slug":"school-history","status":"publish","type":"page","link":"https:\/\/www.kilians.com\/de\/school-history\/","title":{"rendered":"Die Geschichte der Schule"},"content":{"rendered":"<p>St. Kilian\u2019s Deutsche Schule begann 1952 damit, dass Sprachkurse f\u00fcr deutsche Jungen und M\u00e4dchen, die bei irischen Familien im Rahmen des Programms \u201eSave the German Children Society\u201c untergebracht waren, eingerichtet wurden. Diese Kinder hatten bereits den\u00a0 Gebrauch der deutschen Sprache verloren.<strong><\/strong><\/p>\n<p>1954 wurde die Schule \u201cSt Kilians\u201d getauft und 3 Jahre sp\u00e4ter zog sie auf ein Grundst\u00fcck in der Stillorgan Road in Dublin um. Dort konnte auch ein Kindergarten eingerichtet werden.<\/p>\n<p>Zwischen 1959 und 1964 wurde die Schule erweitert und wuchs so weit, dass eine neue Sekundarstufe eingerichtet werden konnte. Die deutsche Regierung zeigte ihre Unterst\u00fctzung mit der Entsendung eines von Deutschland entsandten Lehrers. Die Schule hatte nun 60 Sch\u00fcler in 6 Klassen.<\/p>\n<p>Zwischen 1959 und 2011 hatte die Schule stets einen von Deutschland entsandten Schulleiter, w\u00e4hrend der Konrektor vom irischen Department of Education stammte.<\/p>\n<p>1974 zog die Schule auf das jetzige Gel\u00e4nde an Roebuck Road um. Das Grundst\u00fcck war von der deutschen Regierung erworben worden. Dieser Umzug erm\u00f6glichte den Anfang der Sekundarschule, so wie wir sie heute kennen.<\/p>\n<p>Das irische Department of Education erkannte die Schule z\u00fcgig an, und im Schuljahr 1976\/77 hatte die Schule bereits eine Identifikationsnummer. Zwei Jahre sp\u00e4ter legten die ersten Sch\u00fcler von St. Kilians das Leaving Certificate ab.<\/p>\n<p>Der n\u00e4chste Meilenstein war die Einf\u00fchrung des \u00dcbergangsjahres, das vom irischen Department of Education f\u00fcr das Schuljahr 1986\/87 genehmigt wurde.<\/p>\n<p>Ein weiterer bedeutender Schritt dabei, den Unterricht in Deutsch auf eine h\u00f6here Stufe zu stellen, war die Einf\u00fchrung der Sprachdiplompr\u00fcfungen 1989. Der Sprachdiplomkurs und die dazugeh\u00f6rigen Pr\u00fcfungen definieren auch weiterhin das Leistungsniveau, das von den Sch\u00fclern, die Deutsch lernen, erwartet wird.<\/p>\n<p>1992 feierte St. Kilians den 40. Jahrestag.<\/p>\n<p>W\u00e4hrend die Schule stetig weiterwuchs, nahm der Bedarf an Klassenzimmern zu. W\u00e4hrend des Schuljahres 1993\/94 begann der Vorstand der Schule eine Initiative zur Erhebung von Geldmitteln f\u00fcr den Bau von 4 weiteren Klassenzimmern. Dieser Anbau war zu Beginn des folgenden Schuljahres beendet. 2001\/2002 wurde ein weiterer Anbau mit 9 zus\u00e4tzlichen Klassenzimmern fertig gestellt und wurde von der damaligen Pr\u00e4sidentin Mary MacAleese anl\u00e4sslich des 50. Jahrestags der Schule er\u00f6ffnet.<\/p>\n<p>2001\/2002 zog auch das Lyce\u00e9 Francais d\u2019Irlande (LFI) in vorl\u00e4ufige Geb\u00e4ude auf den Campus. Dies war der erste Schritt zur offiziellen Kooperation zwischen beiden Schulen.<\/p>\n<p>2005 wurde ein Abkommen geschlossen, das die Unterstufen (Junior Cycle) beider Schulen vereinigte und so den Eurocampus gr\u00fcndete, um Sch\u00fcler von St Kilian\u2019s und des LFI gemeinsam auf das Junior Certifiate vorzubereiten.<\/p>\n<p>2006 unterzeichnete Mary Hanafin die Unterlagen f\u00fcr den neuen Bilingualen Leaving Certificate Kurs, der deutsche Sprache, Literatur und europ\u00e4ische Geschichte vereingt.<\/p>\n<p>2009 wurde ein Neubau, der die LFI und Eurocampus-Klassen beherbergt, feierlich er\u00f6ffnet.<\/p>\n<p>2012 wurde der erste nicht-deutsche Schulleiter ernannt. Die deutsche Regierung wird auch weiterhin die Schule mit 3 entsandten Lehrern unterst\u00fctzen, und durch das Netzwerk der Deutschen Schulen im Ausland wird an der\u00a0 Schule auch weiterhin die Lehre und das Lernen von Deutsch in der Grund- und Sekundarschule finanziell unterst\u00fctzt .<\/p>\n<p>&nbsp;<\/p>\n<p>&nbsp;<\/p>\n","protected":false},"excerpt":{"rendered":"<p>St. Kilian\u2019s Deutsche Schule begann 1952 damit, dass Sprachkurse f\u00fcr deutsche Jungen und M\u00e4dchen, die bei irischen Familien im Rahmen des Programms \u201eSave the German&#8230; <a class=\"find-out-more-link\" href=\"https:\/\/www.kilians.com\/de\/school-history\/\">Weiterlesen<\/a> <\/p>\n","protected":false},"author":1,"featured_media":0,"parent":0,"menu_order":21,"comment_status":"closed","ping_status":"closed","template":"","meta":{"footnotes":""},"class_list":{"0":"post-2250","1":"page","2":"type-page","3":"status-publish","5":"entry"},"yoast_head":"<!-- This site is optimized with the Yoast SEO plugin v17.2.1 - https:\/\/yoast.com\/wordpress\/plugins\/seo\/ -->\n<meta name=\"robots\" content=\"index, follow, max-snippet:-1, max-image-preview:large, max-video-preview:-1\" \/>\n<link rel=\"canonical\" href=\"https:\/\/www.kilians.com\/de\/school-history\/\" \/>\n<meta property=\"og:locale\" content=\"de_DE\" \/>\n<meta property=\"og:type\" content=\"article\" \/>\n<meta property=\"og:title\" content=\"Die Geschichte der Schule  - St. Kilian&#039;s German School, Dublin\" \/>\n<meta property=\"og:description\" content=\"St. Kilian\u2019s Deutsche Schule begann 1952 damit, dass Sprachkurse f\u00fcr deutsche Jungen und M\u00e4dchen, die bei irischen Familien im Rahmen des Programms \u201eSave the German... Weiterlesen\" \/>\n<meta property=\"og:url\" content=\"https:\/\/www.kilians.com\/de\/school-history\/\" \/>\n<meta property=\"og:site_name\" content=\"St. Kilian&#039;s German School, Dublin\" \/>\n<meta property=\"article:modified_time\" content=\"2013-01-15T10:36:45+00:00\" \/>\n<meta name=\"twitter:card\" content=\"summary\" \/>\n<meta name=\"twitter:label1\" content=\"Gesch\u00e4tzte Lesezeit\" \/>\n\t<meta name=\"twitter:data1\" content=\"2 minutes\" \/>\n<script type=\"application\/ld+json\" class=\"yoast-schema-graph\">{\"@context\":\"https:\/\/schema.org\",\"@graph\":[{\"@type\":\"Organization\",\"@id\":\"https:\/\/www.kilians.com\/#organization\",\"name\":\"St. Kilian's\",\"url\":\"https:\/\/www.kilians.com\/\",\"sameAs\":[],\"logo\":{\"@type\":\"ImageObject\",\"@id\":\"https:\/\/www.kilians.com\/#logo\",\"inLanguage\":\"de-DE\",\"url\":\"https:\/\/www.kilians.com\/wp-content\/uploads\/2017\/02\/StKilians_MasterLogo_Colour-1.png\",\"contentUrl\":\"https:\/\/www.kilians.com\/wp-content\/uploads\/2017\/02\/StKilians_MasterLogo_Colour-1.png\",\"width\":768,\"height\":1240,\"caption\":\"St. Kilian's\"},\"image\":{\"@id\":\"https:\/\/www.kilians.com\/#logo\"}},{\"@type\":\"WebSite\",\"@id\":\"https:\/\/www.kilians.com\/#website\",\"url\":\"https:\/\/www.kilians.com\/\",\"name\":\"St. Kilian&#039;s German School, Dublin\",\"description\":\"\",\"publisher\":{\"@id\":\"https:\/\/www.kilians.com\/#organization\"},\"potentialAction\":[{\"@type\":\"SearchAction\",\"target\":{\"@type\":\"EntryPoint\",\"urlTemplate\":\"https:\/\/www.kilians.com\/?s={search_term_string}\"},\"query-input\":\"required name=search_term_string\"}],\"inLanguage\":\"de-DE\"},{\"@type\":\"WebPage\",\"@id\":\"https:\/\/www.kilians.com\/de\/school-history\/#webpage\",\"url\":\"https:\/\/www.kilians.com\/de\/school-history\/\",\"name\":\"Die Geschichte der Schule - St. Kilian&#039;s German School, Dublin\",\"isPartOf\":{\"@id\":\"https:\/\/www.kilians.com\/#website\"},\"datePublished\":\"2012-07-02T16:23:06+00:00\",\"dateModified\":\"2013-01-15T10:36:45+00:00\",\"breadcrumb\":{\"@id\":\"https:\/\/www.kilians.com\/de\/school-history\/#breadcrumb\"},\"inLanguage\":\"de-DE\",\"potentialAction\":[{\"@type\":\"ReadAction\",\"target\":[\"https:\/\/www.kilians.com\/de\/school-history\/\"]}]},{\"@type\":\"BreadcrumbList\",\"@id\":\"https:\/\/www.kilians.com\/de\/school-history\/#breadcrumb\",\"itemListElement\":[{\"@type\":\"ListItem\",\"position\":1,\"name\":\"Home\",\"item\":\"https:\/\/www.kilians.com\/de\/\"},{\"@type\":\"ListItem\",\"position\":2,\"name\":\"Die Geschichte der Schule\"}]}]}<\/script>\n<!-- \/ Yoast SEO plugin. -->","yoast_head_json":{"robots":{"index":"index","follow":"follow","max-snippet":"max-snippet:-1","max-image-preview":"max-image-preview:large","max-video-preview":"max-video-preview:-1"},"canonical":"https:\/\/www.kilians.com\/de\/school-history\/","og_locale":"de_DE","og_type":"article","og_title":"Die Geschichte der Schule  - St. Kilian&#039;s German School, Dublin","og_description":"St. Kilian\u2019s Deutsche Schule begann 1952 damit, dass Sprachkurse f\u00fcr deutsche Jungen und M\u00e4dchen, die bei irischen Familien im Rahmen des Programms \u201eSave the German... Weiterlesen","og_url":"https:\/\/www.kilians.com\/de\/school-history\/","og_site_name":"St. Kilian&#039;s German School, Dublin","article_modified_time":"2013-01-15T10:36:45+00:00","twitter_card":"summary","twitter_misc":{"Gesch\u00e4tzte Lesezeit":"2 minutes"},"schema":{"@context":"https:\/\/schema.org","@graph":[{"@type":"Organization","@id":"https:\/\/www.kilians.com\/#organization","name":"St. Kilian's","url":"https:\/\/www.kilians.com\/","sameAs":[],"logo":{"@type":"ImageObject","@id":"https:\/\/www.kilians.com\/#logo","inLanguage":"de-DE","url":"https:\/\/www.kilians.com\/wp-content\/uploads\/2017\/02\/StKilians_MasterLogo_Colour-1.png","contentUrl":"https:\/\/www.kilians.com\/wp-content\/uploads\/2017\/02\/StKilians_MasterLogo_Colour-1.png","width":768,"height":1240,"caption":"St. Kilian's"},"image":{"@id":"https:\/\/www.kilians.com\/#logo"}},{"@type":"WebSite","@id":"https:\/\/www.kilians.com\/#website","url":"https:\/\/www.kilians.com\/","name":"St. Kilian&#039;s German School, Dublin","description":"","publisher":{"@id":"https:\/\/www.kilians.com\/#organization"},"potentialAction":[{"@type":"SearchAction","target":{"@type":"EntryPoint","urlTemplate":"https:\/\/www.kilians.com\/?s={search_term_string}"},"query-input":"required name=search_term_string"}],"inLanguage":"de-DE"},{"@type":"WebPage","@id":"https:\/\/www.kilians.com\/de\/school-history\/#webpage","url":"https:\/\/www.kilians.com\/de\/school-history\/","name":"Die Geschichte der Schule - St. Kilian&#039;s German School, Dublin","isPartOf":{"@id":"https:\/\/www.kilians.com\/#website"},"datePublished":"2012-07-02T16:23:06+00:00","dateModified":"2013-01-15T10:36:45+00:00","breadcrumb":{"@id":"https:\/\/www.kilians.com\/de\/school-history\/#breadcrumb"},"inLanguage":"de-DE","potentialAction":[{"@type":"ReadAction","target":["https:\/\/www.kilians.com\/de\/school-history\/"]}]},{"@type":"BreadcrumbList","@id":"https:\/\/www.kilians.com\/de\/school-history\/#breadcrumb","itemListElement":[{"@type":"ListItem","position":1,"name":"Home","item":"https:\/\/www.kilians.com\/de\/"},{"@type":"ListItem","position":2,"name":"Die Geschichte der Schule"}]}]}},"_links":{"self":[{"href":"https:\/\/www.kilians.com\/de\/wp-json\/wp\/v2\/pages\/2250\/"}],"collection":[{"href":"https:\/\/www.kilians.com\/de\/wp-json\/wp\/v2\/pages\/"}],"about":[{"href":"https:\/\/www.kilians.com\/de\/wp-json\/wp\/v2\/types\/page\/"}],"author":[{"embeddable":true,"href":"https:\/\/www.kilians.com\/de\/wp-json\/wp\/v2\/users\/1\/"}],"replies":[{"embeddable":true,"href":"https:\/\/www.kilians.com\/de\/wp-json\/wp\/v2\/comments\/?post=2250"}],"version-history":[{"count":0,"href":"https:\/\/www.kilians.com\/de\/wp-json\/wp\/v2\/pages\/2250\/revisions\/"}],"wp:attachment":[{"href":"https:\/\/www.kilians.com\/de\/wp-json\/wp\/v2\/media\/?parent=2250"}],"curies":[{"name":"wp","href":"https:\/\/api.w.org\/{rel}","templated":true}]}}