{"id":2279,"date":"2012-07-03T13:06:19","date_gmt":"2012-07-03T13:06:19","guid":{"rendered":"http:\/\/kilians.wpengine.com\/?page_id=2279"},"modified":"2012-07-03T13:06:25","modified_gmt":"2012-07-03T13:06:25","slug":"fachbereich-franz","status":"publish","type":"page","link":"https:\/\/www.kilians.com\/de\/sekundaer\/fachbereiche\/fachbereich-franz\/","title":{"rendered":"Fachbereich Franz\u00f6sisch"},"content":{"rendered":"<p>Der Fachbereich Franz\u00f6sisch an St. Kilian\u2019s bietet allen Sch\u00fclern vom ersten Jahr bis hin zur Reifepr\u00fcfung Franz\u00f6sisch an. Franz\u00f6sisch-Sch\u00fcler werden in der Sekundarstufe I und II ermutigt, ihre m\u00fcndlichen, schriftlichen und auditiven Kompetenzen zu entwickeln. Da an St. Kilian\u2019s neben Franz\u00f6sisch als Wahlfach immer auch Deutsch und Irisch gelernt werden m\u00fcssen, kann dies eine herausfordernde Wahl f\u00fcr Sch\u00fcler sein. Obwohl unsere Standards sehr hoch sind. und obwohl der Fachbereich Franz\u00f6sisch stets hervorragende Ergebnisse bei den Sprachdiplompr\u00fcfungen verzeichnen konnte, liegt uns viel mehr am Herzen, als nur der schulische Erfolg unserer Sch\u00fcler.<\/p>\n<p>Wir ermutigen unsere Sch\u00fcler zu eigenst\u00e4ndigem Denken, unabh\u00e4ngig von ihren F\u00e4higkeiten; unser Ziel ist es, sie in die Lage zu versetzen, ihre sprachliche Kompetenz und ihr kulturelles Wissen au\u00dferhalb der Klasse weiterzuentwickeln. Obwohl die m\u00fcndliche Kommunikation bei uns im Vordergrund steht, wird auch die Grammatik als wichtiges Element in vielen Unterrichtsstunden streng und konsequent vermittelt. Wir sch\u00e4tzen alle unsere Sch\u00fcler gleicherma\u00dfen und versuchen, sie in jeder Unterrichtsstunde herauszufordern und zu inspirieren.<\/p>\n<p>Die Fachabteilung Franz\u00f6sisch widmet sich auch der sozialen, pers\u00f6nlichen und kulturellen Entwicklung der Sch\u00fcler. Unsere Sch\u00fcler interagieren t\u00e4glich mit den Sch\u00fclern des Lyc\u00e9e Fran\u00e7ais d\u2019Irlande, und unsere Lage auf dem Eurocampus hilft uns sehr dabei, ein Bewusstsein f\u00fcr Frankreich und sein reiches kulturelles Erbe zu schaffen. Wir organisieren allerdings auch Austauschprogramme mit franz\u00f6sischen Schulen, Kulturreisen nach Frankreich, Theater- und Kinobesuche und, am Campus, den Austausch zwischen unserer Schule und dem\u00a0 Lyc\u00e9e Fran\u00e7ais d\u2019Irlande.<\/p>\n<p>Derzeit hat der Fachbereich drei Vollzeit-Lehrkr\u00e4fte einschlie\u00dflich eines franz\u00f6sischen Muttersprachlers. Das gesamte Lehrpersonal pflegt enge Verbindungen zu Frankreich und profitiert ebenso wie die Sch\u00fclerschaft sehr von unseren Kontakten zum Lyc\u00e9e Fran\u00e7ais d\u2019Irlande.<\/p>\n<p>Ausf\u00fchrlichere Informationen, auch zu anderen Aspekten der Arbeit des Fachbereichs sowie zu seinen Regelwerken, erhalten Sie, wenn Sie auf die jeweiligen Links auf dieser Seite klicken. F\u00fcr weitere Anfragen wenden Sie sich bitte an die Sekret\u00e4rin oder an den Leiter des Fachbereichs, Cian Hogan.<\/p>\n","protected":false},"excerpt":{"rendered":"<p>Der Fachbereich Franz\u00f6sisch an St. Kilian\u2019s bietet allen Sch\u00fclern vom ersten Jahr bis hin zur Reifepr\u00fcfung Franz\u00f6sisch an. Franz\u00f6sisch-Sch\u00fcler werden in der Sekundarstufe I und&#8230; <a class=\"find-out-more-link\" href=\"https:\/\/www.kilians.com\/de\/sekundaer\/fachbereiche\/fachbereich-franz\/\">Weiterlesen<\/a> <\/p>\n","protected":false},"author":1,"featured_media":0,"parent":2253,"menu_order":15,"comment_status":"closed","ping_status":"closed","template":"","meta":{"footnotes":""},"class_list":{"0":"post-2279","1":"page","2":"type-page","3":"status-publish","5":"entry"},"yoast_head":"<!-- This site is optimized with the Yoast SEO plugin v17.2.1 - https:\/\/yoast.com\/wordpress\/plugins\/seo\/ -->\n<meta name=\"robots\" content=\"index, follow, max-snippet:-1, max-image-preview:large, max-video-preview:-1\" \/>\n<link rel=\"canonical\" href=\"https:\/\/www.kilians.com\/de\/sekundaer\/fachbereiche\/fachbereich-franz\/\" \/>\n<meta property=\"og:locale\" content=\"de_DE\" \/>\n<meta property=\"og:type\" content=\"article\" \/>\n<meta property=\"og:title\" content=\"Fachbereich Franz\u00f6sisch - St. Kilian&#039;s German School, Dublin\" \/>\n<meta property=\"og:description\" content=\"Der Fachbereich Franz\u00f6sisch an St. Kilian\u2019s bietet allen Sch\u00fclern vom ersten Jahr bis hin zur Reifepr\u00fcfung Franz\u00f6sisch an. Franz\u00f6sisch-Sch\u00fcler werden in der Sekundarstufe I und... Weiterlesen\" \/>\n<meta property=\"og:url\" content=\"https:\/\/www.kilians.com\/de\/sekundaer\/fachbereiche\/fachbereich-franz\/\" \/>\n<meta property=\"og:site_name\" content=\"St. Kilian&#039;s German School, Dublin\" \/>\n<meta property=\"article:modified_time\" content=\"2012-07-03T13:06:25+00:00\" \/>\n<meta name=\"twitter:card\" content=\"summary\" \/>\n<meta name=\"twitter:label1\" content=\"Gesch\u00e4tzte Lesezeit\" \/>\n\t<meta name=\"twitter:data1\" content=\"2 minutes\" \/>\n<script type=\"application\/ld+json\" class=\"yoast-schema-graph\">{\"@context\":\"https:\/\/schema.org\",\"@graph\":[{\"@type\":\"Organization\",\"@id\":\"https:\/\/www.kilians.com\/#organization\",\"name\":\"St. Kilian's\",\"url\":\"https:\/\/www.kilians.com\/\",\"sameAs\":[],\"logo\":{\"@type\":\"ImageObject\",\"@id\":\"https:\/\/www.kilians.com\/#logo\",\"inLanguage\":\"de-DE\",\"url\":\"https:\/\/www.kilians.com\/wp-content\/uploads\/2017\/02\/StKilians_MasterLogo_Colour-1.png\",\"contentUrl\":\"https:\/\/www.kilians.com\/wp-content\/uploads\/2017\/02\/StKilians_MasterLogo_Colour-1.png\",\"width\":768,\"height\":1240,\"caption\":\"St. Kilian's\"},\"image\":{\"@id\":\"https:\/\/www.kilians.com\/#logo\"}},{\"@type\":\"WebSite\",\"@id\":\"https:\/\/www.kilians.com\/#website\",\"url\":\"https:\/\/www.kilians.com\/\",\"name\":\"St. Kilian&#039;s German School, Dublin\",\"description\":\"\",\"publisher\":{\"@id\":\"https:\/\/www.kilians.com\/#organization\"},\"potentialAction\":[{\"@type\":\"SearchAction\",\"target\":{\"@type\":\"EntryPoint\",\"urlTemplate\":\"https:\/\/www.kilians.com\/?s={search_term_string}\"},\"query-input\":\"required name=search_term_string\"}],\"inLanguage\":\"de-DE\"},{\"@type\":\"WebPage\",\"@id\":\"https:\/\/www.kilians.com\/de\/sekundaer\/fachbereiche\/fachbereich-franz\/#webpage\",\"url\":\"https:\/\/www.kilians.com\/de\/sekundaer\/fachbereiche\/fachbereich-franz\/\",\"name\":\"Fachbereich Franz\\u00f6sisch - St. Kilian&#039;s German School, Dublin\",\"isPartOf\":{\"@id\":\"https:\/\/www.kilians.com\/#website\"},\"datePublished\":\"2012-07-03T13:06:19+00:00\",\"dateModified\":\"2012-07-03T13:06:25+00:00\",\"breadcrumb\":{\"@id\":\"https:\/\/www.kilians.com\/de\/sekundaer\/fachbereiche\/fachbereich-franz\/#breadcrumb\"},\"inLanguage\":\"de-DE\",\"potentialAction\":[{\"@type\":\"ReadAction\",\"target\":[\"https:\/\/www.kilians.com\/de\/sekundaer\/fachbereiche\/fachbereich-franz\/\"]}]},{\"@type\":\"BreadcrumbList\",\"@id\":\"https:\/\/www.kilians.com\/de\/sekundaer\/fachbereiche\/fachbereich-franz\/#breadcrumb\",\"itemListElement\":[{\"@type\":\"ListItem\",\"position\":1,\"name\":\"Home\",\"item\":\"https:\/\/www.kilians.com\/de\/\"},{\"@type\":\"ListItem\",\"position\":2,\"name\":\"Sekundarschule\",\"item\":\"https:\/\/www.kilians.com\/de\/sekundaer\/\"},{\"@type\":\"ListItem\",\"position\":3,\"name\":\"Fachbereiche\",\"item\":\"https:\/\/www.kilians.com\/de\/sekundaer\/fachbereiche\/\"},{\"@type\":\"ListItem\",\"position\":4,\"name\":\"Fachbereich Franz\\u00f6sisch\"}]}]}<\/script>\n<!-- \/ Yoast SEO plugin. -->","yoast_head_json":{"robots":{"index":"index","follow":"follow","max-snippet":"max-snippet:-1","max-image-preview":"max-image-preview:large","max-video-preview":"max-video-preview:-1"},"canonical":"https:\/\/www.kilians.com\/de\/sekundaer\/fachbereiche\/fachbereich-franz\/","og_locale":"de_DE","og_type":"article","og_title":"Fachbereich Franz\u00f6sisch - St. Kilian&#039;s German School, Dublin","og_description":"Der Fachbereich Franz\u00f6sisch an St. Kilian\u2019s bietet allen Sch\u00fclern vom ersten Jahr bis hin zur Reifepr\u00fcfung Franz\u00f6sisch an. Franz\u00f6sisch-Sch\u00fcler werden in der Sekundarstufe I und... Weiterlesen","og_url":"https:\/\/www.kilians.com\/de\/sekundaer\/fachbereiche\/fachbereich-franz\/","og_site_name":"St. Kilian&#039;s German School, Dublin","article_modified_time":"2012-07-03T13:06:25+00:00","twitter_card":"summary","twitter_misc":{"Gesch\u00e4tzte Lesezeit":"2 minutes"},"schema":{"@context":"https:\/\/schema.org","@graph":[{"@type":"Organization","@id":"https:\/\/www.kilians.com\/#organization","name":"St. Kilian's","url":"https:\/\/www.kilians.com\/","sameAs":[],"logo":{"@type":"ImageObject","@id":"https:\/\/www.kilians.com\/#logo","inLanguage":"de-DE","url":"https:\/\/www.kilians.com\/wp-content\/uploads\/2017\/02\/StKilians_MasterLogo_Colour-1.png","contentUrl":"https:\/\/www.kilians.com\/wp-content\/uploads\/2017\/02\/StKilians_MasterLogo_Colour-1.png","width":768,"height":1240,"caption":"St. Kilian's"},"image":{"@id":"https:\/\/www.kilians.com\/#logo"}},{"@type":"WebSite","@id":"https:\/\/www.kilians.com\/#website","url":"https:\/\/www.kilians.com\/","name":"St. Kilian&#039;s German School, Dublin","description":"","publisher":{"@id":"https:\/\/www.kilians.com\/#organization"},"potentialAction":[{"@type":"SearchAction","target":{"@type":"EntryPoint","urlTemplate":"https:\/\/www.kilians.com\/?s={search_term_string}"},"query-input":"required name=search_term_string"}],"inLanguage":"de-DE"},{"@type":"WebPage","@id":"https:\/\/www.kilians.com\/de\/sekundaer\/fachbereiche\/fachbereich-franz\/#webpage","url":"https:\/\/www.kilians.com\/de\/sekundaer\/fachbereiche\/fachbereich-franz\/","name":"Fachbereich Franz\u00f6sisch - St. Kilian&#039;s German School, Dublin","isPartOf":{"@id":"https:\/\/www.kilians.com\/#website"},"datePublished":"2012-07-03T13:06:19+00:00","dateModified":"2012-07-03T13:06:25+00:00","breadcrumb":{"@id":"https:\/\/www.kilians.com\/de\/sekundaer\/fachbereiche\/fachbereich-franz\/#breadcrumb"},"inLanguage":"de-DE","potentialAction":[{"@type":"ReadAction","target":["https:\/\/www.kilians.com\/de\/sekundaer\/fachbereiche\/fachbereich-franz\/"]}]},{"@type":"BreadcrumbList","@id":"https:\/\/www.kilians.com\/de\/sekundaer\/fachbereiche\/fachbereich-franz\/#breadcrumb","itemListElement":[{"@type":"ListItem","position":1,"name":"Home","item":"https:\/\/www.kilians.com\/de\/"},{"@type":"ListItem","position":2,"name":"Sekundarschule","item":"https:\/\/www.kilians.com\/de\/sekundaer\/"},{"@type":"ListItem","position":3,"name":"Fachbereiche","item":"https:\/\/www.kilians.com\/de\/sekundaer\/fachbereiche\/"},{"@type":"ListItem","position":4,"name":"Fachbereich Franz\u00f6sisch"}]}]}},"_links":{"self":[{"href":"https:\/\/www.kilians.com\/de\/wp-json\/wp\/v2\/pages\/2279\/"}],"collection":[{"href":"https:\/\/www.kilians.com\/de\/wp-json\/wp\/v2\/pages\/"}],"about":[{"href":"https:\/\/www.kilians.com\/de\/wp-json\/wp\/v2\/types\/page\/"}],"author":[{"embeddable":true,"href":"https:\/\/www.kilians.com\/de\/wp-json\/wp\/v2\/users\/1\/"}],"replies":[{"embeddable":true,"href":"https:\/\/www.kilians.com\/de\/wp-json\/wp\/v2\/comments\/?post=2279"}],"version-history":[{"count":0,"href":"https:\/\/www.kilians.com\/de\/wp-json\/wp\/v2\/pages\/2279\/revisions\/"}],"up":[{"embeddable":true,"href":"https:\/\/www.kilians.com\/de\/wp-json\/wp\/v2\/pages\/2253\/"}],"wp:attachment":[{"href":"https:\/\/www.kilians.com\/de\/wp-json\/wp\/v2\/media\/?parent=2279"}],"curies":[{"name":"wp","href":"https:\/\/api.w.org\/{rel}","templated":true}]}}