{"id":2285,"date":"2012-07-03T13:10:48","date_gmt":"2012-07-03T13:10:48","guid":{"rendered":"http:\/\/kilians.wpengine.com\/?page_id=2285"},"modified":"2012-07-03T13:11:04","modified_gmt":"2012-07-03T13:11:04","slug":"fachabteilung-geschichte","status":"publish","type":"page","link":"https:\/\/www.kilians.com\/de\/sekundaer\/fachbereiche\/fachabteilung-geschichte\/","title":{"rendered":"Fachabteilung Geschichte"},"content":{"rendered":"<p>Fakten sind immer verbl\u00fcffender als reine Fiktion \u2026<br \/>\nGeschichte ist ein spannendes und sehr interessantes Fach, das uns anhand vieler faszinierender Fakten die wahren Geschichten von Menschen, Orten und Ereignissen erz\u00e4hlt, die unserer heutigen Welt ihren Stempel aufgedr\u00fcckt haben. So erfahren wir beispielsweise, wie sich das Verm\u00e4chtnis politischer Anf\u00fchrer, Tyrannen, K\u00fcnstler und Wissenschaftler, die vor langer Zeit gelebt haben, auch auf unseren modernen Alltag auswirkt.<\/p>\n<p>In der Sekundarstufe I lernen unsere Sch\u00fcler, wie die Menschen in der Vergangenheit gelebt haben, und erfahren vom Altertum in Irland und Rom, von der Renaissance, von den gro\u00dfen Entdeckern und den Revolutionskriegen in Europa, von der Geburt des Staates Irland Anfang des 20. Jahrhunderts und den turbulenten Jahren des Zweiten Weltkriegs.<\/p>\n<p>Mit den Sch\u00fclern der Sekundarstufe II setzen wir uns genauer mit dem sp\u00e4ten 19. und 20. Jahrhundert auseinander und betrachten die Vorg\u00e4nge in Irland, Europa und der gesamten Welt. Dieser Abschnitt der Geschichte umfasst politische Revolutionen, die Entstehung von Nationalstaaten und nat\u00fcrlich beide Weltkriege.<br \/>\nNeben der Weiterentwicklung unseres Wissens um die Vergangenheit, das uns wiederum hilft, die Gegenwart besser zu verstehen, will das Fachgebiet Geschichte den Sch\u00fclern auch die F\u00e4higkeit zum kritischen Denken vermitteln. Sie sollen ein Verst\u00e4ndnis f\u00fcr zentrale Konzepte wie Voreingenommenheit und Objektivit\u00e4t, Quelle und Beweis, Konflikt und L\u00f6sung entwickeln. Indem sich die Sch\u00fcler auszumalen versuchen, wie Menschen fr\u00fcher wohl gelebt, gesprochen oder sich am\u00fcsiert haben und wie ihre Denkweisen entstanden sind, tr\u00e4gt dieses Fach auch zur Empathief\u00e4higkeit bei.<\/p>\n<p>Vor allem jedoch ist Geschichte ein Fach voller wundersamer, aufregender Geschichten. Denn wie schon gesagt:\u2013<br \/>\nFakten sind immer verbl\u00fcffender als reine Fiktion!<\/p>\n","protected":false},"excerpt":{"rendered":"<p>Fakten sind immer verbl\u00fcffender als reine Fiktion \u2026 Geschichte ist ein spannendes und sehr interessantes Fach, das uns anhand vieler faszinierender Fakten die wahren Geschichten&#8230; <a class=\"find-out-more-link\" href=\"https:\/\/www.kilians.com\/de\/sekundaer\/fachbereiche\/fachabteilung-geschichte\/\">Weiterlesen<\/a> <\/p>\n","protected":false},"author":1,"featured_media":0,"parent":2253,"menu_order":17,"comment_status":"closed","ping_status":"closed","template":"","meta":{"footnotes":""},"class_list":{"0":"post-2285","1":"page","2":"type-page","3":"status-publish","5":"entry"},"yoast_head":"<!-- This site is optimized with the Yoast SEO plugin v17.2.1 - https:\/\/yoast.com\/wordpress\/plugins\/seo\/ -->\n<meta name=\"robots\" content=\"index, follow, max-snippet:-1, max-image-preview:large, max-video-preview:-1\" \/>\n<link rel=\"canonical\" href=\"https:\/\/www.kilians.com\/de\/sekundaer\/fachbereiche\/fachabteilung-geschichte\/\" \/>\n<meta property=\"og:locale\" content=\"de_DE\" \/>\n<meta property=\"og:type\" content=\"article\" \/>\n<meta property=\"og:title\" content=\"Fachabteilung Geschichte - St. Kilian&#039;s German School, Dublin\" \/>\n<meta property=\"og:description\" content=\"Fakten sind immer verbl\u00fcffender als reine Fiktion \u2026 Geschichte ist ein spannendes und sehr interessantes Fach, das uns anhand vieler faszinierender Fakten die wahren Geschichten... Weiterlesen\" \/>\n<meta property=\"og:url\" content=\"https:\/\/www.kilians.com\/de\/sekundaer\/fachbereiche\/fachabteilung-geschichte\/\" \/>\n<meta property=\"og:site_name\" content=\"St. Kilian&#039;s German School, Dublin\" \/>\n<meta property=\"article:modified_time\" content=\"2012-07-03T13:11:04+00:00\" \/>\n<meta name=\"twitter:card\" content=\"summary\" \/>\n<meta name=\"twitter:label1\" content=\"Gesch\u00e4tzte Lesezeit\" \/>\n\t<meta name=\"twitter:data1\" content=\"1 minute\" \/>\n<script type=\"application\/ld+json\" class=\"yoast-schema-graph\">{\"@context\":\"https:\/\/schema.org\",\"@graph\":[{\"@type\":\"Organization\",\"@id\":\"https:\/\/www.kilians.com\/#organization\",\"name\":\"St. Kilian's\",\"url\":\"https:\/\/www.kilians.com\/\",\"sameAs\":[],\"logo\":{\"@type\":\"ImageObject\",\"@id\":\"https:\/\/www.kilians.com\/#logo\",\"inLanguage\":\"de-DE\",\"url\":\"https:\/\/www.kilians.com\/wp-content\/uploads\/2017\/02\/StKilians_MasterLogo_Colour-1.png\",\"contentUrl\":\"https:\/\/www.kilians.com\/wp-content\/uploads\/2017\/02\/StKilians_MasterLogo_Colour-1.png\",\"width\":768,\"height\":1240,\"caption\":\"St. Kilian's\"},\"image\":{\"@id\":\"https:\/\/www.kilians.com\/#logo\"}},{\"@type\":\"WebSite\",\"@id\":\"https:\/\/www.kilians.com\/#website\",\"url\":\"https:\/\/www.kilians.com\/\",\"name\":\"St. Kilian&#039;s German School, Dublin\",\"description\":\"\",\"publisher\":{\"@id\":\"https:\/\/www.kilians.com\/#organization\"},\"potentialAction\":[{\"@type\":\"SearchAction\",\"target\":{\"@type\":\"EntryPoint\",\"urlTemplate\":\"https:\/\/www.kilians.com\/?s={search_term_string}\"},\"query-input\":\"required name=search_term_string\"}],\"inLanguage\":\"de-DE\"},{\"@type\":\"WebPage\",\"@id\":\"https:\/\/www.kilians.com\/de\/sekundaer\/fachbereiche\/fachabteilung-geschichte\/#webpage\",\"url\":\"https:\/\/www.kilians.com\/de\/sekundaer\/fachbereiche\/fachabteilung-geschichte\/\",\"name\":\"Fachabteilung Geschichte - St. Kilian&#039;s German School, Dublin\",\"isPartOf\":{\"@id\":\"https:\/\/www.kilians.com\/#website\"},\"datePublished\":\"2012-07-03T13:10:48+00:00\",\"dateModified\":\"2012-07-03T13:11:04+00:00\",\"breadcrumb\":{\"@id\":\"https:\/\/www.kilians.com\/de\/sekundaer\/fachbereiche\/fachabteilung-geschichte\/#breadcrumb\"},\"inLanguage\":\"de-DE\",\"potentialAction\":[{\"@type\":\"ReadAction\",\"target\":[\"https:\/\/www.kilians.com\/de\/sekundaer\/fachbereiche\/fachabteilung-geschichte\/\"]}]},{\"@type\":\"BreadcrumbList\",\"@id\":\"https:\/\/www.kilians.com\/de\/sekundaer\/fachbereiche\/fachabteilung-geschichte\/#breadcrumb\",\"itemListElement\":[{\"@type\":\"ListItem\",\"position\":1,\"name\":\"Home\",\"item\":\"https:\/\/www.kilians.com\/de\/\"},{\"@type\":\"ListItem\",\"position\":2,\"name\":\"Sekundarschule\",\"item\":\"https:\/\/www.kilians.com\/de\/sekundaer\/\"},{\"@type\":\"ListItem\",\"position\":3,\"name\":\"Fachbereiche\",\"item\":\"https:\/\/www.kilians.com\/de\/sekundaer\/fachbereiche\/\"},{\"@type\":\"ListItem\",\"position\":4,\"name\":\"Fachabteilung Geschichte\"}]}]}<\/script>\n<!-- \/ Yoast SEO plugin. -->","yoast_head_json":{"robots":{"index":"index","follow":"follow","max-snippet":"max-snippet:-1","max-image-preview":"max-image-preview:large","max-video-preview":"max-video-preview:-1"},"canonical":"https:\/\/www.kilians.com\/de\/sekundaer\/fachbereiche\/fachabteilung-geschichte\/","og_locale":"de_DE","og_type":"article","og_title":"Fachabteilung Geschichte - St. Kilian&#039;s German School, Dublin","og_description":"Fakten sind immer verbl\u00fcffender als reine Fiktion \u2026 Geschichte ist ein spannendes und sehr interessantes Fach, das uns anhand vieler faszinierender Fakten die wahren Geschichten... Weiterlesen","og_url":"https:\/\/www.kilians.com\/de\/sekundaer\/fachbereiche\/fachabteilung-geschichte\/","og_site_name":"St. Kilian&#039;s German School, Dublin","article_modified_time":"2012-07-03T13:11:04+00:00","twitter_card":"summary","twitter_misc":{"Gesch\u00e4tzte Lesezeit":"1 minute"},"schema":{"@context":"https:\/\/schema.org","@graph":[{"@type":"Organization","@id":"https:\/\/www.kilians.com\/#organization","name":"St. Kilian's","url":"https:\/\/www.kilians.com\/","sameAs":[],"logo":{"@type":"ImageObject","@id":"https:\/\/www.kilians.com\/#logo","inLanguage":"de-DE","url":"https:\/\/www.kilians.com\/wp-content\/uploads\/2017\/02\/StKilians_MasterLogo_Colour-1.png","contentUrl":"https:\/\/www.kilians.com\/wp-content\/uploads\/2017\/02\/StKilians_MasterLogo_Colour-1.png","width":768,"height":1240,"caption":"St. Kilian's"},"image":{"@id":"https:\/\/www.kilians.com\/#logo"}},{"@type":"WebSite","@id":"https:\/\/www.kilians.com\/#website","url":"https:\/\/www.kilians.com\/","name":"St. Kilian&#039;s German School, Dublin","description":"","publisher":{"@id":"https:\/\/www.kilians.com\/#organization"},"potentialAction":[{"@type":"SearchAction","target":{"@type":"EntryPoint","urlTemplate":"https:\/\/www.kilians.com\/?s={search_term_string}"},"query-input":"required name=search_term_string"}],"inLanguage":"de-DE"},{"@type":"WebPage","@id":"https:\/\/www.kilians.com\/de\/sekundaer\/fachbereiche\/fachabteilung-geschichte\/#webpage","url":"https:\/\/www.kilians.com\/de\/sekundaer\/fachbereiche\/fachabteilung-geschichte\/","name":"Fachabteilung Geschichte - St. Kilian&#039;s German School, Dublin","isPartOf":{"@id":"https:\/\/www.kilians.com\/#website"},"datePublished":"2012-07-03T13:10:48+00:00","dateModified":"2012-07-03T13:11:04+00:00","breadcrumb":{"@id":"https:\/\/www.kilians.com\/de\/sekundaer\/fachbereiche\/fachabteilung-geschichte\/#breadcrumb"},"inLanguage":"de-DE","potentialAction":[{"@type":"ReadAction","target":["https:\/\/www.kilians.com\/de\/sekundaer\/fachbereiche\/fachabteilung-geschichte\/"]}]},{"@type":"BreadcrumbList","@id":"https:\/\/www.kilians.com\/de\/sekundaer\/fachbereiche\/fachabteilung-geschichte\/#breadcrumb","itemListElement":[{"@type":"ListItem","position":1,"name":"Home","item":"https:\/\/www.kilians.com\/de\/"},{"@type":"ListItem","position":2,"name":"Sekundarschule","item":"https:\/\/www.kilians.com\/de\/sekundaer\/"},{"@type":"ListItem","position":3,"name":"Fachbereiche","item":"https:\/\/www.kilians.com\/de\/sekundaer\/fachbereiche\/"},{"@type":"ListItem","position":4,"name":"Fachabteilung Geschichte"}]}]}},"_links":{"self":[{"href":"https:\/\/www.kilians.com\/de\/wp-json\/wp\/v2\/pages\/2285\/"}],"collection":[{"href":"https:\/\/www.kilians.com\/de\/wp-json\/wp\/v2\/pages\/"}],"about":[{"href":"https:\/\/www.kilians.com\/de\/wp-json\/wp\/v2\/types\/page\/"}],"author":[{"embeddable":true,"href":"https:\/\/www.kilians.com\/de\/wp-json\/wp\/v2\/users\/1\/"}],"replies":[{"embeddable":true,"href":"https:\/\/www.kilians.com\/de\/wp-json\/wp\/v2\/comments\/?post=2285"}],"version-history":[{"count":0,"href":"https:\/\/www.kilians.com\/de\/wp-json\/wp\/v2\/pages\/2285\/revisions\/"}],"up":[{"embeddable":true,"href":"https:\/\/www.kilians.com\/de\/wp-json\/wp\/v2\/pages\/2253\/"}],"wp:attachment":[{"href":"https:\/\/www.kilians.com\/de\/wp-json\/wp\/v2\/media\/?parent=2285"}],"curies":[{"name":"wp","href":"https:\/\/api.w.org\/{rel}","templated":true}]}}