{"id":2289,"date":"2012-07-03T13:13:49","date_gmt":"2012-07-03T13:13:49","guid":{"rendered":"http:\/\/kilians.wpengine.com\/?page_id=2289"},"modified":"2013-08-20T13:07:02","modified_gmt":"2013-08-20T13:07:02","slug":"fachabteilung-irisch","status":"publish","type":"page","link":"https:\/\/www.kilians.com\/de\/sekundaer\/fachbereiche\/fachabteilung-irisch\/","title":{"rendered":"Fachabteilung Irisch"},"content":{"rendered":"<p>Aidhmeanna i leith m\u00faineadh na Gaeilge ;<\/p>\n<p>Scoil Naomh Cilian, an Scoil Gearm\u00e1nach<br \/> \u2022 Die F\u00f6rderung des Irischen in seiner gesprochenen Form wird im Allgemeinen als das praktische Hauptziel des Irischunterrichts angesehen.<\/p>\n<p>\u2022 40\u00a0% des irischen Leaving Certificate entfallen heute auf die Sprachkompetenz und 10\u00a0% auf das H\u00f6rverstehen. Teil der Gesamtnote des Staatsexamens ist die F\u00e4higkeit, fl\u00fcssig auf Irisch zu kommunizieren.<\/p>\n<p>\u2022 Zentrales Anliegen des Fachbereichs Irisch ist es, unsere Sch\u00fcler auf das erfolgreiche Bestehen der Abschlusspr\u00fcfungen der Sekundarstufe I und II vorzubereiten, eventuell auch auf Pr\u00fcfungen eines h\u00f6heren Niveaus.<\/p>\n<p>\u2022 Dar\u00fcber hinaus ist es der Fachabteilung Irisch ein Anliegen, alle Sch\u00fcler, die ihre m\u00fcndlichen Irischkenntnisse auch au\u00dferhalb des Klassenzimmers pflegen m\u00f6chten, in jeder erdenklichen Weise zu ermutigen und zu unterst\u00fctzen.<\/p>\n<p>\u2022 T\u00e1 dualgas ar thuismitheoir\u00ed gach deis agus taca\u00edocht a shol\u00e1thair d\u00e1 bp\u00e1ist\u00ed an Ghaeilge a chur chun cinn mar theanga beo. Mar is eol do ch\u00e1ch \u2018beatha teanga \u00ed a labhairt\u2019; ~ d\u00e9anfaim\u00eds \u00e1r nd\u00edchheall mar sin!<\/p>\n<p>Roinn na Gaeilge<br \/> 1. Eibhlin N\u00ed Ghallch\u00f3ir<br \/> 2. Tadhg \u00d3 Scanaill<br \/> 3. Daithi \u00d3 Drisceoil<br \/> 4. Nuala Holloway<\/p>\n<p>&nbsp;<\/p>\n<p>Klick hier zum herunterladen der\u00a0<a href=\"http:\/\/kilians.wpengine.com\/wp-content\/uploads\/2012\/01\/Irish-Policy-Sept-12-new-logo.pdf\" target=\"_blank\">Irish Policy Sept 12<\/a>.<\/p>\n","protected":false},"excerpt":{"rendered":"<p>Aidhmeanna i leith m\u00faineadh na Gaeilge ; Scoil Naomh Cilian, an Scoil Gearm\u00e1nach \u2022 Die F\u00f6rderung des Irischen in seiner gesprochenen Form wird im Allgemeinen&#8230; <a class=\"find-out-more-link\" href=\"https:\/\/www.kilians.com\/de\/sekundaer\/fachbereiche\/fachabteilung-irisch\/\">Weiterlesen<\/a> <\/p>\n","protected":false},"author":1,"featured_media":0,"parent":2253,"menu_order":20,"comment_status":"closed","ping_status":"closed","template":"","meta":{"footnotes":""},"class_list":{"0":"post-2289","1":"page","2":"type-page","3":"status-publish","5":"entry"},"yoast_head":"<!-- This site is optimized with the Yoast SEO plugin v17.2.1 - https:\/\/yoast.com\/wordpress\/plugins\/seo\/ -->\n<meta name=\"robots\" content=\"index, follow, max-snippet:-1, max-image-preview:large, max-video-preview:-1\" \/>\n<link rel=\"canonical\" href=\"https:\/\/www.kilians.com\/de\/sekundaer\/fachbereiche\/fachabteilung-irisch\/\" \/>\n<meta property=\"og:locale\" content=\"de_DE\" \/>\n<meta property=\"og:type\" content=\"article\" \/>\n<meta property=\"og:title\" content=\"Fachabteilung Irisch - St. Kilian&#039;s German School, Dublin\" \/>\n<meta property=\"og:description\" content=\"Aidhmeanna i leith m\u00faineadh na Gaeilge ; Scoil Naomh Cilian, an Scoil Gearm\u00e1nach \u2022 Die F\u00f6rderung des Irischen in seiner gesprochenen Form wird im Allgemeinen... Weiterlesen\" \/>\n<meta property=\"og:url\" content=\"https:\/\/www.kilians.com\/de\/sekundaer\/fachbereiche\/fachabteilung-irisch\/\" \/>\n<meta property=\"og:site_name\" content=\"St. Kilian&#039;s German School, Dublin\" \/>\n<meta property=\"article:modified_time\" content=\"2013-08-20T13:07:02+00:00\" \/>\n<meta name=\"twitter:card\" content=\"summary\" \/>\n<meta name=\"twitter:label1\" content=\"Gesch\u00e4tzte Lesezeit\" \/>\n\t<meta name=\"twitter:data1\" content=\"1 minute\" \/>\n<script type=\"application\/ld+json\" class=\"yoast-schema-graph\">{\"@context\":\"https:\/\/schema.org\",\"@graph\":[{\"@type\":\"Organization\",\"@id\":\"https:\/\/www.kilians.com\/#organization\",\"name\":\"St. Kilian's\",\"url\":\"https:\/\/www.kilians.com\/\",\"sameAs\":[],\"logo\":{\"@type\":\"ImageObject\",\"@id\":\"https:\/\/www.kilians.com\/#logo\",\"inLanguage\":\"de-DE\",\"url\":\"https:\/\/www.kilians.com\/wp-content\/uploads\/2017\/02\/StKilians_MasterLogo_Colour-1.png\",\"contentUrl\":\"https:\/\/www.kilians.com\/wp-content\/uploads\/2017\/02\/StKilians_MasterLogo_Colour-1.png\",\"width\":768,\"height\":1240,\"caption\":\"St. Kilian's\"},\"image\":{\"@id\":\"https:\/\/www.kilians.com\/#logo\"}},{\"@type\":\"WebSite\",\"@id\":\"https:\/\/www.kilians.com\/#website\",\"url\":\"https:\/\/www.kilians.com\/\",\"name\":\"St. Kilian&#039;s German School, Dublin\",\"description\":\"\",\"publisher\":{\"@id\":\"https:\/\/www.kilians.com\/#organization\"},\"potentialAction\":[{\"@type\":\"SearchAction\",\"target\":{\"@type\":\"EntryPoint\",\"urlTemplate\":\"https:\/\/www.kilians.com\/?s={search_term_string}\"},\"query-input\":\"required name=search_term_string\"}],\"inLanguage\":\"de-DE\"},{\"@type\":\"WebPage\",\"@id\":\"https:\/\/www.kilians.com\/de\/sekundaer\/fachbereiche\/fachabteilung-irisch\/#webpage\",\"url\":\"https:\/\/www.kilians.com\/de\/sekundaer\/fachbereiche\/fachabteilung-irisch\/\",\"name\":\"Fachabteilung Irisch - St. Kilian&#039;s German School, Dublin\",\"isPartOf\":{\"@id\":\"https:\/\/www.kilians.com\/#website\"},\"datePublished\":\"2012-07-03T13:13:49+00:00\",\"dateModified\":\"2013-08-20T13:07:02+00:00\",\"breadcrumb\":{\"@id\":\"https:\/\/www.kilians.com\/de\/sekundaer\/fachbereiche\/fachabteilung-irisch\/#breadcrumb\"},\"inLanguage\":\"de-DE\",\"potentialAction\":[{\"@type\":\"ReadAction\",\"target\":[\"https:\/\/www.kilians.com\/de\/sekundaer\/fachbereiche\/fachabteilung-irisch\/\"]}]},{\"@type\":\"BreadcrumbList\",\"@id\":\"https:\/\/www.kilians.com\/de\/sekundaer\/fachbereiche\/fachabteilung-irisch\/#breadcrumb\",\"itemListElement\":[{\"@type\":\"ListItem\",\"position\":1,\"name\":\"Home\",\"item\":\"https:\/\/www.kilians.com\/de\/\"},{\"@type\":\"ListItem\",\"position\":2,\"name\":\"Sekundarschule\",\"item\":\"https:\/\/www.kilians.com\/de\/sekundaer\/\"},{\"@type\":\"ListItem\",\"position\":3,\"name\":\"Fachbereiche\",\"item\":\"https:\/\/www.kilians.com\/de\/sekundaer\/fachbereiche\/\"},{\"@type\":\"ListItem\",\"position\":4,\"name\":\"Fachabteilung Irisch\"}]}]}<\/script>\n<!-- \/ Yoast SEO plugin. -->","yoast_head_json":{"robots":{"index":"index","follow":"follow","max-snippet":"max-snippet:-1","max-image-preview":"max-image-preview:large","max-video-preview":"max-video-preview:-1"},"canonical":"https:\/\/www.kilians.com\/de\/sekundaer\/fachbereiche\/fachabteilung-irisch\/","og_locale":"de_DE","og_type":"article","og_title":"Fachabteilung Irisch - St. Kilian&#039;s German School, Dublin","og_description":"Aidhmeanna i leith m\u00faineadh na Gaeilge ; Scoil Naomh Cilian, an Scoil Gearm\u00e1nach \u2022 Die F\u00f6rderung des Irischen in seiner gesprochenen Form wird im Allgemeinen... Weiterlesen","og_url":"https:\/\/www.kilians.com\/de\/sekundaer\/fachbereiche\/fachabteilung-irisch\/","og_site_name":"St. Kilian&#039;s German School, Dublin","article_modified_time":"2013-08-20T13:07:02+00:00","twitter_card":"summary","twitter_misc":{"Gesch\u00e4tzte Lesezeit":"1 minute"},"schema":{"@context":"https:\/\/schema.org","@graph":[{"@type":"Organization","@id":"https:\/\/www.kilians.com\/#organization","name":"St. Kilian's","url":"https:\/\/www.kilians.com\/","sameAs":[],"logo":{"@type":"ImageObject","@id":"https:\/\/www.kilians.com\/#logo","inLanguage":"de-DE","url":"https:\/\/www.kilians.com\/wp-content\/uploads\/2017\/02\/StKilians_MasterLogo_Colour-1.png","contentUrl":"https:\/\/www.kilians.com\/wp-content\/uploads\/2017\/02\/StKilians_MasterLogo_Colour-1.png","width":768,"height":1240,"caption":"St. Kilian's"},"image":{"@id":"https:\/\/www.kilians.com\/#logo"}},{"@type":"WebSite","@id":"https:\/\/www.kilians.com\/#website","url":"https:\/\/www.kilians.com\/","name":"St. Kilian&#039;s German School, Dublin","description":"","publisher":{"@id":"https:\/\/www.kilians.com\/#organization"},"potentialAction":[{"@type":"SearchAction","target":{"@type":"EntryPoint","urlTemplate":"https:\/\/www.kilians.com\/?s={search_term_string}"},"query-input":"required name=search_term_string"}],"inLanguage":"de-DE"},{"@type":"WebPage","@id":"https:\/\/www.kilians.com\/de\/sekundaer\/fachbereiche\/fachabteilung-irisch\/#webpage","url":"https:\/\/www.kilians.com\/de\/sekundaer\/fachbereiche\/fachabteilung-irisch\/","name":"Fachabteilung Irisch - St. Kilian&#039;s German School, Dublin","isPartOf":{"@id":"https:\/\/www.kilians.com\/#website"},"datePublished":"2012-07-03T13:13:49+00:00","dateModified":"2013-08-20T13:07:02+00:00","breadcrumb":{"@id":"https:\/\/www.kilians.com\/de\/sekundaer\/fachbereiche\/fachabteilung-irisch\/#breadcrumb"},"inLanguage":"de-DE","potentialAction":[{"@type":"ReadAction","target":["https:\/\/www.kilians.com\/de\/sekundaer\/fachbereiche\/fachabteilung-irisch\/"]}]},{"@type":"BreadcrumbList","@id":"https:\/\/www.kilians.com\/de\/sekundaer\/fachbereiche\/fachabteilung-irisch\/#breadcrumb","itemListElement":[{"@type":"ListItem","position":1,"name":"Home","item":"https:\/\/www.kilians.com\/de\/"},{"@type":"ListItem","position":2,"name":"Sekundarschule","item":"https:\/\/www.kilians.com\/de\/sekundaer\/"},{"@type":"ListItem","position":3,"name":"Fachbereiche","item":"https:\/\/www.kilians.com\/de\/sekundaer\/fachbereiche\/"},{"@type":"ListItem","position":4,"name":"Fachabteilung Irisch"}]}]}},"_links":{"self":[{"href":"https:\/\/www.kilians.com\/de\/wp-json\/wp\/v2\/pages\/2289\/"}],"collection":[{"href":"https:\/\/www.kilians.com\/de\/wp-json\/wp\/v2\/pages\/"}],"about":[{"href":"https:\/\/www.kilians.com\/de\/wp-json\/wp\/v2\/types\/page\/"}],"author":[{"embeddable":true,"href":"https:\/\/www.kilians.com\/de\/wp-json\/wp\/v2\/users\/1\/"}],"replies":[{"embeddable":true,"href":"https:\/\/www.kilians.com\/de\/wp-json\/wp\/v2\/comments\/?post=2289"}],"version-history":[{"count":0,"href":"https:\/\/www.kilians.com\/de\/wp-json\/wp\/v2\/pages\/2289\/revisions\/"}],"up":[{"embeddable":true,"href":"https:\/\/www.kilians.com\/de\/wp-json\/wp\/v2\/pages\/2253\/"}],"wp:attachment":[{"href":"https:\/\/www.kilians.com\/de\/wp-json\/wp\/v2\/media\/?parent=2289"}],"curies":[{"name":"wp","href":"https:\/\/api.w.org\/{rel}","templated":true}]}}