{"id":2305,"date":"2012-07-03T14:23:42","date_gmt":"2012-07-03T14:23:42","guid":{"rendered":"http:\/\/kilians.wpengine.com\/?page_id=2305"},"modified":"2012-07-03T14:23:50","modified_gmt":"2012-07-03T14:23:50","slug":"fachbereich-naturwissenschaft","status":"publish","type":"page","link":"https:\/\/www.kilians.com\/de\/sekundaer\/fachbereiche\/fachbereich-naturwissenschaft\/","title":{"rendered":"Fachbereich Naturwissenschaft"},"content":{"rendered":"<p>Ziel dieses Fachbereichs ist es, naturwissenschaftliches Lernen mit Spa\u00df und Freude zu verbinden. Wir m\u00f6chten unsere Sch\u00fcler dazu bef\u00e4higen, sich einen altersgem\u00e4\u00dfen wissenschaftlichen Kenntnisstand anzueignen und ihnen ein Verst\u00e4ndnis f\u00fcr die Bedeutung und Anwendung der Wissenschaft in ihrem pers\u00f6nlichen und sozialen Alltag zu vermitteln. Wir f\u00f6rdern Forschergeist, Vorstellungsverm\u00f6gen und Kreativit\u00e4t unserer Sch\u00fcler und bem\u00fchen uns auch, in Ihnen Wertsch\u00e4tzung f\u00fcr und Respekt vor dem Leben und unserer Umwelt zu wecken.<\/p>\n<p>Naturwissenschaft ist ein Pflichtfach f\u00fcr das Junior Certificate. Der Lehrplan umfasst Themen aus Biologie, Chemie und Physik, die \u00fcber einen Zeitraum von drei Jahren unterrichtet werden. Au\u00dferdem erhalten unsere Sch\u00fcler einmal pro Woche praktischen Unterricht, damit sie ihr Selbstvertrauen und ihre praktischen F\u00e4higkeiten weiterentwickeln und ein Bewusstsein f\u00fcr Gesundheit und Sicherheit im Labor ausbilden k\u00f6nnen.<\/p>\n<p>Im \u00dcbergangsjahr absolvieren unsere Sch\u00fcler separate Module f\u00fcr Biologie, Chemie und Physik, in denen sie mehr \u00fcber die f\u00fcr das Leaving Certificate unterrichteten Themen sowie \u00fcber die Ausbildungs- und Karrierem\u00f6glichkeiten in den einzelnen wissenschaftlichen Disziplinen erfahren.<\/p>\n<p>Alle drei dieser Wissenschaftszweige sind Wahlf\u00e4cher f\u00fcr das Leaving Certificate. wobei ein Gro\u00dfteil der Sch\u00fcler sich f\u00fcr zwei Naturwissenschaften entscheidet.<\/p>\n<p>Unsere au\u00dferschulischen Aktivit\u00e4ten umfassen im \u00dcbergangsjahr einen Besuch des W5-Museums in Belfast, eine Wissenschaftswoche, den Bayer Science Wettbewerb, die BT Young Scientist-Ausstellung und das \u201eScifest\u201c.<\/p>\n","protected":false},"excerpt":{"rendered":"<p>Ziel dieses Fachbereichs ist es, naturwissenschaftliches Lernen mit Spa\u00df und Freude zu verbinden. Wir m\u00f6chten unsere Sch\u00fcler dazu bef\u00e4higen, sich einen altersgem\u00e4\u00dfen wissenschaftlichen Kenntnisstand anzueignen&#8230; <a class=\"find-out-more-link\" href=\"https:\/\/www.kilians.com\/de\/sekundaer\/fachbereiche\/fachbereich-naturwissenschaft\/\">Weiterlesen<\/a> <\/p>\n","protected":false},"author":1,"featured_media":0,"parent":2253,"menu_order":32,"comment_status":"closed","ping_status":"closed","template":"","meta":{"footnotes":""},"class_list":{"0":"post-2305","1":"page","2":"type-page","3":"status-publish","5":"entry"},"yoast_head":"<!-- This site is optimized with the Yoast SEO plugin v17.2.1 - https:\/\/yoast.com\/wordpress\/plugins\/seo\/ -->\n<meta name=\"robots\" content=\"index, follow, max-snippet:-1, max-image-preview:large, max-video-preview:-1\" \/>\n<link rel=\"canonical\" href=\"https:\/\/www.kilians.com\/de\/sekundaer\/fachbereiche\/fachbereich-naturwissenschaft\/\" \/>\n<meta property=\"og:locale\" content=\"de_DE\" \/>\n<meta property=\"og:type\" content=\"article\" \/>\n<meta property=\"og:title\" content=\"Fachbereich Naturwissenschaft - St. Kilian&#039;s German School, Dublin\" \/>\n<meta property=\"og:description\" content=\"Ziel dieses Fachbereichs ist es, naturwissenschaftliches Lernen mit Spa\u00df und Freude zu verbinden. Wir m\u00f6chten unsere Sch\u00fcler dazu bef\u00e4higen, sich einen altersgem\u00e4\u00dfen wissenschaftlichen Kenntnisstand anzueignen... Weiterlesen\" \/>\n<meta property=\"og:url\" content=\"https:\/\/www.kilians.com\/de\/sekundaer\/fachbereiche\/fachbereich-naturwissenschaft\/\" \/>\n<meta property=\"og:site_name\" content=\"St. Kilian&#039;s German School, Dublin\" \/>\n<meta property=\"article:modified_time\" content=\"2012-07-03T14:23:50+00:00\" \/>\n<meta name=\"twitter:card\" content=\"summary\" \/>\n<meta name=\"twitter:label1\" content=\"Gesch\u00e4tzte Lesezeit\" \/>\n\t<meta name=\"twitter:data1\" content=\"1 minute\" \/>\n<script type=\"application\/ld+json\" class=\"yoast-schema-graph\">{\"@context\":\"https:\/\/schema.org\",\"@graph\":[{\"@type\":\"Organization\",\"@id\":\"https:\/\/www.kilians.com\/#organization\",\"name\":\"St. Kilian's\",\"url\":\"https:\/\/www.kilians.com\/\",\"sameAs\":[],\"logo\":{\"@type\":\"ImageObject\",\"@id\":\"https:\/\/www.kilians.com\/#logo\",\"inLanguage\":\"de-DE\",\"url\":\"https:\/\/www.kilians.com\/wp-content\/uploads\/2017\/02\/StKilians_MasterLogo_Colour-1.png\",\"contentUrl\":\"https:\/\/www.kilians.com\/wp-content\/uploads\/2017\/02\/StKilians_MasterLogo_Colour-1.png\",\"width\":768,\"height\":1240,\"caption\":\"St. Kilian's\"},\"image\":{\"@id\":\"https:\/\/www.kilians.com\/#logo\"}},{\"@type\":\"WebSite\",\"@id\":\"https:\/\/www.kilians.com\/#website\",\"url\":\"https:\/\/www.kilians.com\/\",\"name\":\"St. Kilian&#039;s German School, Dublin\",\"description\":\"\",\"publisher\":{\"@id\":\"https:\/\/www.kilians.com\/#organization\"},\"potentialAction\":[{\"@type\":\"SearchAction\",\"target\":{\"@type\":\"EntryPoint\",\"urlTemplate\":\"https:\/\/www.kilians.com\/?s={search_term_string}\"},\"query-input\":\"required name=search_term_string\"}],\"inLanguage\":\"de-DE\"},{\"@type\":\"WebPage\",\"@id\":\"https:\/\/www.kilians.com\/de\/sekundaer\/fachbereiche\/fachbereich-naturwissenschaft\/#webpage\",\"url\":\"https:\/\/www.kilians.com\/de\/sekundaer\/fachbereiche\/fachbereich-naturwissenschaft\/\",\"name\":\"Fachbereich Naturwissenschaft - St. Kilian&#039;s German School, Dublin\",\"isPartOf\":{\"@id\":\"https:\/\/www.kilians.com\/#website\"},\"datePublished\":\"2012-07-03T14:23:42+00:00\",\"dateModified\":\"2012-07-03T14:23:50+00:00\",\"breadcrumb\":{\"@id\":\"https:\/\/www.kilians.com\/de\/sekundaer\/fachbereiche\/fachbereich-naturwissenschaft\/#breadcrumb\"},\"inLanguage\":\"de-DE\",\"potentialAction\":[{\"@type\":\"ReadAction\",\"target\":[\"https:\/\/www.kilians.com\/de\/sekundaer\/fachbereiche\/fachbereich-naturwissenschaft\/\"]}]},{\"@type\":\"BreadcrumbList\",\"@id\":\"https:\/\/www.kilians.com\/de\/sekundaer\/fachbereiche\/fachbereich-naturwissenschaft\/#breadcrumb\",\"itemListElement\":[{\"@type\":\"ListItem\",\"position\":1,\"name\":\"Home\",\"item\":\"https:\/\/www.kilians.com\/de\/\"},{\"@type\":\"ListItem\",\"position\":2,\"name\":\"Sekundarschule\",\"item\":\"https:\/\/www.kilians.com\/de\/sekundaer\/\"},{\"@type\":\"ListItem\",\"position\":3,\"name\":\"Fachbereiche\",\"item\":\"https:\/\/www.kilians.com\/de\/sekundaer\/fachbereiche\/\"},{\"@type\":\"ListItem\",\"position\":4,\"name\":\"Fachbereich Naturwissenschaft\"}]}]}<\/script>\n<!-- \/ Yoast SEO plugin. -->","yoast_head_json":{"robots":{"index":"index","follow":"follow","max-snippet":"max-snippet:-1","max-image-preview":"max-image-preview:large","max-video-preview":"max-video-preview:-1"},"canonical":"https:\/\/www.kilians.com\/de\/sekundaer\/fachbereiche\/fachbereich-naturwissenschaft\/","og_locale":"de_DE","og_type":"article","og_title":"Fachbereich Naturwissenschaft - St. Kilian&#039;s German School, Dublin","og_description":"Ziel dieses Fachbereichs ist es, naturwissenschaftliches Lernen mit Spa\u00df und Freude zu verbinden. Wir m\u00f6chten unsere Sch\u00fcler dazu bef\u00e4higen, sich einen altersgem\u00e4\u00dfen wissenschaftlichen Kenntnisstand anzueignen... Weiterlesen","og_url":"https:\/\/www.kilians.com\/de\/sekundaer\/fachbereiche\/fachbereich-naturwissenschaft\/","og_site_name":"St. Kilian&#039;s German School, Dublin","article_modified_time":"2012-07-03T14:23:50+00:00","twitter_card":"summary","twitter_misc":{"Gesch\u00e4tzte Lesezeit":"1 minute"},"schema":{"@context":"https:\/\/schema.org","@graph":[{"@type":"Organization","@id":"https:\/\/www.kilians.com\/#organization","name":"St. Kilian's","url":"https:\/\/www.kilians.com\/","sameAs":[],"logo":{"@type":"ImageObject","@id":"https:\/\/www.kilians.com\/#logo","inLanguage":"de-DE","url":"https:\/\/www.kilians.com\/wp-content\/uploads\/2017\/02\/StKilians_MasterLogo_Colour-1.png","contentUrl":"https:\/\/www.kilians.com\/wp-content\/uploads\/2017\/02\/StKilians_MasterLogo_Colour-1.png","width":768,"height":1240,"caption":"St. Kilian's"},"image":{"@id":"https:\/\/www.kilians.com\/#logo"}},{"@type":"WebSite","@id":"https:\/\/www.kilians.com\/#website","url":"https:\/\/www.kilians.com\/","name":"St. Kilian&#039;s German School, Dublin","description":"","publisher":{"@id":"https:\/\/www.kilians.com\/#organization"},"potentialAction":[{"@type":"SearchAction","target":{"@type":"EntryPoint","urlTemplate":"https:\/\/www.kilians.com\/?s={search_term_string}"},"query-input":"required name=search_term_string"}],"inLanguage":"de-DE"},{"@type":"WebPage","@id":"https:\/\/www.kilians.com\/de\/sekundaer\/fachbereiche\/fachbereich-naturwissenschaft\/#webpage","url":"https:\/\/www.kilians.com\/de\/sekundaer\/fachbereiche\/fachbereich-naturwissenschaft\/","name":"Fachbereich Naturwissenschaft - St. Kilian&#039;s German School, Dublin","isPartOf":{"@id":"https:\/\/www.kilians.com\/#website"},"datePublished":"2012-07-03T14:23:42+00:00","dateModified":"2012-07-03T14:23:50+00:00","breadcrumb":{"@id":"https:\/\/www.kilians.com\/de\/sekundaer\/fachbereiche\/fachbereich-naturwissenschaft\/#breadcrumb"},"inLanguage":"de-DE","potentialAction":[{"@type":"ReadAction","target":["https:\/\/www.kilians.com\/de\/sekundaer\/fachbereiche\/fachbereich-naturwissenschaft\/"]}]},{"@type":"BreadcrumbList","@id":"https:\/\/www.kilians.com\/de\/sekundaer\/fachbereiche\/fachbereich-naturwissenschaft\/#breadcrumb","itemListElement":[{"@type":"ListItem","position":1,"name":"Home","item":"https:\/\/www.kilians.com\/de\/"},{"@type":"ListItem","position":2,"name":"Sekundarschule","item":"https:\/\/www.kilians.com\/de\/sekundaer\/"},{"@type":"ListItem","position":3,"name":"Fachbereiche","item":"https:\/\/www.kilians.com\/de\/sekundaer\/fachbereiche\/"},{"@type":"ListItem","position":4,"name":"Fachbereich Naturwissenschaft"}]}]}},"_links":{"self":[{"href":"https:\/\/www.kilians.com\/de\/wp-json\/wp\/v2\/pages\/2305\/"}],"collection":[{"href":"https:\/\/www.kilians.com\/de\/wp-json\/wp\/v2\/pages\/"}],"about":[{"href":"https:\/\/www.kilians.com\/de\/wp-json\/wp\/v2\/types\/page\/"}],"author":[{"embeddable":true,"href":"https:\/\/www.kilians.com\/de\/wp-json\/wp\/v2\/users\/1\/"}],"replies":[{"embeddable":true,"href":"https:\/\/www.kilians.com\/de\/wp-json\/wp\/v2\/comments\/?post=2305"}],"version-history":[{"count":0,"href":"https:\/\/www.kilians.com\/de\/wp-json\/wp\/v2\/pages\/2305\/revisions\/"}],"up":[{"embeddable":true,"href":"https:\/\/www.kilians.com\/de\/wp-json\/wp\/v2\/pages\/2253\/"}],"wp:attachment":[{"href":"https:\/\/www.kilians.com\/de\/wp-json\/wp\/v2\/media\/?parent=2305"}],"curies":[{"name":"wp","href":"https:\/\/api.w.org\/{rel}","templated":true}]}}