{"id":2315,"date":"2012-07-03T14:34:58","date_gmt":"2012-07-03T14:34:58","guid":{"rendered":"http:\/\/kilians.wpengine.com\/?page_id=2315"},"modified":"2012-08-01T15:11:57","modified_gmt":"2012-08-01T15:11:57","slug":"bibliothek","status":"publish","type":"page","link":"https:\/\/www.kilians.com\/de\/sekundaer\/bibliothek\/","title":{"rendered":"Bibliothek"},"content":{"rendered":"<p>Die neue Schulbibliothek ist in jeder Hinsicht ein Erfolg. Sie ist einer der betriebsamsten R\u00e4ume der Schule und wird von den Klassen regelm\u00e4\u00dfig zum stillen Lesen, f\u00fcr die eigenst\u00e4ndige Recherche oder im Falle der j\u00fcngeren Sch\u00fcler als Kulisse f\u00fcr die Vorlesestunde genutzt. Dieses Jahr wurden zudem die Kindergartenkinder willkommen gehei\u00dfen, die mittlerweile zu den regul\u00e4ren Besuchern z\u00e4hlen.<\/p>\n<p>Viele unserer B\u00fccher haben wir in Form von Spenden erhalten \u2013 vielen Dank f\u00fcr jedes einzelne davon. Zus\u00e4tzlich wurden Hunderte weiterer Neuerwerbungen auf Englisch und Deutsch get\u00e4tigt, wodurch der Gesamtbestand der Bibliothek nun auf beinahe 4000 B\u00fccher \u2013 f\u00fcr die verschiedensten Interessensgebiete und Lesef\u00e4higkeiten \u2013 angestiegen ist. Au\u00dferdem wurde die Bibliothek teilweise neu eingerichtet und erstrahlt nun mit ihren neuen, letzten Sommer montierten Regalen und den gem\u00fctlichen, bunten Sitzgelegenheiten, die im Fr\u00fchling geliefert wurden, in einem noch freundlicheren Licht.<\/p>\n<p>Die \u00d6ffnung der Bibliothek am fr\u00fchen Morgen hat sich bei unseren j\u00fcngeren Sch\u00fclern als \u00fcberaus beliebt herausgestellt: Nun k\u00f6nnen sie schon ab 7:45 Uhr einen Abstecher hierher machen, um gemeinsam mit Freunden oder auch alleine und in aller Ruhe ein Buch zu lesen. Diese Lesestunde, die in unser Programm f\u00fcr das Junior Certificate im Fachbereich Englisch integriert wurde, kommt bei unseren Sch\u00fclern sehr gut an und unterst\u00fctzt die p\u00e4dagogischen Anforderungen des Lehrplans. Unser langfristiges Ziel ist es, die Freude an B\u00fcchern und die Liebe f\u00fcr das Lesen zu wecken und zu f\u00f6rdern.<br \/>\nDie Bibliothek ist die ganze Woche f\u00fcr den Ausleihbetrieb ge\u00f6ffnet, wobei es eigene Zeiten f\u00fcr Primar- und Sekundarstufe gibt.<\/p>\n<p>In K\u00fcrze hoffen wir au\u00dferdem auf die Lieferung einer Reihe elektronischer Leseger\u00e4te (e-Reader), die ebenfalls auf Ausleihbasis zum Einsatz kommen werden.<\/p>\n","protected":false},"excerpt":{"rendered":"<p>Die neue Schulbibliothek ist in jeder Hinsicht ein Erfolg. Sie ist einer der betriebsamsten R\u00e4ume der Schule und wird von den Klassen regelm\u00e4\u00dfig zum stillen&#8230; <a class=\"find-out-more-link\" href=\"https:\/\/www.kilians.com\/de\/sekundaer\/bibliothek\/\">Weiterlesen<\/a> <\/p>\n","protected":false},"author":1,"featured_media":0,"parent":64,"menu_order":15,"comment_status":"closed","ping_status":"closed","template":"","meta":{"footnotes":""},"class_list":{"0":"post-2315","1":"page","2":"type-page","3":"status-publish","5":"entry"},"yoast_head":"<!-- This site is optimized with the Yoast SEO plugin v17.2.1 - https:\/\/yoast.com\/wordpress\/plugins\/seo\/ -->\n<meta name=\"robots\" content=\"index, follow, max-snippet:-1, max-image-preview:large, max-video-preview:-1\" \/>\n<link rel=\"canonical\" href=\"https:\/\/www.kilians.com\/de\/sekundaer\/bibliothek\/\" \/>\n<meta property=\"og:locale\" content=\"de_DE\" \/>\n<meta property=\"og:type\" content=\"article\" \/>\n<meta property=\"og:title\" content=\"Bibliothek - St. Kilian&#039;s German School, Dublin\" \/>\n<meta property=\"og:description\" content=\"Die neue Schulbibliothek ist in jeder Hinsicht ein Erfolg. Sie ist einer der betriebsamsten R\u00e4ume der Schule und wird von den Klassen regelm\u00e4\u00dfig zum stillen... Weiterlesen\" \/>\n<meta property=\"og:url\" content=\"https:\/\/www.kilians.com\/de\/sekundaer\/bibliothek\/\" \/>\n<meta property=\"og:site_name\" content=\"St. Kilian&#039;s German School, Dublin\" \/>\n<meta property=\"article:modified_time\" content=\"2012-08-01T15:11:57+00:00\" \/>\n<meta name=\"twitter:card\" content=\"summary\" \/>\n<meta name=\"twitter:label1\" content=\"Gesch\u00e4tzte Lesezeit\" \/>\n\t<meta name=\"twitter:data1\" content=\"2 minutes\" \/>\n<script type=\"application\/ld+json\" class=\"yoast-schema-graph\">{\"@context\":\"https:\/\/schema.org\",\"@graph\":[{\"@type\":\"Organization\",\"@id\":\"https:\/\/www.kilians.com\/#organization\",\"name\":\"St. Kilian's\",\"url\":\"https:\/\/www.kilians.com\/\",\"sameAs\":[],\"logo\":{\"@type\":\"ImageObject\",\"@id\":\"https:\/\/www.kilians.com\/#logo\",\"inLanguage\":\"de-DE\",\"url\":\"https:\/\/www.kilians.com\/wp-content\/uploads\/2017\/02\/StKilians_MasterLogo_Colour-1.png\",\"contentUrl\":\"https:\/\/www.kilians.com\/wp-content\/uploads\/2017\/02\/StKilians_MasterLogo_Colour-1.png\",\"width\":768,\"height\":1240,\"caption\":\"St. Kilian's\"},\"image\":{\"@id\":\"https:\/\/www.kilians.com\/#logo\"}},{\"@type\":\"WebSite\",\"@id\":\"https:\/\/www.kilians.com\/#website\",\"url\":\"https:\/\/www.kilians.com\/\",\"name\":\"St. Kilian&#039;s German School, Dublin\",\"description\":\"\",\"publisher\":{\"@id\":\"https:\/\/www.kilians.com\/#organization\"},\"potentialAction\":[{\"@type\":\"SearchAction\",\"target\":{\"@type\":\"EntryPoint\",\"urlTemplate\":\"https:\/\/www.kilians.com\/?s={search_term_string}\"},\"query-input\":\"required name=search_term_string\"}],\"inLanguage\":\"de-DE\"},{\"@type\":\"WebPage\",\"@id\":\"https:\/\/www.kilians.com\/de\/sekundaer\/bibliothek\/#webpage\",\"url\":\"https:\/\/www.kilians.com\/de\/sekundaer\/bibliothek\/\",\"name\":\"Bibliothek - St. Kilian&#039;s German School, Dublin\",\"isPartOf\":{\"@id\":\"https:\/\/www.kilians.com\/#website\"},\"datePublished\":\"2012-07-03T14:34:58+00:00\",\"dateModified\":\"2012-08-01T15:11:57+00:00\",\"breadcrumb\":{\"@id\":\"https:\/\/www.kilians.com\/de\/sekundaer\/bibliothek\/#breadcrumb\"},\"inLanguage\":\"de-DE\",\"potentialAction\":[{\"@type\":\"ReadAction\",\"target\":[\"https:\/\/www.kilians.com\/de\/sekundaer\/bibliothek\/\"]}]},{\"@type\":\"BreadcrumbList\",\"@id\":\"https:\/\/www.kilians.com\/de\/sekundaer\/bibliothek\/#breadcrumb\",\"itemListElement\":[{\"@type\":\"ListItem\",\"position\":1,\"name\":\"Home\",\"item\":\"https:\/\/www.kilians.com\/de\/\"},{\"@type\":\"ListItem\",\"position\":2,\"name\":\"Sekundarschule\",\"item\":\"https:\/\/www.kilians.com\/de\/sekundaer\/\"},{\"@type\":\"ListItem\",\"position\":3,\"name\":\"Bibliothek\"}]}]}<\/script>\n<!-- \/ Yoast SEO plugin. -->","yoast_head_json":{"robots":{"index":"index","follow":"follow","max-snippet":"max-snippet:-1","max-image-preview":"max-image-preview:large","max-video-preview":"max-video-preview:-1"},"canonical":"https:\/\/www.kilians.com\/de\/sekundaer\/bibliothek\/","og_locale":"de_DE","og_type":"article","og_title":"Bibliothek - St. Kilian&#039;s German School, Dublin","og_description":"Die neue Schulbibliothek ist in jeder Hinsicht ein Erfolg. Sie ist einer der betriebsamsten R\u00e4ume der Schule und wird von den Klassen regelm\u00e4\u00dfig zum stillen... Weiterlesen","og_url":"https:\/\/www.kilians.com\/de\/sekundaer\/bibliothek\/","og_site_name":"St. Kilian&#039;s German School, Dublin","article_modified_time":"2012-08-01T15:11:57+00:00","twitter_card":"summary","twitter_misc":{"Gesch\u00e4tzte Lesezeit":"2 minutes"},"schema":{"@context":"https:\/\/schema.org","@graph":[{"@type":"Organization","@id":"https:\/\/www.kilians.com\/#organization","name":"St. Kilian's","url":"https:\/\/www.kilians.com\/","sameAs":[],"logo":{"@type":"ImageObject","@id":"https:\/\/www.kilians.com\/#logo","inLanguage":"de-DE","url":"https:\/\/www.kilians.com\/wp-content\/uploads\/2017\/02\/StKilians_MasterLogo_Colour-1.png","contentUrl":"https:\/\/www.kilians.com\/wp-content\/uploads\/2017\/02\/StKilians_MasterLogo_Colour-1.png","width":768,"height":1240,"caption":"St. Kilian's"},"image":{"@id":"https:\/\/www.kilians.com\/#logo"}},{"@type":"WebSite","@id":"https:\/\/www.kilians.com\/#website","url":"https:\/\/www.kilians.com\/","name":"St. Kilian&#039;s German School, Dublin","description":"","publisher":{"@id":"https:\/\/www.kilians.com\/#organization"},"potentialAction":[{"@type":"SearchAction","target":{"@type":"EntryPoint","urlTemplate":"https:\/\/www.kilians.com\/?s={search_term_string}"},"query-input":"required name=search_term_string"}],"inLanguage":"de-DE"},{"@type":"WebPage","@id":"https:\/\/www.kilians.com\/de\/sekundaer\/bibliothek\/#webpage","url":"https:\/\/www.kilians.com\/de\/sekundaer\/bibliothek\/","name":"Bibliothek - St. Kilian&#039;s German School, Dublin","isPartOf":{"@id":"https:\/\/www.kilians.com\/#website"},"datePublished":"2012-07-03T14:34:58+00:00","dateModified":"2012-08-01T15:11:57+00:00","breadcrumb":{"@id":"https:\/\/www.kilians.com\/de\/sekundaer\/bibliothek\/#breadcrumb"},"inLanguage":"de-DE","potentialAction":[{"@type":"ReadAction","target":["https:\/\/www.kilians.com\/de\/sekundaer\/bibliothek\/"]}]},{"@type":"BreadcrumbList","@id":"https:\/\/www.kilians.com\/de\/sekundaer\/bibliothek\/#breadcrumb","itemListElement":[{"@type":"ListItem","position":1,"name":"Home","item":"https:\/\/www.kilians.com\/de\/"},{"@type":"ListItem","position":2,"name":"Sekundarschule","item":"https:\/\/www.kilians.com\/de\/sekundaer\/"},{"@type":"ListItem","position":3,"name":"Bibliothek"}]}]}},"_links":{"self":[{"href":"https:\/\/www.kilians.com\/de\/wp-json\/wp\/v2\/pages\/2315\/"}],"collection":[{"href":"https:\/\/www.kilians.com\/de\/wp-json\/wp\/v2\/pages\/"}],"about":[{"href":"https:\/\/www.kilians.com\/de\/wp-json\/wp\/v2\/types\/page\/"}],"author":[{"embeddable":true,"href":"https:\/\/www.kilians.com\/de\/wp-json\/wp\/v2\/users\/1\/"}],"replies":[{"embeddable":true,"href":"https:\/\/www.kilians.com\/de\/wp-json\/wp\/v2\/comments\/?post=2315"}],"version-history":[{"count":0,"href":"https:\/\/www.kilians.com\/de\/wp-json\/wp\/v2\/pages\/2315\/revisions\/"}],"up":[{"embeddable":true,"href":"https:\/\/www.kilians.com\/de\/wp-json\/wp\/v2\/pages\/64\/"}],"wp:attachment":[{"href":"https:\/\/www.kilians.com\/de\/wp-json\/wp\/v2\/media\/?parent=2315"}],"curies":[{"name":"wp","href":"https:\/\/api.w.org\/{rel}","templated":true}]}}