{"id":4873,"date":"2012-08-23T11:20:17","date_gmt":"2012-08-23T11:20:17","guid":{"rendered":"http:\/\/kilians.wpengine.com\/?page_id=4873"},"modified":"2012-08-28T12:26:44","modified_gmt":"2012-08-28T12:26:44","slug":"mathematik","status":"publish","type":"page","link":"https:\/\/www.kilians.com\/de\/kindergarten-und-grundschule\/fachbereiche-2\/mathematik\/","title":{"rendered":"Mathematik"},"content":{"rendered":"<p>Der Mathematikunterricht erm\u00f6glicht es Kindern, quantitativ und r\u00e4umlich zu denken und zu kommunizieren, Probleme zu l\u00f6sen, Situationen zu erkennen, in denen Mathematik angewandt werden kann, und entsprechende Anwendungstechnik daf\u00fcr zu nutzen. Der Mathematiklehrplan f\u00f6rdert die Entwicklung der Bewertungs- und Probleml\u00f6sungsf\u00e4higkeiten. Dies erfolgt anhand von Beispielen, die f\u00fcr die Erfahrung des Kindes relevant sind. Diskussionen, praktische Erfahrung mit Materialien und aktives Lernen werden in der Grundschule in den Vordergrund gestellt, wobei die Bedeutung der mathematischen Sprache f\u00fcr den Ideenaustausch ebenfalls betont wird.\u00a0<\/p>\n<p>Der Inhalt des Mathematiklehrplans wird in Zwei-Jahres-Bl\u00f6cken angeboten, wobei der Unterrichtsstoff f\u00fcr jede Klassenstufe deutlich unterschieden ist und in zwei separaten Abschnitten unterrichtet wird.<\/p>\n<p>Im Lehrplan wird auch umrissen, welche F\u00e4higkeiten die Kinder erwerben sollten, w\u00e4hrend sie sich auf mathematischem Gebiet entwickeln. Dazu geh\u00f6ren:<\/p>\n<ul>\n<li>Anwendung und Probleml\u00f6sung<\/li>\n<li>Verstehen und Abrufen von Wissen<\/li>\n<li>Kommunikation und Ausdruck<\/li>\n<li>Integration und Verkn\u00fcpfung<\/li>\n<li>Begr\u00fcndung<\/li>\n<li>Umsetzung.<\/li>\n<\/ul>\n<p>Der Lehrplan umfasst ebenfalls eine Reihe von Schwerpunktgebieten, die im Mathematikprogramm jeder Klasse behandelt werden und sich in verschiedene Einheiten untergliedern. Je nach Klassenstufe sind solche Schwerpunktgebiete etwa:<\/p>\n<ul>\n<li>Fr\u00fche mathematische Aktivit\u00e4ten<\/li>\n<li>Zahlen<\/li>\n<li>Algebra<\/li>\n<li>Form und Raum<\/li>\n<li>Ma\u00dfe<\/li>\n<li>Daten.<\/li>\n<\/ul>\n<p>&nbsp;<\/p>\n<p>&nbsp;<\/p>\n<p>&nbsp;<\/p>\n<p><strong><span style=\"text-decoration: underline;\">\u00a0<\/span><\/strong><\/p>\n","protected":false},"excerpt":{"rendered":"<p>Der Mathematikunterricht erm\u00f6glicht es Kindern, quantitativ und r\u00e4umlich zu denken und zu kommunizieren, Probleme zu l\u00f6sen, Situationen zu erkennen, in denen Mathematik angewandt werden kann,&#8230; <a class=\"find-out-more-link\" href=\"https:\/\/www.kilians.com\/de\/kindergarten-und-grundschule\/fachbereiche-2\/mathematik\/\">Weiterlesen<\/a> <\/p>\n","protected":false},"author":1,"featured_media":0,"parent":5116,"menu_order":8,"comment_status":"closed","ping_status":"closed","template":"","meta":{"footnotes":""},"class_list":{"0":"post-4873","1":"page","2":"type-page","3":"status-publish","5":"entry"},"yoast_head":"<!-- This site is optimized with the Yoast SEO plugin v17.2.1 - https:\/\/yoast.com\/wordpress\/plugins\/seo\/ -->\n<meta name=\"robots\" content=\"index, follow, max-snippet:-1, max-image-preview:large, max-video-preview:-1\" \/>\n<link rel=\"canonical\" href=\"https:\/\/www.kilians.com\/de\/kindergarten-und-grundschule\/fachbereiche-2\/mathematik\/\" \/>\n<meta property=\"og:locale\" content=\"de_DE\" \/>\n<meta property=\"og:type\" content=\"article\" \/>\n<meta property=\"og:title\" content=\"Mathematik - St. Kilian&#039;s German School, Dublin\" \/>\n<meta property=\"og:description\" content=\"Der Mathematikunterricht erm\u00f6glicht es Kindern, quantitativ und r\u00e4umlich zu denken und zu kommunizieren, Probleme zu l\u00f6sen, Situationen zu erkennen, in denen Mathematik angewandt werden kann,... Weiterlesen\" \/>\n<meta property=\"og:url\" content=\"https:\/\/www.kilians.com\/de\/kindergarten-und-grundschule\/fachbereiche-2\/mathematik\/\" \/>\n<meta property=\"og:site_name\" content=\"St. Kilian&#039;s German School, Dublin\" \/>\n<meta property=\"article:modified_time\" content=\"2012-08-28T12:26:44+00:00\" \/>\n<meta name=\"twitter:card\" content=\"summary\" \/>\n<meta name=\"twitter:label1\" content=\"Gesch\u00e4tzte Lesezeit\" \/>\n\t<meta name=\"twitter:data1\" content=\"1 minute\" \/>\n<script type=\"application\/ld+json\" class=\"yoast-schema-graph\">{\"@context\":\"https:\/\/schema.org\",\"@graph\":[{\"@type\":\"Organization\",\"@id\":\"https:\/\/www.kilians.com\/#organization\",\"name\":\"St. Kilian's\",\"url\":\"https:\/\/www.kilians.com\/\",\"sameAs\":[],\"logo\":{\"@type\":\"ImageObject\",\"@id\":\"https:\/\/www.kilians.com\/#logo\",\"inLanguage\":\"de-DE\",\"url\":\"https:\/\/www.kilians.com\/wp-content\/uploads\/2017\/02\/StKilians_MasterLogo_Colour-1.png\",\"contentUrl\":\"https:\/\/www.kilians.com\/wp-content\/uploads\/2017\/02\/StKilians_MasterLogo_Colour-1.png\",\"width\":768,\"height\":1240,\"caption\":\"St. Kilian's\"},\"image\":{\"@id\":\"https:\/\/www.kilians.com\/#logo\"}},{\"@type\":\"WebSite\",\"@id\":\"https:\/\/www.kilians.com\/#website\",\"url\":\"https:\/\/www.kilians.com\/\",\"name\":\"St. Kilian&#039;s German School, Dublin\",\"description\":\"\",\"publisher\":{\"@id\":\"https:\/\/www.kilians.com\/#organization\"},\"potentialAction\":[{\"@type\":\"SearchAction\",\"target\":{\"@type\":\"EntryPoint\",\"urlTemplate\":\"https:\/\/www.kilians.com\/?s={search_term_string}\"},\"query-input\":\"required name=search_term_string\"}],\"inLanguage\":\"de-DE\"},{\"@type\":\"WebPage\",\"@id\":\"https:\/\/www.kilians.com\/de\/kindergarten-und-grundschule\/fachbereiche-2\/mathematik\/#webpage\",\"url\":\"https:\/\/www.kilians.com\/de\/kindergarten-und-grundschule\/fachbereiche-2\/mathematik\/\",\"name\":\"Mathematik - St. Kilian&#039;s German School, Dublin\",\"isPartOf\":{\"@id\":\"https:\/\/www.kilians.com\/#website\"},\"datePublished\":\"2012-08-23T11:20:17+00:00\",\"dateModified\":\"2012-08-28T12:26:44+00:00\",\"breadcrumb\":{\"@id\":\"https:\/\/www.kilians.com\/de\/kindergarten-und-grundschule\/fachbereiche-2\/mathematik\/#breadcrumb\"},\"inLanguage\":\"de-DE\",\"potentialAction\":[{\"@type\":\"ReadAction\",\"target\":[\"https:\/\/www.kilians.com\/de\/kindergarten-und-grundschule\/fachbereiche-2\/mathematik\/\"]}]},{\"@type\":\"BreadcrumbList\",\"@id\":\"https:\/\/www.kilians.com\/de\/kindergarten-und-grundschule\/fachbereiche-2\/mathematik\/#breadcrumb\",\"itemListElement\":[{\"@type\":\"ListItem\",\"position\":1,\"name\":\"Home\",\"item\":\"https:\/\/www.kilians.com\/de\/\"},{\"@type\":\"ListItem\",\"position\":2,\"name\":\"Grundschule und Kindergarten\",\"item\":\"https:\/\/www.kilians.com\/de\/kindergarten-und-grundschule\/\"},{\"@type\":\"ListItem\",\"position\":3,\"name\":\"Fachbereiche\",\"item\":\"https:\/\/www.kilians.com\/de\/kindergarten-und-grundschule\/fachbereiche-2\/\"},{\"@type\":\"ListItem\",\"position\":4,\"name\":\"Mathematik\"}]}]}<\/script>\n<!-- \/ Yoast SEO plugin. -->","yoast_head_json":{"robots":{"index":"index","follow":"follow","max-snippet":"max-snippet:-1","max-image-preview":"max-image-preview:large","max-video-preview":"max-video-preview:-1"},"canonical":"https:\/\/www.kilians.com\/de\/kindergarten-und-grundschule\/fachbereiche-2\/mathematik\/","og_locale":"de_DE","og_type":"article","og_title":"Mathematik - St. Kilian&#039;s German School, Dublin","og_description":"Der Mathematikunterricht erm\u00f6glicht es Kindern, quantitativ und r\u00e4umlich zu denken und zu kommunizieren, Probleme zu l\u00f6sen, Situationen zu erkennen, in denen Mathematik angewandt werden kann,... Weiterlesen","og_url":"https:\/\/www.kilians.com\/de\/kindergarten-und-grundschule\/fachbereiche-2\/mathematik\/","og_site_name":"St. Kilian&#039;s German School, Dublin","article_modified_time":"2012-08-28T12:26:44+00:00","twitter_card":"summary","twitter_misc":{"Gesch\u00e4tzte Lesezeit":"1 minute"},"schema":{"@context":"https:\/\/schema.org","@graph":[{"@type":"Organization","@id":"https:\/\/www.kilians.com\/#organization","name":"St. Kilian's","url":"https:\/\/www.kilians.com\/","sameAs":[],"logo":{"@type":"ImageObject","@id":"https:\/\/www.kilians.com\/#logo","inLanguage":"de-DE","url":"https:\/\/www.kilians.com\/wp-content\/uploads\/2017\/02\/StKilians_MasterLogo_Colour-1.png","contentUrl":"https:\/\/www.kilians.com\/wp-content\/uploads\/2017\/02\/StKilians_MasterLogo_Colour-1.png","width":768,"height":1240,"caption":"St. Kilian's"},"image":{"@id":"https:\/\/www.kilians.com\/#logo"}},{"@type":"WebSite","@id":"https:\/\/www.kilians.com\/#website","url":"https:\/\/www.kilians.com\/","name":"St. Kilian&#039;s German School, Dublin","description":"","publisher":{"@id":"https:\/\/www.kilians.com\/#organization"},"potentialAction":[{"@type":"SearchAction","target":{"@type":"EntryPoint","urlTemplate":"https:\/\/www.kilians.com\/?s={search_term_string}"},"query-input":"required name=search_term_string"}],"inLanguage":"de-DE"},{"@type":"WebPage","@id":"https:\/\/www.kilians.com\/de\/kindergarten-und-grundschule\/fachbereiche-2\/mathematik\/#webpage","url":"https:\/\/www.kilians.com\/de\/kindergarten-und-grundschule\/fachbereiche-2\/mathematik\/","name":"Mathematik - St. Kilian&#039;s German School, Dublin","isPartOf":{"@id":"https:\/\/www.kilians.com\/#website"},"datePublished":"2012-08-23T11:20:17+00:00","dateModified":"2012-08-28T12:26:44+00:00","breadcrumb":{"@id":"https:\/\/www.kilians.com\/de\/kindergarten-und-grundschule\/fachbereiche-2\/mathematik\/#breadcrumb"},"inLanguage":"de-DE","potentialAction":[{"@type":"ReadAction","target":["https:\/\/www.kilians.com\/de\/kindergarten-und-grundschule\/fachbereiche-2\/mathematik\/"]}]},{"@type":"BreadcrumbList","@id":"https:\/\/www.kilians.com\/de\/kindergarten-und-grundschule\/fachbereiche-2\/mathematik\/#breadcrumb","itemListElement":[{"@type":"ListItem","position":1,"name":"Home","item":"https:\/\/www.kilians.com\/de\/"},{"@type":"ListItem","position":2,"name":"Grundschule und Kindergarten","item":"https:\/\/www.kilians.com\/de\/kindergarten-und-grundschule\/"},{"@type":"ListItem","position":3,"name":"Fachbereiche","item":"https:\/\/www.kilians.com\/de\/kindergarten-und-grundschule\/fachbereiche-2\/"},{"@type":"ListItem","position":4,"name":"Mathematik"}]}]}},"_links":{"self":[{"href":"https:\/\/www.kilians.com\/de\/wp-json\/wp\/v2\/pages\/4873\/"}],"collection":[{"href":"https:\/\/www.kilians.com\/de\/wp-json\/wp\/v2\/pages\/"}],"about":[{"href":"https:\/\/www.kilians.com\/de\/wp-json\/wp\/v2\/types\/page\/"}],"author":[{"embeddable":true,"href":"https:\/\/www.kilians.com\/de\/wp-json\/wp\/v2\/users\/1\/"}],"replies":[{"embeddable":true,"href":"https:\/\/www.kilians.com\/de\/wp-json\/wp\/v2\/comments\/?post=4873"}],"version-history":[{"count":0,"href":"https:\/\/www.kilians.com\/de\/wp-json\/wp\/v2\/pages\/4873\/revisions\/"}],"up":[{"embeddable":true,"href":"https:\/\/www.kilians.com\/de\/wp-json\/wp\/v2\/pages\/5116\/"}],"wp:attachment":[{"href":"https:\/\/www.kilians.com\/de\/wp-json\/wp\/v2\/media\/?parent=4873"}],"curies":[{"name":"wp","href":"https:\/\/api.w.org\/{rel}","templated":true}]}}