{"id":4878,"date":"2012-08-23T11:29:20","date_gmt":"2012-08-23T11:29:20","guid":{"rendered":"http:\/\/kilians.wpengine.com\/?page_id=4878"},"modified":"2012-08-28T12:23:19","modified_gmt":"2012-08-28T12:23:19","slug":"irisch","status":"publish","type":"page","link":"https:\/\/www.kilians.com\/de\/kindergarten-und-grundschule\/fachbereiche-2\/irisch\/","title":{"rendered":"Irisch"},"content":{"rendered":"<p>Irisch wird bei St. Kilian in der 5. und 6. Klasse unterrichtet.<\/p>\n<p>\u00a0Im Kern des irischen Lehrplans steht ein kommunikatives, aufgabenorientiertes Konzept des Spracherwerbs, bei dem das Kind lernt, die Sprache als effektives Kommunikationsmittel zu benutzen. Unterrichtsinhalte orientieren sich an den Interessen, Anliegen und Bed\u00fcrfnissen der Sch\u00fcler; aktives Sprechen wird durch Spiele, praktische Aufgaben, Gespr\u00e4che, Rollenspiel und Theater gef\u00f6rdert. Die irische Sprache wird auch als informelles und nat\u00fcrliches Kommunikationsmittel vielfach im Schulalltag angewandt. Der irische Lehrplan insgesamt zielt darauf ab, kulturelles Bewusstsein und Selbstgef\u00fchl zu vermitteln. Zu diesem Zweck besuchen die Sch\u00fcler und Sch\u00fclerinnen auch in der 5. bzw. 6. Klasse eine irische Schule in Donegal.<\/p>\n","protected":false},"excerpt":{"rendered":"<p>Irisch wird bei St. Kilian in der 5. und 6. Klasse unterrichtet. \u00a0Im Kern des irischen Lehrplans steht ein kommunikatives, aufgabenorientiertes Konzept des Spracherwerbs, bei&#8230; <a class=\"find-out-more-link\" href=\"https:\/\/www.kilians.com\/de\/kindergarten-und-grundschule\/fachbereiche-2\/irisch\/\">Weiterlesen<\/a> <\/p>\n","protected":false},"author":1,"featured_media":0,"parent":5116,"menu_order":7,"comment_status":"closed","ping_status":"closed","template":"","meta":{"footnotes":""},"class_list":{"0":"post-4878","1":"page","2":"type-page","3":"status-publish","5":"entry"},"yoast_head":"<!-- This site is optimized with the Yoast SEO plugin v17.2.1 - https:\/\/yoast.com\/wordpress\/plugins\/seo\/ -->\n<meta name=\"robots\" content=\"index, follow, max-snippet:-1, max-image-preview:large, max-video-preview:-1\" \/>\n<link rel=\"canonical\" href=\"https:\/\/www.kilians.com\/de\/kindergarten-und-grundschule\/fachbereiche-2\/irisch\/\" \/>\n<meta property=\"og:locale\" content=\"de_DE\" \/>\n<meta property=\"og:type\" content=\"article\" \/>\n<meta property=\"og:title\" content=\"Irisch   - St. Kilian&#039;s German School, Dublin\" \/>\n<meta property=\"og:description\" content=\"Irisch wird bei St. Kilian in der 5. und 6. Klasse unterrichtet. \u00a0Im Kern des irischen Lehrplans steht ein kommunikatives, aufgabenorientiertes Konzept des Spracherwerbs, bei... Weiterlesen\" \/>\n<meta property=\"og:url\" content=\"https:\/\/www.kilians.com\/de\/kindergarten-und-grundschule\/fachbereiche-2\/irisch\/\" \/>\n<meta property=\"og:site_name\" content=\"St. Kilian&#039;s German School, Dublin\" \/>\n<meta property=\"article:modified_time\" content=\"2012-08-28T12:23:19+00:00\" \/>\n<meta name=\"twitter:card\" content=\"summary\" \/>\n<meta name=\"twitter:label1\" content=\"Gesch\u00e4tzte Lesezeit\" \/>\n\t<meta name=\"twitter:data1\" content=\"1 minute\" \/>\n<script type=\"application\/ld+json\" class=\"yoast-schema-graph\">{\"@context\":\"https:\/\/schema.org\",\"@graph\":[{\"@type\":\"Organization\",\"@id\":\"https:\/\/www.kilians.com\/#organization\",\"name\":\"St. Kilian's\",\"url\":\"https:\/\/www.kilians.com\/\",\"sameAs\":[],\"logo\":{\"@type\":\"ImageObject\",\"@id\":\"https:\/\/www.kilians.com\/#logo\",\"inLanguage\":\"de-DE\",\"url\":\"https:\/\/www.kilians.com\/wp-content\/uploads\/2017\/02\/StKilians_MasterLogo_Colour-1.png\",\"contentUrl\":\"https:\/\/www.kilians.com\/wp-content\/uploads\/2017\/02\/StKilians_MasterLogo_Colour-1.png\",\"width\":768,\"height\":1240,\"caption\":\"St. Kilian's\"},\"image\":{\"@id\":\"https:\/\/www.kilians.com\/#logo\"}},{\"@type\":\"WebSite\",\"@id\":\"https:\/\/www.kilians.com\/#website\",\"url\":\"https:\/\/www.kilians.com\/\",\"name\":\"St. Kilian&#039;s German School, Dublin\",\"description\":\"\",\"publisher\":{\"@id\":\"https:\/\/www.kilians.com\/#organization\"},\"potentialAction\":[{\"@type\":\"SearchAction\",\"target\":{\"@type\":\"EntryPoint\",\"urlTemplate\":\"https:\/\/www.kilians.com\/?s={search_term_string}\"},\"query-input\":\"required name=search_term_string\"}],\"inLanguage\":\"de-DE\"},{\"@type\":\"WebPage\",\"@id\":\"https:\/\/www.kilians.com\/de\/kindergarten-und-grundschule\/fachbereiche-2\/irisch\/#webpage\",\"url\":\"https:\/\/www.kilians.com\/de\/kindergarten-und-grundschule\/fachbereiche-2\/irisch\/\",\"name\":\"Irisch - St. Kilian&#039;s German School, Dublin\",\"isPartOf\":{\"@id\":\"https:\/\/www.kilians.com\/#website\"},\"datePublished\":\"2012-08-23T11:29:20+00:00\",\"dateModified\":\"2012-08-28T12:23:19+00:00\",\"breadcrumb\":{\"@id\":\"https:\/\/www.kilians.com\/de\/kindergarten-und-grundschule\/fachbereiche-2\/irisch\/#breadcrumb\"},\"inLanguage\":\"de-DE\",\"potentialAction\":[{\"@type\":\"ReadAction\",\"target\":[\"https:\/\/www.kilians.com\/de\/kindergarten-und-grundschule\/fachbereiche-2\/irisch\/\"]}]},{\"@type\":\"BreadcrumbList\",\"@id\":\"https:\/\/www.kilians.com\/de\/kindergarten-und-grundschule\/fachbereiche-2\/irisch\/#breadcrumb\",\"itemListElement\":[{\"@type\":\"ListItem\",\"position\":1,\"name\":\"Home\",\"item\":\"https:\/\/www.kilians.com\/de\/\"},{\"@type\":\"ListItem\",\"position\":2,\"name\":\"Grundschule und Kindergarten\",\"item\":\"https:\/\/www.kilians.com\/de\/kindergarten-und-grundschule\/\"},{\"@type\":\"ListItem\",\"position\":3,\"name\":\"Fachbereiche\",\"item\":\"https:\/\/www.kilians.com\/de\/kindergarten-und-grundschule\/fachbereiche-2\/\"},{\"@type\":\"ListItem\",\"position\":4,\"name\":\"Irisch\"}]}]}<\/script>\n<!-- \/ Yoast SEO plugin. -->","yoast_head_json":{"robots":{"index":"index","follow":"follow","max-snippet":"max-snippet:-1","max-image-preview":"max-image-preview:large","max-video-preview":"max-video-preview:-1"},"canonical":"https:\/\/www.kilians.com\/de\/kindergarten-und-grundschule\/fachbereiche-2\/irisch\/","og_locale":"de_DE","og_type":"article","og_title":"Irisch   - St. Kilian&#039;s German School, Dublin","og_description":"Irisch wird bei St. Kilian in der 5. und 6. Klasse unterrichtet. \u00a0Im Kern des irischen Lehrplans steht ein kommunikatives, aufgabenorientiertes Konzept des Spracherwerbs, bei... Weiterlesen","og_url":"https:\/\/www.kilians.com\/de\/kindergarten-und-grundschule\/fachbereiche-2\/irisch\/","og_site_name":"St. Kilian&#039;s German School, Dublin","article_modified_time":"2012-08-28T12:23:19+00:00","twitter_card":"summary","twitter_misc":{"Gesch\u00e4tzte Lesezeit":"1 minute"},"schema":{"@context":"https:\/\/schema.org","@graph":[{"@type":"Organization","@id":"https:\/\/www.kilians.com\/#organization","name":"St. Kilian's","url":"https:\/\/www.kilians.com\/","sameAs":[],"logo":{"@type":"ImageObject","@id":"https:\/\/www.kilians.com\/#logo","inLanguage":"de-DE","url":"https:\/\/www.kilians.com\/wp-content\/uploads\/2017\/02\/StKilians_MasterLogo_Colour-1.png","contentUrl":"https:\/\/www.kilians.com\/wp-content\/uploads\/2017\/02\/StKilians_MasterLogo_Colour-1.png","width":768,"height":1240,"caption":"St. Kilian's"},"image":{"@id":"https:\/\/www.kilians.com\/#logo"}},{"@type":"WebSite","@id":"https:\/\/www.kilians.com\/#website","url":"https:\/\/www.kilians.com\/","name":"St. Kilian&#039;s German School, Dublin","description":"","publisher":{"@id":"https:\/\/www.kilians.com\/#organization"},"potentialAction":[{"@type":"SearchAction","target":{"@type":"EntryPoint","urlTemplate":"https:\/\/www.kilians.com\/?s={search_term_string}"},"query-input":"required name=search_term_string"}],"inLanguage":"de-DE"},{"@type":"WebPage","@id":"https:\/\/www.kilians.com\/de\/kindergarten-und-grundschule\/fachbereiche-2\/irisch\/#webpage","url":"https:\/\/www.kilians.com\/de\/kindergarten-und-grundschule\/fachbereiche-2\/irisch\/","name":"Irisch - St. Kilian&#039;s German School, Dublin","isPartOf":{"@id":"https:\/\/www.kilians.com\/#website"},"datePublished":"2012-08-23T11:29:20+00:00","dateModified":"2012-08-28T12:23:19+00:00","breadcrumb":{"@id":"https:\/\/www.kilians.com\/de\/kindergarten-und-grundschule\/fachbereiche-2\/irisch\/#breadcrumb"},"inLanguage":"de-DE","potentialAction":[{"@type":"ReadAction","target":["https:\/\/www.kilians.com\/de\/kindergarten-und-grundschule\/fachbereiche-2\/irisch\/"]}]},{"@type":"BreadcrumbList","@id":"https:\/\/www.kilians.com\/de\/kindergarten-und-grundschule\/fachbereiche-2\/irisch\/#breadcrumb","itemListElement":[{"@type":"ListItem","position":1,"name":"Home","item":"https:\/\/www.kilians.com\/de\/"},{"@type":"ListItem","position":2,"name":"Grundschule und Kindergarten","item":"https:\/\/www.kilians.com\/de\/kindergarten-und-grundschule\/"},{"@type":"ListItem","position":3,"name":"Fachbereiche","item":"https:\/\/www.kilians.com\/de\/kindergarten-und-grundschule\/fachbereiche-2\/"},{"@type":"ListItem","position":4,"name":"Irisch"}]}]}},"_links":{"self":[{"href":"https:\/\/www.kilians.com\/de\/wp-json\/wp\/v2\/pages\/4878\/"}],"collection":[{"href":"https:\/\/www.kilians.com\/de\/wp-json\/wp\/v2\/pages\/"}],"about":[{"href":"https:\/\/www.kilians.com\/de\/wp-json\/wp\/v2\/types\/page\/"}],"author":[{"embeddable":true,"href":"https:\/\/www.kilians.com\/de\/wp-json\/wp\/v2\/users\/1\/"}],"replies":[{"embeddable":true,"href":"https:\/\/www.kilians.com\/de\/wp-json\/wp\/v2\/comments\/?post=4878"}],"version-history":[{"count":0,"href":"https:\/\/www.kilians.com\/de\/wp-json\/wp\/v2\/pages\/4878\/revisions\/"}],"up":[{"embeddable":true,"href":"https:\/\/www.kilians.com\/de\/wp-json\/wp\/v2\/pages\/5116\/"}],"wp:attachment":[{"href":"https:\/\/www.kilians.com\/de\/wp-json\/wp\/v2\/media\/?parent=4878"}],"curies":[{"name":"wp","href":"https:\/\/api.w.org\/{rel}","templated":true}]}}