{"id":4880,"date":"2012-08-23T11:31:22","date_gmt":"2012-08-23T11:31:22","guid":{"rendered":"http:\/\/kilians.wpengine.com\/?page_id=4880"},"modified":"2012-08-28T12:41:54","modified_gmt":"2012-08-28T12:41:54","slug":"kunst","status":"publish","type":"page","link":"https:\/\/www.kilians.com\/de\/kindergarten-und-grundschule\/fachbereiche-2\/kunst\/","title":{"rendered":"Kunst"},"content":{"rendered":"<p>Der Lehrplan Kunst besteht aus sechs Schwerpunktgebieten, die jeweils ein eigenes Medium zur Entwicklung der Ausdrucksf\u00e4higkeit darstellen. Es handelt sich um die Schwerpunkte:<\/p>\n<ul>\n<li>Zeichnen<\/li>\n<li>Malen und Farbe<\/li>\n<li>Drucken<\/li>\n<li>Ton<\/li>\n<li>Konstruktion<\/li>\n<li>Stoff und Fasern.<\/li>\n<\/ul>\n<p>\u00a0In diesen sechs Scherpunktgebieten erforschen die Kinder die folgenden visuellen Elemente beim Anfertigen, Betrachten und Reagieren auf Kunst: Linie, Gestalt, Form, Farbton und Schattierung, Muster und Rhythmus, Struktur, r\u00e4umliche Anordnung. Der Lehrplan Bildende Kunst betont drei Ausgangspunkte f\u00fcr die k\u00fcnstlerischen Aktivit\u00e4ten des Kindes:<\/p>\n<ul>\n<li>Die eigene Erfahrung<\/li>\n<li>Die Vorstellungskraft<\/li>\n<li>Die eigenen Beobachtungen.<\/li>\n<\/ul>\n<p>Der Lehrplan Bildende Kunst regt dazu an, eine Vielfalt von Kunstwerken zu betrachten und darauf zu reagieren. Durch das Besprechen dieser Kunstwerke entwickelt das Kind ein Gef\u00fchl f\u00fcr die visuellen Elemente und beginnt, sie bewusst in seinen eigenen Kunstwerken zu verwenden. Beim Schaffen von Kunstwerken ist der k\u00fcnstlerische Prozess an sich genau so wertvoll wie das Endprodukt.<\/p>\n<p>\u00a0Kunst wird bei St. Kilian auf Deutsch unterrichtet.<\/p>\n","protected":false},"excerpt":{"rendered":"<p>Der Lehrplan Kunst besteht aus sechs Schwerpunktgebieten, die jeweils ein eigenes Medium zur Entwicklung der Ausdrucksf\u00e4higkeit darstellen. Es handelt sich um die Schwerpunkte: Zeichnen Malen&#8230; <a class=\"find-out-more-link\" href=\"https:\/\/www.kilians.com\/de\/kindergarten-und-grundschule\/fachbereiche-2\/kunst\/\">Weiterlesen<\/a> <\/p>\n","protected":false},"author":1,"featured_media":0,"parent":5116,"menu_order":11,"comment_status":"closed","ping_status":"closed","template":"","meta":{"footnotes":""},"class_list":{"0":"post-4880","1":"page","2":"type-page","3":"status-publish","5":"entry"},"yoast_head":"<!-- This site is optimized with the Yoast SEO plugin v17.2.1 - https:\/\/yoast.com\/wordpress\/plugins\/seo\/ -->\n<meta name=\"robots\" content=\"index, follow, max-snippet:-1, max-image-preview:large, max-video-preview:-1\" \/>\n<link rel=\"canonical\" href=\"https:\/\/www.kilians.com\/de\/kindergarten-und-grundschule\/fachbereiche-2\/kunst\/\" \/>\n<meta property=\"og:locale\" content=\"de_DE\" \/>\n<meta property=\"og:type\" content=\"article\" \/>\n<meta property=\"og:title\" content=\"Kunst - St. Kilian&#039;s German School, Dublin\" \/>\n<meta property=\"og:description\" content=\"Der Lehrplan Kunst besteht aus sechs Schwerpunktgebieten, die jeweils ein eigenes Medium zur Entwicklung der Ausdrucksf\u00e4higkeit darstellen. Es handelt sich um die Schwerpunkte: Zeichnen Malen... Weiterlesen\" \/>\n<meta property=\"og:url\" content=\"https:\/\/www.kilians.com\/de\/kindergarten-und-grundschule\/fachbereiche-2\/kunst\/\" \/>\n<meta property=\"og:site_name\" content=\"St. Kilian&#039;s German School, Dublin\" \/>\n<meta property=\"article:modified_time\" content=\"2012-08-28T12:41:54+00:00\" \/>\n<meta name=\"twitter:card\" content=\"summary\" \/>\n<meta name=\"twitter:label1\" content=\"Gesch\u00e4tzte Lesezeit\" \/>\n\t<meta name=\"twitter:data1\" content=\"1 minute\" \/>\n<script type=\"application\/ld+json\" class=\"yoast-schema-graph\">{\"@context\":\"https:\/\/schema.org\",\"@graph\":[{\"@type\":\"Organization\",\"@id\":\"https:\/\/www.kilians.com\/#organization\",\"name\":\"St. Kilian's\",\"url\":\"https:\/\/www.kilians.com\/\",\"sameAs\":[],\"logo\":{\"@type\":\"ImageObject\",\"@id\":\"https:\/\/www.kilians.com\/#logo\",\"inLanguage\":\"de-DE\",\"url\":\"https:\/\/www.kilians.com\/wp-content\/uploads\/2017\/02\/StKilians_MasterLogo_Colour-1.png\",\"contentUrl\":\"https:\/\/www.kilians.com\/wp-content\/uploads\/2017\/02\/StKilians_MasterLogo_Colour-1.png\",\"width\":768,\"height\":1240,\"caption\":\"St. Kilian's\"},\"image\":{\"@id\":\"https:\/\/www.kilians.com\/#logo\"}},{\"@type\":\"WebSite\",\"@id\":\"https:\/\/www.kilians.com\/#website\",\"url\":\"https:\/\/www.kilians.com\/\",\"name\":\"St. Kilian&#039;s German School, Dublin\",\"description\":\"\",\"publisher\":{\"@id\":\"https:\/\/www.kilians.com\/#organization\"},\"potentialAction\":[{\"@type\":\"SearchAction\",\"target\":{\"@type\":\"EntryPoint\",\"urlTemplate\":\"https:\/\/www.kilians.com\/?s={search_term_string}\"},\"query-input\":\"required name=search_term_string\"}],\"inLanguage\":\"de-DE\"},{\"@type\":\"WebPage\",\"@id\":\"https:\/\/www.kilians.com\/de\/kindergarten-und-grundschule\/fachbereiche-2\/kunst\/#webpage\",\"url\":\"https:\/\/www.kilians.com\/de\/kindergarten-und-grundschule\/fachbereiche-2\/kunst\/\",\"name\":\"Kunst - St. Kilian&#039;s German School, Dublin\",\"isPartOf\":{\"@id\":\"https:\/\/www.kilians.com\/#website\"},\"datePublished\":\"2012-08-23T11:31:22+00:00\",\"dateModified\":\"2012-08-28T12:41:54+00:00\",\"breadcrumb\":{\"@id\":\"https:\/\/www.kilians.com\/de\/kindergarten-und-grundschule\/fachbereiche-2\/kunst\/#breadcrumb\"},\"inLanguage\":\"de-DE\",\"potentialAction\":[{\"@type\":\"ReadAction\",\"target\":[\"https:\/\/www.kilians.com\/de\/kindergarten-und-grundschule\/fachbereiche-2\/kunst\/\"]}]},{\"@type\":\"BreadcrumbList\",\"@id\":\"https:\/\/www.kilians.com\/de\/kindergarten-und-grundschule\/fachbereiche-2\/kunst\/#breadcrumb\",\"itemListElement\":[{\"@type\":\"ListItem\",\"position\":1,\"name\":\"Home\",\"item\":\"https:\/\/www.kilians.com\/de\/\"},{\"@type\":\"ListItem\",\"position\":2,\"name\":\"Grundschule und Kindergarten\",\"item\":\"https:\/\/www.kilians.com\/de\/kindergarten-und-grundschule\/\"},{\"@type\":\"ListItem\",\"position\":3,\"name\":\"Fachbereiche\",\"item\":\"https:\/\/www.kilians.com\/de\/kindergarten-und-grundschule\/fachbereiche-2\/\"},{\"@type\":\"ListItem\",\"position\":4,\"name\":\"Kunst\"}]}]}<\/script>\n<!-- \/ Yoast SEO plugin. -->","yoast_head_json":{"robots":{"index":"index","follow":"follow","max-snippet":"max-snippet:-1","max-image-preview":"max-image-preview:large","max-video-preview":"max-video-preview:-1"},"canonical":"https:\/\/www.kilians.com\/de\/kindergarten-und-grundschule\/fachbereiche-2\/kunst\/","og_locale":"de_DE","og_type":"article","og_title":"Kunst - St. Kilian&#039;s German School, Dublin","og_description":"Der Lehrplan Kunst besteht aus sechs Schwerpunktgebieten, die jeweils ein eigenes Medium zur Entwicklung der Ausdrucksf\u00e4higkeit darstellen. Es handelt sich um die Schwerpunkte: Zeichnen Malen... Weiterlesen","og_url":"https:\/\/www.kilians.com\/de\/kindergarten-und-grundschule\/fachbereiche-2\/kunst\/","og_site_name":"St. Kilian&#039;s German School, Dublin","article_modified_time":"2012-08-28T12:41:54+00:00","twitter_card":"summary","twitter_misc":{"Gesch\u00e4tzte Lesezeit":"1 minute"},"schema":{"@context":"https:\/\/schema.org","@graph":[{"@type":"Organization","@id":"https:\/\/www.kilians.com\/#organization","name":"St. Kilian's","url":"https:\/\/www.kilians.com\/","sameAs":[],"logo":{"@type":"ImageObject","@id":"https:\/\/www.kilians.com\/#logo","inLanguage":"de-DE","url":"https:\/\/www.kilians.com\/wp-content\/uploads\/2017\/02\/StKilians_MasterLogo_Colour-1.png","contentUrl":"https:\/\/www.kilians.com\/wp-content\/uploads\/2017\/02\/StKilians_MasterLogo_Colour-1.png","width":768,"height":1240,"caption":"St. Kilian's"},"image":{"@id":"https:\/\/www.kilians.com\/#logo"}},{"@type":"WebSite","@id":"https:\/\/www.kilians.com\/#website","url":"https:\/\/www.kilians.com\/","name":"St. Kilian&#039;s German School, Dublin","description":"","publisher":{"@id":"https:\/\/www.kilians.com\/#organization"},"potentialAction":[{"@type":"SearchAction","target":{"@type":"EntryPoint","urlTemplate":"https:\/\/www.kilians.com\/?s={search_term_string}"},"query-input":"required name=search_term_string"}],"inLanguage":"de-DE"},{"@type":"WebPage","@id":"https:\/\/www.kilians.com\/de\/kindergarten-und-grundschule\/fachbereiche-2\/kunst\/#webpage","url":"https:\/\/www.kilians.com\/de\/kindergarten-und-grundschule\/fachbereiche-2\/kunst\/","name":"Kunst - St. Kilian&#039;s German School, Dublin","isPartOf":{"@id":"https:\/\/www.kilians.com\/#website"},"datePublished":"2012-08-23T11:31:22+00:00","dateModified":"2012-08-28T12:41:54+00:00","breadcrumb":{"@id":"https:\/\/www.kilians.com\/de\/kindergarten-und-grundschule\/fachbereiche-2\/kunst\/#breadcrumb"},"inLanguage":"de-DE","potentialAction":[{"@type":"ReadAction","target":["https:\/\/www.kilians.com\/de\/kindergarten-und-grundschule\/fachbereiche-2\/kunst\/"]}]},{"@type":"BreadcrumbList","@id":"https:\/\/www.kilians.com\/de\/kindergarten-und-grundschule\/fachbereiche-2\/kunst\/#breadcrumb","itemListElement":[{"@type":"ListItem","position":1,"name":"Home","item":"https:\/\/www.kilians.com\/de\/"},{"@type":"ListItem","position":2,"name":"Grundschule und Kindergarten","item":"https:\/\/www.kilians.com\/de\/kindergarten-und-grundschule\/"},{"@type":"ListItem","position":3,"name":"Fachbereiche","item":"https:\/\/www.kilians.com\/de\/kindergarten-und-grundschule\/fachbereiche-2\/"},{"@type":"ListItem","position":4,"name":"Kunst"}]}]}},"_links":{"self":[{"href":"https:\/\/www.kilians.com\/de\/wp-json\/wp\/v2\/pages\/4880\/"}],"collection":[{"href":"https:\/\/www.kilians.com\/de\/wp-json\/wp\/v2\/pages\/"}],"about":[{"href":"https:\/\/www.kilians.com\/de\/wp-json\/wp\/v2\/types\/page\/"}],"author":[{"embeddable":true,"href":"https:\/\/www.kilians.com\/de\/wp-json\/wp\/v2\/users\/1\/"}],"replies":[{"embeddable":true,"href":"https:\/\/www.kilians.com\/de\/wp-json\/wp\/v2\/comments\/?post=4880"}],"version-history":[{"count":0,"href":"https:\/\/www.kilians.com\/de\/wp-json\/wp\/v2\/pages\/4880\/revisions\/"}],"up":[{"embeddable":true,"href":"https:\/\/www.kilians.com\/de\/wp-json\/wp\/v2\/pages\/5116\/"}],"wp:attachment":[{"href":"https:\/\/www.kilians.com\/de\/wp-json\/wp\/v2\/media\/?parent=4880"}],"curies":[{"name":"wp","href":"https:\/\/api.w.org\/{rel}","templated":true}]}}