{"id":4882,"date":"2012-08-23T11:34:04","date_gmt":"2012-08-23T11:34:04","guid":{"rendered":"http:\/\/kilians.wpengine.com\/?page_id=4882"},"modified":"2012-09-30T18:51:30","modified_gmt":"2012-09-30T18:51:30","slug":"4882-2","status":"publish","type":"page","link":"https:\/\/www.kilians.com\/de\/kindergarten-und-grundschule\/fachbereiche-2\/4882-2\/","title":{"rendered":"Musik"},"content":{"rendered":"<p>Der Musikunterricht bietet Kindern Gelegenheit, sich mit einer gro\u00dfen Bandbreite musikalischer Stilrichtungen und Traditionen auseinanderzusetzen und verschiedene Disziplinen wie Bewegung, Tanz, Illustration, Geschichtenerz\u00e4hlen und Theater auszuprobieren. Der Musiklehrplan f\u00fchrt Kinder in das Notenlesen und -schreiben, Liedersingen und Spielen von Instrumenten, insbesondere orffscher Instrumente, ein.<\/p>\n<p><strong><\/strong>Der Musiklehrplan besteht aus drei Schwerpunktgebieten:<\/p>\n<ul>\n<li>H\u00f6ren und Reagieren<\/li>\n<li>Auff\u00fchren<\/li>\n<li>Komponieren.<\/li>\n<\/ul>\n<p>\u00a0Die Schwerpunkte stehen in einem gegenseitigen Wechselverh\u00e4ltnis, d.h. die Bet\u00e4tigung in dem einen Bereich ist abh\u00e4ngig von der Kenntnis der anderen Bereiche und vertieft deren Verst\u00e4ndnis.<\/p>\n<p>Musik wird von Frau Theilemans unterrichtet, die auf den Musikunterricht von Grundsch\u00fclern spezialisiert ist.<\/p>\n<p>&nbsp;<\/p>\n<p>&nbsp;<\/p>\n","protected":false},"excerpt":{"rendered":"<p>Der Musikunterricht bietet Kindern Gelegenheit, sich mit einer gro\u00dfen Bandbreite musikalischer Stilrichtungen und Traditionen auseinanderzusetzen und verschiedene Disziplinen wie Bewegung, Tanz, Illustration, Geschichtenerz\u00e4hlen und Theater&#8230; <a class=\"find-out-more-link\" href=\"https:\/\/www.kilians.com\/de\/kindergarten-und-grundschule\/fachbereiche-2\/4882-2\/\">Weiterlesen<\/a> <\/p>\n","protected":false},"author":1,"featured_media":0,"parent":5116,"menu_order":11,"comment_status":"closed","ping_status":"closed","template":"","meta":{"footnotes":""},"class_list":{"0":"post-4882","1":"page","2":"type-page","3":"status-publish","5":"entry"},"yoast_head":"<!-- This site is optimized with the Yoast SEO plugin v17.2.1 - https:\/\/yoast.com\/wordpress\/plugins\/seo\/ -->\n<meta name=\"robots\" content=\"index, follow, max-snippet:-1, max-image-preview:large, max-video-preview:-1\" \/>\n<link rel=\"canonical\" href=\"https:\/\/www.kilians.com\/de\/kindergarten-und-grundschule\/fachbereiche-2\/4882-2\/\" \/>\n<meta property=\"og:locale\" content=\"de_DE\" \/>\n<meta property=\"og:type\" content=\"article\" \/>\n<meta property=\"og:title\" content=\"Musik - St. Kilian&#039;s German School, Dublin\" \/>\n<meta property=\"og:description\" content=\"Der Musikunterricht bietet Kindern Gelegenheit, sich mit einer gro\u00dfen Bandbreite musikalischer Stilrichtungen und Traditionen auseinanderzusetzen und verschiedene Disziplinen wie Bewegung, Tanz, Illustration, Geschichtenerz\u00e4hlen und Theater... Weiterlesen\" \/>\n<meta property=\"og:url\" content=\"https:\/\/www.kilians.com\/de\/kindergarten-und-grundschule\/fachbereiche-2\/4882-2\/\" \/>\n<meta property=\"og:site_name\" content=\"St. Kilian&#039;s German School, Dublin\" \/>\n<meta property=\"article:modified_time\" content=\"2012-09-30T18:51:30+00:00\" \/>\n<meta name=\"twitter:card\" content=\"summary\" \/>\n<meta name=\"twitter:label1\" content=\"Gesch\u00e4tzte Lesezeit\" \/>\n\t<meta name=\"twitter:data1\" content=\"1 minute\" \/>\n<script type=\"application\/ld+json\" class=\"yoast-schema-graph\">{\"@context\":\"https:\/\/schema.org\",\"@graph\":[{\"@type\":\"Organization\",\"@id\":\"https:\/\/www.kilians.com\/#organization\",\"name\":\"St. Kilian's\",\"url\":\"https:\/\/www.kilians.com\/\",\"sameAs\":[],\"logo\":{\"@type\":\"ImageObject\",\"@id\":\"https:\/\/www.kilians.com\/#logo\",\"inLanguage\":\"de-DE\",\"url\":\"https:\/\/www.kilians.com\/wp-content\/uploads\/2017\/02\/StKilians_MasterLogo_Colour-1.png\",\"contentUrl\":\"https:\/\/www.kilians.com\/wp-content\/uploads\/2017\/02\/StKilians_MasterLogo_Colour-1.png\",\"width\":768,\"height\":1240,\"caption\":\"St. Kilian's\"},\"image\":{\"@id\":\"https:\/\/www.kilians.com\/#logo\"}},{\"@type\":\"WebSite\",\"@id\":\"https:\/\/www.kilians.com\/#website\",\"url\":\"https:\/\/www.kilians.com\/\",\"name\":\"St. Kilian&#039;s German School, Dublin\",\"description\":\"\",\"publisher\":{\"@id\":\"https:\/\/www.kilians.com\/#organization\"},\"potentialAction\":[{\"@type\":\"SearchAction\",\"target\":{\"@type\":\"EntryPoint\",\"urlTemplate\":\"https:\/\/www.kilians.com\/?s={search_term_string}\"},\"query-input\":\"required name=search_term_string\"}],\"inLanguage\":\"de-DE\"},{\"@type\":\"WebPage\",\"@id\":\"https:\/\/www.kilians.com\/de\/kindergarten-und-grundschule\/fachbereiche-2\/4882-2\/#webpage\",\"url\":\"https:\/\/www.kilians.com\/de\/kindergarten-und-grundschule\/fachbereiche-2\/4882-2\/\",\"name\":\"Musik - St. Kilian&#039;s German School, Dublin\",\"isPartOf\":{\"@id\":\"https:\/\/www.kilians.com\/#website\"},\"datePublished\":\"2012-08-23T11:34:04+00:00\",\"dateModified\":\"2012-09-30T18:51:30+00:00\",\"breadcrumb\":{\"@id\":\"https:\/\/www.kilians.com\/de\/kindergarten-und-grundschule\/fachbereiche-2\/4882-2\/#breadcrumb\"},\"inLanguage\":\"de-DE\",\"potentialAction\":[{\"@type\":\"ReadAction\",\"target\":[\"https:\/\/www.kilians.com\/de\/kindergarten-und-grundschule\/fachbereiche-2\/4882-2\/\"]}]},{\"@type\":\"BreadcrumbList\",\"@id\":\"https:\/\/www.kilians.com\/de\/kindergarten-und-grundschule\/fachbereiche-2\/4882-2\/#breadcrumb\",\"itemListElement\":[{\"@type\":\"ListItem\",\"position\":1,\"name\":\"Home\",\"item\":\"https:\/\/www.kilians.com\/de\/\"},{\"@type\":\"ListItem\",\"position\":2,\"name\":\"Grundschule und Kindergarten\",\"item\":\"https:\/\/www.kilians.com\/de\/kindergarten-und-grundschule\/\"},{\"@type\":\"ListItem\",\"position\":3,\"name\":\"Fachbereiche\",\"item\":\"https:\/\/www.kilians.com\/de\/kindergarten-und-grundschule\/fachbereiche-2\/\"},{\"@type\":\"ListItem\",\"position\":4,\"name\":\"Musik\"}]}]}<\/script>\n<!-- \/ Yoast SEO plugin. -->","yoast_head_json":{"robots":{"index":"index","follow":"follow","max-snippet":"max-snippet:-1","max-image-preview":"max-image-preview:large","max-video-preview":"max-video-preview:-1"},"canonical":"https:\/\/www.kilians.com\/de\/kindergarten-und-grundschule\/fachbereiche-2\/4882-2\/","og_locale":"de_DE","og_type":"article","og_title":"Musik - St. Kilian&#039;s German School, Dublin","og_description":"Der Musikunterricht bietet Kindern Gelegenheit, sich mit einer gro\u00dfen Bandbreite musikalischer Stilrichtungen und Traditionen auseinanderzusetzen und verschiedene Disziplinen wie Bewegung, Tanz, Illustration, Geschichtenerz\u00e4hlen und Theater... Weiterlesen","og_url":"https:\/\/www.kilians.com\/de\/kindergarten-und-grundschule\/fachbereiche-2\/4882-2\/","og_site_name":"St. Kilian&#039;s German School, Dublin","article_modified_time":"2012-09-30T18:51:30+00:00","twitter_card":"summary","twitter_misc":{"Gesch\u00e4tzte Lesezeit":"1 minute"},"schema":{"@context":"https:\/\/schema.org","@graph":[{"@type":"Organization","@id":"https:\/\/www.kilians.com\/#organization","name":"St. Kilian's","url":"https:\/\/www.kilians.com\/","sameAs":[],"logo":{"@type":"ImageObject","@id":"https:\/\/www.kilians.com\/#logo","inLanguage":"de-DE","url":"https:\/\/www.kilians.com\/wp-content\/uploads\/2017\/02\/StKilians_MasterLogo_Colour-1.png","contentUrl":"https:\/\/www.kilians.com\/wp-content\/uploads\/2017\/02\/StKilians_MasterLogo_Colour-1.png","width":768,"height":1240,"caption":"St. Kilian's"},"image":{"@id":"https:\/\/www.kilians.com\/#logo"}},{"@type":"WebSite","@id":"https:\/\/www.kilians.com\/#website","url":"https:\/\/www.kilians.com\/","name":"St. Kilian&#039;s German School, Dublin","description":"","publisher":{"@id":"https:\/\/www.kilians.com\/#organization"},"potentialAction":[{"@type":"SearchAction","target":{"@type":"EntryPoint","urlTemplate":"https:\/\/www.kilians.com\/?s={search_term_string}"},"query-input":"required name=search_term_string"}],"inLanguage":"de-DE"},{"@type":"WebPage","@id":"https:\/\/www.kilians.com\/de\/kindergarten-und-grundschule\/fachbereiche-2\/4882-2\/#webpage","url":"https:\/\/www.kilians.com\/de\/kindergarten-und-grundschule\/fachbereiche-2\/4882-2\/","name":"Musik - St. Kilian&#039;s German School, Dublin","isPartOf":{"@id":"https:\/\/www.kilians.com\/#website"},"datePublished":"2012-08-23T11:34:04+00:00","dateModified":"2012-09-30T18:51:30+00:00","breadcrumb":{"@id":"https:\/\/www.kilians.com\/de\/kindergarten-und-grundschule\/fachbereiche-2\/4882-2\/#breadcrumb"},"inLanguage":"de-DE","potentialAction":[{"@type":"ReadAction","target":["https:\/\/www.kilians.com\/de\/kindergarten-und-grundschule\/fachbereiche-2\/4882-2\/"]}]},{"@type":"BreadcrumbList","@id":"https:\/\/www.kilians.com\/de\/kindergarten-und-grundschule\/fachbereiche-2\/4882-2\/#breadcrumb","itemListElement":[{"@type":"ListItem","position":1,"name":"Home","item":"https:\/\/www.kilians.com\/de\/"},{"@type":"ListItem","position":2,"name":"Grundschule und Kindergarten","item":"https:\/\/www.kilians.com\/de\/kindergarten-und-grundschule\/"},{"@type":"ListItem","position":3,"name":"Fachbereiche","item":"https:\/\/www.kilians.com\/de\/kindergarten-und-grundschule\/fachbereiche-2\/"},{"@type":"ListItem","position":4,"name":"Musik"}]}]}},"_links":{"self":[{"href":"https:\/\/www.kilians.com\/de\/wp-json\/wp\/v2\/pages\/4882\/"}],"collection":[{"href":"https:\/\/www.kilians.com\/de\/wp-json\/wp\/v2\/pages\/"}],"about":[{"href":"https:\/\/www.kilians.com\/de\/wp-json\/wp\/v2\/types\/page\/"}],"author":[{"embeddable":true,"href":"https:\/\/www.kilians.com\/de\/wp-json\/wp\/v2\/users\/1\/"}],"replies":[{"embeddable":true,"href":"https:\/\/www.kilians.com\/de\/wp-json\/wp\/v2\/comments\/?post=4882"}],"version-history":[{"count":0,"href":"https:\/\/www.kilians.com\/de\/wp-json\/wp\/v2\/pages\/4882\/revisions\/"}],"up":[{"embeddable":true,"href":"https:\/\/www.kilians.com\/de\/wp-json\/wp\/v2\/pages\/5116\/"}],"wp:attachment":[{"href":"https:\/\/www.kilians.com\/de\/wp-json\/wp\/v2\/media\/?parent=4882"}],"curies":[{"name":"wp","href":"https:\/\/api.w.org\/{rel}","templated":true}]}}