{"id":4992,"date":"2012-08-27T09:18:20","date_gmt":"2012-08-27T09:18:20","guid":{"rendered":"http:\/\/kilians.wpengine.com\/?page_id=4992"},"modified":"2012-10-08T15:35:37","modified_gmt":"2012-10-08T15:35:37","slug":"st-patricks-day","status":"publish","type":"page","link":"https:\/\/www.kilians.com\/de\/kindergarten-und-grundschule\/veranstaltungen-und-aktivitaten\/st-patricks-day\/","title":{"rendered":"St. Patrick\u2019s Day"},"content":{"rendered":"<p>Der irische Nationalfeiertag St. Patrick\u2019s Day wird bei uns jedes Jahr gefeiert. Wenn es am 17. M\u00e4rz nicht m\u00f6glich ist, wird am n\u00e4chstm\u00f6glichen Schultag gefeiert. Bei unserer Schulversammlung werden auf Irisch Theaterst\u00fccke aufgef\u00fchrt, Ratespiele gespielt und Lieder gesungen. Die Sch\u00fcler unseres irischen Tanzkurses f\u00fchren vor, was sie gelernt haben. Dar\u00fcber hinaus haben wir gew\u00f6hnlich erfahrene T\u00e4nzer zu Gast, die unseren Sch\u00fclern zeigen, welches Niveau bei Ausscheidungsk\u00e4mpfen erwartet wird. Die Schule wird gr\u00fcn geschm\u00fcckt, und wir halten Sch\u00fcler und Lehrer dazu an, an diesem Tag gr\u00fcn gekleidet zu erscheinen.<\/p>\n<p>&nbsp;<\/p>\n","protected":false},"excerpt":{"rendered":"<p>Der irische Nationalfeiertag St. Patrick\u2019s Day wird bei uns jedes Jahr gefeiert. Wenn es am 17. M\u00e4rz nicht m\u00f6glich ist, wird am n\u00e4chstm\u00f6glichen Schultag gefeiert&#8230;. <a class=\"find-out-more-link\" href=\"https:\/\/www.kilians.com\/de\/kindergarten-und-grundschule\/veranstaltungen-und-aktivitaten\/st-patricks-day\/\">Weiterlesen<\/a> <\/p>\n","protected":false},"author":1,"featured_media":0,"parent":4956,"menu_order":0,"comment_status":"closed","ping_status":"closed","template":"","meta":{"footnotes":""},"class_list":{"0":"post-4992","1":"page","2":"type-page","3":"status-publish","5":"entry"},"yoast_head":"<!-- This site is optimized with the Yoast SEO plugin v17.2.1 - https:\/\/yoast.com\/wordpress\/plugins\/seo\/ -->\n<meta name=\"robots\" content=\"index, follow, max-snippet:-1, max-image-preview:large, max-video-preview:-1\" \/>\n<link rel=\"canonical\" href=\"https:\/\/www.kilians.com\/de\/kindergarten-und-grundschule\/veranstaltungen-und-aktivitaten\/st-patricks-day\/\" \/>\n<meta property=\"og:locale\" content=\"de_DE\" \/>\n<meta property=\"og:type\" content=\"article\" \/>\n<meta property=\"og:title\" content=\"St. Patrick\u2019s Day - St. Kilian&#039;s German School, Dublin\" \/>\n<meta property=\"og:description\" content=\"Der irische Nationalfeiertag St. Patrick\u2019s Day wird bei uns jedes Jahr gefeiert. Wenn es am 17. M\u00e4rz nicht m\u00f6glich ist, wird am n\u00e4chstm\u00f6glichen Schultag gefeiert.... Weiterlesen\" \/>\n<meta property=\"og:url\" content=\"https:\/\/www.kilians.com\/de\/kindergarten-und-grundschule\/veranstaltungen-und-aktivitaten\/st-patricks-day\/\" \/>\n<meta property=\"og:site_name\" content=\"St. Kilian&#039;s German School, Dublin\" \/>\n<meta property=\"article:modified_time\" content=\"2012-10-08T15:35:37+00:00\" \/>\n<meta name=\"twitter:card\" content=\"summary\" \/>\n<meta name=\"twitter:label1\" content=\"Gesch\u00e4tzte Lesezeit\" \/>\n\t<meta name=\"twitter:data1\" content=\"1 minute\" \/>\n<script type=\"application\/ld+json\" class=\"yoast-schema-graph\">{\"@context\":\"https:\/\/schema.org\",\"@graph\":[{\"@type\":\"Organization\",\"@id\":\"https:\/\/www.kilians.com\/#organization\",\"name\":\"St. Kilian's\",\"url\":\"https:\/\/www.kilians.com\/\",\"sameAs\":[],\"logo\":{\"@type\":\"ImageObject\",\"@id\":\"https:\/\/www.kilians.com\/#logo\",\"inLanguage\":\"de-DE\",\"url\":\"https:\/\/www.kilians.com\/wp-content\/uploads\/2017\/02\/StKilians_MasterLogo_Colour-1.png\",\"contentUrl\":\"https:\/\/www.kilians.com\/wp-content\/uploads\/2017\/02\/StKilians_MasterLogo_Colour-1.png\",\"width\":768,\"height\":1240,\"caption\":\"St. Kilian's\"},\"image\":{\"@id\":\"https:\/\/www.kilians.com\/#logo\"}},{\"@type\":\"WebSite\",\"@id\":\"https:\/\/www.kilians.com\/#website\",\"url\":\"https:\/\/www.kilians.com\/\",\"name\":\"St. Kilian&#039;s German School, Dublin\",\"description\":\"\",\"publisher\":{\"@id\":\"https:\/\/www.kilians.com\/#organization\"},\"potentialAction\":[{\"@type\":\"SearchAction\",\"target\":{\"@type\":\"EntryPoint\",\"urlTemplate\":\"https:\/\/www.kilians.com\/?s={search_term_string}\"},\"query-input\":\"required name=search_term_string\"}],\"inLanguage\":\"de-DE\"},{\"@type\":\"WebPage\",\"@id\":\"https:\/\/www.kilians.com\/de\/kindergarten-und-grundschule\/veranstaltungen-und-aktivitaten\/st-patricks-day\/#webpage\",\"url\":\"https:\/\/www.kilians.com\/de\/kindergarten-und-grundschule\/veranstaltungen-und-aktivitaten\/st-patricks-day\/\",\"name\":\"St. Patrick\\u2019s Day - St. Kilian&#039;s German School, Dublin\",\"isPartOf\":{\"@id\":\"https:\/\/www.kilians.com\/#website\"},\"datePublished\":\"2012-08-27T09:18:20+00:00\",\"dateModified\":\"2012-10-08T15:35:37+00:00\",\"breadcrumb\":{\"@id\":\"https:\/\/www.kilians.com\/de\/kindergarten-und-grundschule\/veranstaltungen-und-aktivitaten\/st-patricks-day\/#breadcrumb\"},\"inLanguage\":\"de-DE\",\"potentialAction\":[{\"@type\":\"ReadAction\",\"target\":[\"https:\/\/www.kilians.com\/de\/kindergarten-und-grundschule\/veranstaltungen-und-aktivitaten\/st-patricks-day\/\"]}]},{\"@type\":\"BreadcrumbList\",\"@id\":\"https:\/\/www.kilians.com\/de\/kindergarten-und-grundschule\/veranstaltungen-und-aktivitaten\/st-patricks-day\/#breadcrumb\",\"itemListElement\":[{\"@type\":\"ListItem\",\"position\":1,\"name\":\"Home\",\"item\":\"https:\/\/www.kilians.com\/de\/\"},{\"@type\":\"ListItem\",\"position\":2,\"name\":\"Grundschule und Kindergarten\",\"item\":\"https:\/\/www.kilians.com\/de\/kindergarten-und-grundschule\/\"},{\"@type\":\"ListItem\",\"position\":3,\"name\":\"Veranstaltungen und Aktivit\\u00e4ten\",\"item\":\"https:\/\/www.kilians.com\/de\/kindergarten-und-grundschule\/veranstaltungen-und-aktivitaten\/\"},{\"@type\":\"ListItem\",\"position\":4,\"name\":\"St. Patrick\\u2019s Day\"}]}]}<\/script>\n<!-- \/ Yoast SEO plugin. -->","yoast_head_json":{"robots":{"index":"index","follow":"follow","max-snippet":"max-snippet:-1","max-image-preview":"max-image-preview:large","max-video-preview":"max-video-preview:-1"},"canonical":"https:\/\/www.kilians.com\/de\/kindergarten-und-grundschule\/veranstaltungen-und-aktivitaten\/st-patricks-day\/","og_locale":"de_DE","og_type":"article","og_title":"St. Patrick\u2019s Day - St. Kilian&#039;s German School, Dublin","og_description":"Der irische Nationalfeiertag St. Patrick\u2019s Day wird bei uns jedes Jahr gefeiert. Wenn es am 17. M\u00e4rz nicht m\u00f6glich ist, wird am n\u00e4chstm\u00f6glichen Schultag gefeiert.... Weiterlesen","og_url":"https:\/\/www.kilians.com\/de\/kindergarten-und-grundschule\/veranstaltungen-und-aktivitaten\/st-patricks-day\/","og_site_name":"St. Kilian&#039;s German School, Dublin","article_modified_time":"2012-10-08T15:35:37+00:00","twitter_card":"summary","twitter_misc":{"Gesch\u00e4tzte Lesezeit":"1 minute"},"schema":{"@context":"https:\/\/schema.org","@graph":[{"@type":"Organization","@id":"https:\/\/www.kilians.com\/#organization","name":"St. Kilian's","url":"https:\/\/www.kilians.com\/","sameAs":[],"logo":{"@type":"ImageObject","@id":"https:\/\/www.kilians.com\/#logo","inLanguage":"de-DE","url":"https:\/\/www.kilians.com\/wp-content\/uploads\/2017\/02\/StKilians_MasterLogo_Colour-1.png","contentUrl":"https:\/\/www.kilians.com\/wp-content\/uploads\/2017\/02\/StKilians_MasterLogo_Colour-1.png","width":768,"height":1240,"caption":"St. Kilian's"},"image":{"@id":"https:\/\/www.kilians.com\/#logo"}},{"@type":"WebSite","@id":"https:\/\/www.kilians.com\/#website","url":"https:\/\/www.kilians.com\/","name":"St. Kilian&#039;s German School, Dublin","description":"","publisher":{"@id":"https:\/\/www.kilians.com\/#organization"},"potentialAction":[{"@type":"SearchAction","target":{"@type":"EntryPoint","urlTemplate":"https:\/\/www.kilians.com\/?s={search_term_string}"},"query-input":"required name=search_term_string"}],"inLanguage":"de-DE"},{"@type":"WebPage","@id":"https:\/\/www.kilians.com\/de\/kindergarten-und-grundschule\/veranstaltungen-und-aktivitaten\/st-patricks-day\/#webpage","url":"https:\/\/www.kilians.com\/de\/kindergarten-und-grundschule\/veranstaltungen-und-aktivitaten\/st-patricks-day\/","name":"St. Patrick\u2019s Day - St. Kilian&#039;s German School, Dublin","isPartOf":{"@id":"https:\/\/www.kilians.com\/#website"},"datePublished":"2012-08-27T09:18:20+00:00","dateModified":"2012-10-08T15:35:37+00:00","breadcrumb":{"@id":"https:\/\/www.kilians.com\/de\/kindergarten-und-grundschule\/veranstaltungen-und-aktivitaten\/st-patricks-day\/#breadcrumb"},"inLanguage":"de-DE","potentialAction":[{"@type":"ReadAction","target":["https:\/\/www.kilians.com\/de\/kindergarten-und-grundschule\/veranstaltungen-und-aktivitaten\/st-patricks-day\/"]}]},{"@type":"BreadcrumbList","@id":"https:\/\/www.kilians.com\/de\/kindergarten-und-grundschule\/veranstaltungen-und-aktivitaten\/st-patricks-day\/#breadcrumb","itemListElement":[{"@type":"ListItem","position":1,"name":"Home","item":"https:\/\/www.kilians.com\/de\/"},{"@type":"ListItem","position":2,"name":"Grundschule und Kindergarten","item":"https:\/\/www.kilians.com\/de\/kindergarten-und-grundschule\/"},{"@type":"ListItem","position":3,"name":"Veranstaltungen und Aktivit\u00e4ten","item":"https:\/\/www.kilians.com\/de\/kindergarten-und-grundschule\/veranstaltungen-und-aktivitaten\/"},{"@type":"ListItem","position":4,"name":"St. Patrick\u2019s Day"}]}]}},"_links":{"self":[{"href":"https:\/\/www.kilians.com\/de\/wp-json\/wp\/v2\/pages\/4992\/"}],"collection":[{"href":"https:\/\/www.kilians.com\/de\/wp-json\/wp\/v2\/pages\/"}],"about":[{"href":"https:\/\/www.kilians.com\/de\/wp-json\/wp\/v2\/types\/page\/"}],"author":[{"embeddable":true,"href":"https:\/\/www.kilians.com\/de\/wp-json\/wp\/v2\/users\/1\/"}],"replies":[{"embeddable":true,"href":"https:\/\/www.kilians.com\/de\/wp-json\/wp\/v2\/comments\/?post=4992"}],"version-history":[{"count":0,"href":"https:\/\/www.kilians.com\/de\/wp-json\/wp\/v2\/pages\/4992\/revisions\/"}],"up":[{"embeddable":true,"href":"https:\/\/www.kilians.com\/de\/wp-json\/wp\/v2\/pages\/4956\/"}],"wp:attachment":[{"href":"https:\/\/www.kilians.com\/de\/wp-json\/wp\/v2\/media\/?parent=4992"}],"curies":[{"name":"wp","href":"https:\/\/api.w.org\/{rel}","templated":true}]}}