{"id":5527,"date":"2012-09-10T18:46:30","date_gmt":"2012-09-10T18:46:30","guid":{"rendered":"http:\/\/kilians.wpengine.com\/?page_id=5527"},"modified":"2012-10-16T09:02:12","modified_gmt":"2012-10-16T09:02:12","slug":"lego-league","status":"publish","type":"page","link":"https:\/\/www.kilians.com\/de\/kindergarten-und-grundschule\/veranstaltungen-und-aktivitaten\/lego-league\/","title":{"rendered":"Lego League"},"content":{"rendered":"<p>Die First LEGO League (FLL) ist eine Herausforderung mit Wettbewerbscharakter f\u00fcr Jugendliche, die Interesse an realit\u00e4tsnahen Problemen wecken und gleichzeitig Schl\u00fcsselqualifikationen im Hinblick auf zuk\u00fcnftige Berufe entwickeln soll. Dabei werden \u00fcber den Lehrplan hinaus unterschiedliche F\u00e4higkeiten und F\u00e4cher gef\u00f6rdert: Programmieren, Design, Technik, Mathematik, Forschung betreiben, strategisches Denken, Pr\u00e4sentationen vor anderen \u00fcben, und nicht zuletzt zusammen mit anderen zu arbeiten um ein vorgegebenes Ziel zu erreichen.<\/p>\n<p>Mannschaften mit bis zu 10 Jugendlichen zwischen 9 und 16 Jahren arbeiten au\u00dferhalb oder innerhalb des Schulunterrichts bzw. als Teil einer gr\u00f6\u00dferen Gruppe an der gestellten Aufgabe. Gruppen aus Irland oder Gro\u00dfbritannien, die daran teilnehmen, haben von September 2012 an 8 bis 10 Wochen Zeit, sich auf eine der regionalen Veranstaltungen vorzubereiten. N\u00e4heres finden Sie unter <a href=\"http:\/\/www.science.ie\">www.science.ie<\/a>.<\/p>\n","protected":false},"excerpt":{"rendered":"<p>Die First LEGO League (FLL) ist eine Herausforderung mit Wettbewerbscharakter f\u00fcr Jugendliche, die Interesse an realit\u00e4tsnahen Problemen wecken und gleichzeitig Schl\u00fcsselqualifikationen im Hinblick auf zuk\u00fcnftige&#8230; <a class=\"find-out-more-link\" href=\"https:\/\/www.kilians.com\/de\/kindergarten-und-grundschule\/veranstaltungen-und-aktivitaten\/lego-league\/\">Weiterlesen<\/a> <\/p>\n","protected":false},"author":1,"featured_media":0,"parent":4956,"menu_order":0,"comment_status":"closed","ping_status":"closed","template":"","meta":{"footnotes":""},"class_list":{"0":"post-5527","1":"page","2":"type-page","3":"status-publish","5":"entry"},"yoast_head":"<!-- This site is optimized with the Yoast SEO plugin v17.2.1 - https:\/\/yoast.com\/wordpress\/plugins\/seo\/ -->\n<meta name=\"robots\" content=\"index, follow, max-snippet:-1, max-image-preview:large, max-video-preview:-1\" \/>\n<link rel=\"canonical\" href=\"https:\/\/www.kilians.com\/de\/kindergarten-und-grundschule\/veranstaltungen-und-aktivitaten\/lego-league\/\" \/>\n<meta property=\"og:locale\" content=\"de_DE\" \/>\n<meta property=\"og:type\" content=\"article\" \/>\n<meta property=\"og:title\" content=\"Lego League - St. Kilian&#039;s German School, Dublin\" \/>\n<meta property=\"og:description\" content=\"Die First LEGO League (FLL) ist eine Herausforderung mit Wettbewerbscharakter f\u00fcr Jugendliche, die Interesse an realit\u00e4tsnahen Problemen wecken und gleichzeitig Schl\u00fcsselqualifikationen im Hinblick auf zuk\u00fcnftige... Weiterlesen\" \/>\n<meta property=\"og:url\" content=\"https:\/\/www.kilians.com\/de\/kindergarten-und-grundschule\/veranstaltungen-und-aktivitaten\/lego-league\/\" \/>\n<meta property=\"og:site_name\" content=\"St. Kilian&#039;s German School, Dublin\" \/>\n<meta property=\"article:modified_time\" content=\"2012-10-16T09:02:12+00:00\" \/>\n<meta name=\"twitter:card\" content=\"summary\" \/>\n<meta name=\"twitter:label1\" content=\"Gesch\u00e4tzte Lesezeit\" \/>\n\t<meta name=\"twitter:data1\" content=\"1 minute\" \/>\n<script type=\"application\/ld+json\" class=\"yoast-schema-graph\">{\"@context\":\"https:\/\/schema.org\",\"@graph\":[{\"@type\":\"Organization\",\"@id\":\"https:\/\/www.kilians.com\/#organization\",\"name\":\"St. Kilian's\",\"url\":\"https:\/\/www.kilians.com\/\",\"sameAs\":[],\"logo\":{\"@type\":\"ImageObject\",\"@id\":\"https:\/\/www.kilians.com\/#logo\",\"inLanguage\":\"de-DE\",\"url\":\"https:\/\/www.kilians.com\/wp-content\/uploads\/2017\/02\/StKilians_MasterLogo_Colour-1.png\",\"contentUrl\":\"https:\/\/www.kilians.com\/wp-content\/uploads\/2017\/02\/StKilians_MasterLogo_Colour-1.png\",\"width\":768,\"height\":1240,\"caption\":\"St. Kilian's\"},\"image\":{\"@id\":\"https:\/\/www.kilians.com\/#logo\"}},{\"@type\":\"WebSite\",\"@id\":\"https:\/\/www.kilians.com\/#website\",\"url\":\"https:\/\/www.kilians.com\/\",\"name\":\"St. Kilian&#039;s German School, Dublin\",\"description\":\"\",\"publisher\":{\"@id\":\"https:\/\/www.kilians.com\/#organization\"},\"potentialAction\":[{\"@type\":\"SearchAction\",\"target\":{\"@type\":\"EntryPoint\",\"urlTemplate\":\"https:\/\/www.kilians.com\/?s={search_term_string}\"},\"query-input\":\"required name=search_term_string\"}],\"inLanguage\":\"de-DE\"},{\"@type\":\"WebPage\",\"@id\":\"https:\/\/www.kilians.com\/de\/kindergarten-und-grundschule\/veranstaltungen-und-aktivitaten\/lego-league\/#webpage\",\"url\":\"https:\/\/www.kilians.com\/de\/kindergarten-und-grundschule\/veranstaltungen-und-aktivitaten\/lego-league\/\",\"name\":\"Lego League - St. Kilian&#039;s German School, Dublin\",\"isPartOf\":{\"@id\":\"https:\/\/www.kilians.com\/#website\"},\"datePublished\":\"2012-09-10T18:46:30+00:00\",\"dateModified\":\"2012-10-16T09:02:12+00:00\",\"breadcrumb\":{\"@id\":\"https:\/\/www.kilians.com\/de\/kindergarten-und-grundschule\/veranstaltungen-und-aktivitaten\/lego-league\/#breadcrumb\"},\"inLanguage\":\"de-DE\",\"potentialAction\":[{\"@type\":\"ReadAction\",\"target\":[\"https:\/\/www.kilians.com\/de\/kindergarten-und-grundschule\/veranstaltungen-und-aktivitaten\/lego-league\/\"]}]},{\"@type\":\"BreadcrumbList\",\"@id\":\"https:\/\/www.kilians.com\/de\/kindergarten-und-grundschule\/veranstaltungen-und-aktivitaten\/lego-league\/#breadcrumb\",\"itemListElement\":[{\"@type\":\"ListItem\",\"position\":1,\"name\":\"Home\",\"item\":\"https:\/\/www.kilians.com\/de\/\"},{\"@type\":\"ListItem\",\"position\":2,\"name\":\"Grundschule und Kindergarten\",\"item\":\"https:\/\/www.kilians.com\/de\/kindergarten-und-grundschule\/\"},{\"@type\":\"ListItem\",\"position\":3,\"name\":\"Veranstaltungen und Aktivit\\u00e4ten\",\"item\":\"https:\/\/www.kilians.com\/de\/kindergarten-und-grundschule\/veranstaltungen-und-aktivitaten\/\"},{\"@type\":\"ListItem\",\"position\":4,\"name\":\"Lego League\"}]}]}<\/script>\n<!-- \/ Yoast SEO plugin. -->","yoast_head_json":{"robots":{"index":"index","follow":"follow","max-snippet":"max-snippet:-1","max-image-preview":"max-image-preview:large","max-video-preview":"max-video-preview:-1"},"canonical":"https:\/\/www.kilians.com\/de\/kindergarten-und-grundschule\/veranstaltungen-und-aktivitaten\/lego-league\/","og_locale":"de_DE","og_type":"article","og_title":"Lego League - St. Kilian&#039;s German School, Dublin","og_description":"Die First LEGO League (FLL) ist eine Herausforderung mit Wettbewerbscharakter f\u00fcr Jugendliche, die Interesse an realit\u00e4tsnahen Problemen wecken und gleichzeitig Schl\u00fcsselqualifikationen im Hinblick auf zuk\u00fcnftige... Weiterlesen","og_url":"https:\/\/www.kilians.com\/de\/kindergarten-und-grundschule\/veranstaltungen-und-aktivitaten\/lego-league\/","og_site_name":"St. Kilian&#039;s German School, Dublin","article_modified_time":"2012-10-16T09:02:12+00:00","twitter_card":"summary","twitter_misc":{"Gesch\u00e4tzte Lesezeit":"1 minute"},"schema":{"@context":"https:\/\/schema.org","@graph":[{"@type":"Organization","@id":"https:\/\/www.kilians.com\/#organization","name":"St. Kilian's","url":"https:\/\/www.kilians.com\/","sameAs":[],"logo":{"@type":"ImageObject","@id":"https:\/\/www.kilians.com\/#logo","inLanguage":"de-DE","url":"https:\/\/www.kilians.com\/wp-content\/uploads\/2017\/02\/StKilians_MasterLogo_Colour-1.png","contentUrl":"https:\/\/www.kilians.com\/wp-content\/uploads\/2017\/02\/StKilians_MasterLogo_Colour-1.png","width":768,"height":1240,"caption":"St. Kilian's"},"image":{"@id":"https:\/\/www.kilians.com\/#logo"}},{"@type":"WebSite","@id":"https:\/\/www.kilians.com\/#website","url":"https:\/\/www.kilians.com\/","name":"St. Kilian&#039;s German School, Dublin","description":"","publisher":{"@id":"https:\/\/www.kilians.com\/#organization"},"potentialAction":[{"@type":"SearchAction","target":{"@type":"EntryPoint","urlTemplate":"https:\/\/www.kilians.com\/?s={search_term_string}"},"query-input":"required name=search_term_string"}],"inLanguage":"de-DE"},{"@type":"WebPage","@id":"https:\/\/www.kilians.com\/de\/kindergarten-und-grundschule\/veranstaltungen-und-aktivitaten\/lego-league\/#webpage","url":"https:\/\/www.kilians.com\/de\/kindergarten-und-grundschule\/veranstaltungen-und-aktivitaten\/lego-league\/","name":"Lego League - St. Kilian&#039;s German School, Dublin","isPartOf":{"@id":"https:\/\/www.kilians.com\/#website"},"datePublished":"2012-09-10T18:46:30+00:00","dateModified":"2012-10-16T09:02:12+00:00","breadcrumb":{"@id":"https:\/\/www.kilians.com\/de\/kindergarten-und-grundschule\/veranstaltungen-und-aktivitaten\/lego-league\/#breadcrumb"},"inLanguage":"de-DE","potentialAction":[{"@type":"ReadAction","target":["https:\/\/www.kilians.com\/de\/kindergarten-und-grundschule\/veranstaltungen-und-aktivitaten\/lego-league\/"]}]},{"@type":"BreadcrumbList","@id":"https:\/\/www.kilians.com\/de\/kindergarten-und-grundschule\/veranstaltungen-und-aktivitaten\/lego-league\/#breadcrumb","itemListElement":[{"@type":"ListItem","position":1,"name":"Home","item":"https:\/\/www.kilians.com\/de\/"},{"@type":"ListItem","position":2,"name":"Grundschule und Kindergarten","item":"https:\/\/www.kilians.com\/de\/kindergarten-und-grundschule\/"},{"@type":"ListItem","position":3,"name":"Veranstaltungen und Aktivit\u00e4ten","item":"https:\/\/www.kilians.com\/de\/kindergarten-und-grundschule\/veranstaltungen-und-aktivitaten\/"},{"@type":"ListItem","position":4,"name":"Lego League"}]}]}},"_links":{"self":[{"href":"https:\/\/www.kilians.com\/de\/wp-json\/wp\/v2\/pages\/5527\/"}],"collection":[{"href":"https:\/\/www.kilians.com\/de\/wp-json\/wp\/v2\/pages\/"}],"about":[{"href":"https:\/\/www.kilians.com\/de\/wp-json\/wp\/v2\/types\/page\/"}],"author":[{"embeddable":true,"href":"https:\/\/www.kilians.com\/de\/wp-json\/wp\/v2\/users\/1\/"}],"replies":[{"embeddable":true,"href":"https:\/\/www.kilians.com\/de\/wp-json\/wp\/v2\/comments\/?post=5527"}],"version-history":[{"count":0,"href":"https:\/\/www.kilians.com\/de\/wp-json\/wp\/v2\/pages\/5527\/revisions\/"}],"up":[{"embeddable":true,"href":"https:\/\/www.kilians.com\/de\/wp-json\/wp\/v2\/pages\/4956\/"}],"wp:attachment":[{"href":"https:\/\/www.kilians.com\/de\/wp-json\/wp\/v2\/media\/?parent=5527"}],"curies":[{"name":"wp","href":"https:\/\/api.w.org\/{rel}","templated":true}]}}