{"id":5753,"date":"2012-09-20T12:25:34","date_gmt":"2012-09-20T12:25:34","guid":{"rendered":"http:\/\/kilians.wpengine.com\/?page_id=5753"},"modified":"2012-09-20T12:28:23","modified_gmt":"2012-09-20T12:28:23","slug":"buchaltung","status":"publish","type":"page","link":"https:\/\/www.kilians.com\/de\/sekundaer\/fachbereiche\/buchaltung\/","title":{"rendered":"Buchaltung"},"content":{"rendered":"<p>Buchhaltung ist eines der beiden Wirtschaftsf\u00e4cher, die angeboten werden. Es werden keinerlei Vorkenntnisse vorausgesetzt. Buchhaltung ist ein praktisches Fach und ist am besten f\u00fcr Sch\u00fcler geeignet, die durch <em>Learning By Doing<\/em> lernen. Eine gewisse Begabung f\u00fcr Mathematik ist erforderlich, Mathematik muss jedoch nicht als Leistungsfach belegt werden. Die Sch\u00fcler, die Buchhaltung belegen, haben im Vergleich zu anderen einen Vorteil, wenn sie an der Universit\u00e4t ein Fach aus dem Bereich Wirtschaft studieren wollen.<\/p>\n<p>Als Fach f\u00f6rdert Buchhaltung die pers\u00f6nliche Entwicklung des Einzelnen:<\/p>\n<ul>\n<li>Die Fertigkeiten f\u00fcr Probleml\u00f6sung und Rechnen werden entwickelt, ebenso das Bewusstsein, welche Konsequenzen Fehler haben k\u00f6nnen.<\/li>\n<li>Das gilt auch f\u00fcr Fertigkeiten im Bereich des Zahlengebrauchs f\u00fcr wirtschaftliche Kommunikation, Analyse und Entscheidungen.<\/li>\n<li>Es ist ein Wahlfach f\u00fcr Sch\u00fcler, die numerisch begabt sind.<\/li>\n<li>Es f\u00f6rdert die geistige Disziplin, Konzentration und kritisches Denken, logische Einteilung und ordentliche Darstellung.<\/li>\n<li>Der Arbeitsverlauf in Buchhaltung wird mit Computer-Technologie verkn\u00fcpft.<\/li>\n<li>Es f\u00f6rdert das Konzept der Rechenschaftspflicht.<\/li>\n<li>Es f\u00f6rdert ebenfalls eine positive Haltung im Bezug auf moralisches Verhalten, Gewinnstreben, Unternehmergeist und technische Entwicklungen und Neueinf\u00fchrungen.<\/li>\n<\/ul>\n<p>&nbsp;<\/p>\n<p>Daraus folgt, dass Buchhaltung auch f\u00fcr die Entwicklung der Person von Vorteil sein kann; ob sie nun direkt nach der Schule ins Arbeitsleben eintreten oder die Universit\u00e4t besuchen und in freiwilligen Organisationen mitarbeiten wollen. I<\/p>\n<p>nsgesamt hilft das Fach Buchhaltung des Sch\u00fclern dabei, gute Arbeitsgewohnheiten aufzubauen, Effizienz, Verantwortungsbewusstsein, das Gef\u00fchl eine Arbeit gut erledigt zu haben und damit auch ein wachsendes Selbstbewusstsein.<\/p>\n<p>&nbsp;<\/p>\n<p>&nbsp;<\/p>\n<p>&nbsp;<\/p>\n<p>&nbsp;<\/p>\n<p>&nbsp;<\/p>\n<p>&nbsp;<\/p>\n<p>&nbsp;<\/p>\n<p>&nbsp;<\/p>\n","protected":false},"excerpt":{"rendered":"<p>Buchhaltung ist eines der beiden Wirtschaftsf\u00e4cher, die angeboten werden. Es werden keinerlei Vorkenntnisse vorausgesetzt. Buchhaltung ist ein praktisches Fach und ist am besten f\u00fcr Sch\u00fcler&#8230; <a class=\"find-out-more-link\" href=\"https:\/\/www.kilians.com\/de\/sekundaer\/fachbereiche\/buchaltung\/\">Weiterlesen<\/a> <\/p>\n","protected":false},"author":1,"featured_media":0,"parent":2253,"menu_order":9,"comment_status":"closed","ping_status":"closed","template":"","meta":{"footnotes":""},"class_list":{"0":"post-5753","1":"page","2":"type-page","3":"status-publish","5":"entry"},"yoast_head":"<!-- This site is optimized with the Yoast SEO plugin v17.2.1 - https:\/\/yoast.com\/wordpress\/plugins\/seo\/ -->\n<meta name=\"robots\" content=\"index, follow, max-snippet:-1, max-image-preview:large, max-video-preview:-1\" \/>\n<link rel=\"canonical\" href=\"https:\/\/www.kilians.com\/de\/sekundaer\/fachbereiche\/buchaltung\/\" \/>\n<meta property=\"og:locale\" content=\"de_DE\" \/>\n<meta property=\"og:type\" content=\"article\" \/>\n<meta property=\"og:title\" content=\"Buchaltung - St. Kilian&#039;s German School, Dublin\" \/>\n<meta property=\"og:description\" content=\"Buchhaltung ist eines der beiden Wirtschaftsf\u00e4cher, die angeboten werden. Es werden keinerlei Vorkenntnisse vorausgesetzt. Buchhaltung ist ein praktisches Fach und ist am besten f\u00fcr Sch\u00fcler... Weiterlesen\" \/>\n<meta property=\"og:url\" content=\"https:\/\/www.kilians.com\/de\/sekundaer\/fachbereiche\/buchaltung\/\" \/>\n<meta property=\"og:site_name\" content=\"St. Kilian&#039;s German School, Dublin\" \/>\n<meta property=\"article:modified_time\" content=\"2012-09-20T12:28:23+00:00\" \/>\n<meta name=\"twitter:card\" content=\"summary\" \/>\n<meta name=\"twitter:label1\" content=\"Gesch\u00e4tzte Lesezeit\" \/>\n\t<meta name=\"twitter:data1\" content=\"1 minute\" \/>\n<script type=\"application\/ld+json\" class=\"yoast-schema-graph\">{\"@context\":\"https:\/\/schema.org\",\"@graph\":[{\"@type\":\"Organization\",\"@id\":\"https:\/\/www.kilians.com\/#organization\",\"name\":\"St. Kilian's\",\"url\":\"https:\/\/www.kilians.com\/\",\"sameAs\":[],\"logo\":{\"@type\":\"ImageObject\",\"@id\":\"https:\/\/www.kilians.com\/#logo\",\"inLanguage\":\"de-DE\",\"url\":\"https:\/\/www.kilians.com\/wp-content\/uploads\/2017\/02\/StKilians_MasterLogo_Colour-1.png\",\"contentUrl\":\"https:\/\/www.kilians.com\/wp-content\/uploads\/2017\/02\/StKilians_MasterLogo_Colour-1.png\",\"width\":768,\"height\":1240,\"caption\":\"St. Kilian's\"},\"image\":{\"@id\":\"https:\/\/www.kilians.com\/#logo\"}},{\"@type\":\"WebSite\",\"@id\":\"https:\/\/www.kilians.com\/#website\",\"url\":\"https:\/\/www.kilians.com\/\",\"name\":\"St. Kilian&#039;s German School, Dublin\",\"description\":\"\",\"publisher\":{\"@id\":\"https:\/\/www.kilians.com\/#organization\"},\"potentialAction\":[{\"@type\":\"SearchAction\",\"target\":{\"@type\":\"EntryPoint\",\"urlTemplate\":\"https:\/\/www.kilians.com\/?s={search_term_string}\"},\"query-input\":\"required name=search_term_string\"}],\"inLanguage\":\"de-DE\"},{\"@type\":\"WebPage\",\"@id\":\"https:\/\/www.kilians.com\/de\/sekundaer\/fachbereiche\/buchaltung\/#webpage\",\"url\":\"https:\/\/www.kilians.com\/de\/sekundaer\/fachbereiche\/buchaltung\/\",\"name\":\"Buchaltung - St. Kilian&#039;s German School, Dublin\",\"isPartOf\":{\"@id\":\"https:\/\/www.kilians.com\/#website\"},\"datePublished\":\"2012-09-20T12:25:34+00:00\",\"dateModified\":\"2012-09-20T12:28:23+00:00\",\"breadcrumb\":{\"@id\":\"https:\/\/www.kilians.com\/de\/sekundaer\/fachbereiche\/buchaltung\/#breadcrumb\"},\"inLanguage\":\"de-DE\",\"potentialAction\":[{\"@type\":\"ReadAction\",\"target\":[\"https:\/\/www.kilians.com\/de\/sekundaer\/fachbereiche\/buchaltung\/\"]}]},{\"@type\":\"BreadcrumbList\",\"@id\":\"https:\/\/www.kilians.com\/de\/sekundaer\/fachbereiche\/buchaltung\/#breadcrumb\",\"itemListElement\":[{\"@type\":\"ListItem\",\"position\":1,\"name\":\"Home\",\"item\":\"https:\/\/www.kilians.com\/de\/\"},{\"@type\":\"ListItem\",\"position\":2,\"name\":\"Sekundarschule\",\"item\":\"https:\/\/www.kilians.com\/de\/sekundaer\/\"},{\"@type\":\"ListItem\",\"position\":3,\"name\":\"Fachbereiche\",\"item\":\"https:\/\/www.kilians.com\/de\/sekundaer\/fachbereiche\/\"},{\"@type\":\"ListItem\",\"position\":4,\"name\":\"Buchaltung\"}]}]}<\/script>\n<!-- \/ Yoast SEO plugin. -->","yoast_head_json":{"robots":{"index":"index","follow":"follow","max-snippet":"max-snippet:-1","max-image-preview":"max-image-preview:large","max-video-preview":"max-video-preview:-1"},"canonical":"https:\/\/www.kilians.com\/de\/sekundaer\/fachbereiche\/buchaltung\/","og_locale":"de_DE","og_type":"article","og_title":"Buchaltung - St. Kilian&#039;s German School, Dublin","og_description":"Buchhaltung ist eines der beiden Wirtschaftsf\u00e4cher, die angeboten werden. Es werden keinerlei Vorkenntnisse vorausgesetzt. Buchhaltung ist ein praktisches Fach und ist am besten f\u00fcr Sch\u00fcler... Weiterlesen","og_url":"https:\/\/www.kilians.com\/de\/sekundaer\/fachbereiche\/buchaltung\/","og_site_name":"St. Kilian&#039;s German School, Dublin","article_modified_time":"2012-09-20T12:28:23+00:00","twitter_card":"summary","twitter_misc":{"Gesch\u00e4tzte Lesezeit":"1 minute"},"schema":{"@context":"https:\/\/schema.org","@graph":[{"@type":"Organization","@id":"https:\/\/www.kilians.com\/#organization","name":"St. Kilian's","url":"https:\/\/www.kilians.com\/","sameAs":[],"logo":{"@type":"ImageObject","@id":"https:\/\/www.kilians.com\/#logo","inLanguage":"de-DE","url":"https:\/\/www.kilians.com\/wp-content\/uploads\/2017\/02\/StKilians_MasterLogo_Colour-1.png","contentUrl":"https:\/\/www.kilians.com\/wp-content\/uploads\/2017\/02\/StKilians_MasterLogo_Colour-1.png","width":768,"height":1240,"caption":"St. Kilian's"},"image":{"@id":"https:\/\/www.kilians.com\/#logo"}},{"@type":"WebSite","@id":"https:\/\/www.kilians.com\/#website","url":"https:\/\/www.kilians.com\/","name":"St. Kilian&#039;s German School, Dublin","description":"","publisher":{"@id":"https:\/\/www.kilians.com\/#organization"},"potentialAction":[{"@type":"SearchAction","target":{"@type":"EntryPoint","urlTemplate":"https:\/\/www.kilians.com\/?s={search_term_string}"},"query-input":"required name=search_term_string"}],"inLanguage":"de-DE"},{"@type":"WebPage","@id":"https:\/\/www.kilians.com\/de\/sekundaer\/fachbereiche\/buchaltung\/#webpage","url":"https:\/\/www.kilians.com\/de\/sekundaer\/fachbereiche\/buchaltung\/","name":"Buchaltung - St. Kilian&#039;s German School, Dublin","isPartOf":{"@id":"https:\/\/www.kilians.com\/#website"},"datePublished":"2012-09-20T12:25:34+00:00","dateModified":"2012-09-20T12:28:23+00:00","breadcrumb":{"@id":"https:\/\/www.kilians.com\/de\/sekundaer\/fachbereiche\/buchaltung\/#breadcrumb"},"inLanguage":"de-DE","potentialAction":[{"@type":"ReadAction","target":["https:\/\/www.kilians.com\/de\/sekundaer\/fachbereiche\/buchaltung\/"]}]},{"@type":"BreadcrumbList","@id":"https:\/\/www.kilians.com\/de\/sekundaer\/fachbereiche\/buchaltung\/#breadcrumb","itemListElement":[{"@type":"ListItem","position":1,"name":"Home","item":"https:\/\/www.kilians.com\/de\/"},{"@type":"ListItem","position":2,"name":"Sekundarschule","item":"https:\/\/www.kilians.com\/de\/sekundaer\/"},{"@type":"ListItem","position":3,"name":"Fachbereiche","item":"https:\/\/www.kilians.com\/de\/sekundaer\/fachbereiche\/"},{"@type":"ListItem","position":4,"name":"Buchaltung"}]}]}},"_links":{"self":[{"href":"https:\/\/www.kilians.com\/de\/wp-json\/wp\/v2\/pages\/5753\/"}],"collection":[{"href":"https:\/\/www.kilians.com\/de\/wp-json\/wp\/v2\/pages\/"}],"about":[{"href":"https:\/\/www.kilians.com\/de\/wp-json\/wp\/v2\/types\/page\/"}],"author":[{"embeddable":true,"href":"https:\/\/www.kilians.com\/de\/wp-json\/wp\/v2\/users\/1\/"}],"replies":[{"embeddable":true,"href":"https:\/\/www.kilians.com\/de\/wp-json\/wp\/v2\/comments\/?post=5753"}],"version-history":[{"count":0,"href":"https:\/\/www.kilians.com\/de\/wp-json\/wp\/v2\/pages\/5753\/revisions\/"}],"up":[{"embeddable":true,"href":"https:\/\/www.kilians.com\/de\/wp-json\/wp\/v2\/pages\/2253\/"}],"wp:attachment":[{"href":"https:\/\/www.kilians.com\/de\/wp-json\/wp\/v2\/media\/?parent=5753"}],"curies":[{"name":"wp","href":"https:\/\/api.w.org\/{rel}","templated":true}]}}